{"id":41499,"date":"2024-01-25T10:01:57","date_gmt":"2024-01-25T09:01:57","guid":{"rendered":"https:\/\/www.pontedeume.gal\/?page_id=41499"},"modified":"2026-04-29T13:59:54","modified_gmt":"2026-04-29T11:59:54","slug":"nextgeneration","status":"publish","type":"page","link":"https:\/\/www.pontedeume.gal\/es\/nextgeneration\/","title":{"rendered":"Informaci\u00f3n sobre las actuaciones realizadas por el Ayuntamiento de Pontedeume con cargo a los fondos del Plan de Recuperaci\u00f3n, Transformaci\u00f3n y Resiliencia"},"content":{"rendered":"<div id=\"cmsmasters_row_zvy67a2bb\" class=\"cmsmasters_row cmsmasters_color_scheme_default cmsmasters_row_top_default cmsmasters_row_bot_default cmsmasters_row_boxed\">\n<div class=\"cmsmasters_row_outer_parent\">\n<div class=\"cmsmasters_row_outer\">\n<div class=\"cmsmasters_row_inner\">\n<div class=\"cmsmasters_row_margin\">\n<div id=\"cmsmasters_column_76o2yutkp\" class=\"cmsmasters_column one_first\">\n<div class=\"cmsmasters_column_inner\"><div class=\"cmsmasters_img  cmsmasters_image_n\"><img decoding=\"async\" src=\"https:\/\/www.pontedeume.gal\/wp-content\/uploads\/2024\/01\/logo.jpg\" \/><\/div>\n<\/div><\/div>\n<\/div>\n<\/div>\n<\/div>\n<\/div>\n<\/div>\n<div id=\"cmsmasters_row_ppb4wq3bfs\" class=\"cmsmasters_row cmsmasters_color_scheme_default cmsmasters_row_top_default cmsmasters_row_bot_default cmsmasters_row_boxed\">\n<div class=\"cmsmasters_row_outer_parent\">\n<div class=\"cmsmasters_row_outer\">\n<div class=\"cmsmasters_row_inner\">\n<div class=\"cmsmasters_row_margin\">\n<div id=\"cmsmasters_column_9e6t6e3x3k\" class=\"cmsmasters_column one_first\">\n<div class=\"cmsmasters_column_inner\"><div id=\"cmsmasters_heading_zmq2l2wu7\" class=\"cmsmasters_heading_wrap cmsmasters_heading_align_left\">\n\t<h2 class=\"cmsmasters_heading\">Expediente: 2023\/C003\/000001.- Contrato para ejecuci\u00f3n de las actuaciones contenidas en el proyecto \u00abSe\u00f1alizaci\u00f3n y mejora de rutas de senderismo y ciclismo de monta\u00f1a en el entorno de la Ermita de Breamo en Pontedeume\u00bb<\/h2>\n<\/div><div class=\"cmsmasters_text\">\n<p>Proyecto financiado con cargo a la convocatoria de ayudas para la realizaci\u00f3n de acciones destinadas a la promoci\u00f3n de estilos de vida saludable a trav\u00e9s de la creaci\u00f3n o rehabilitaci\u00f3n de entornos saludables financiada por la Uni\u00f3n Europea-Nextgeneration, Plan de Recuperaci\u00f3n, Transformaci\u00f3n y Resiliencia, Ministerio de Sanidad, Gobierno de Espa\u00f1a (C18.i2)<\/p>\n<p class=\"m_3327945985428783315MsoListParagraph\"><span class=\"m_3327945985428783315contentpasted1\"><b>Expediente RECS.FEMP: 332.<\/b><\/span><\/p>\n<p class=\"m_3327945985428783315MsoListParagraph\">Enlace a la <a href=\"https:\/\/recs.es\/wp-content\/uploads\/2022\/11\/Resolucion_Definitiva-17.11.2022.pdf\">resoluci\u00f3n definitiva<\/a>.<\/p>\n<p>Inversi\u00f3n proyecto: 39.813,24<br \/>\nPorcentaje financiaci\u00f3n: 100 %<br \/>\nImporte de adjudicaci\u00f3n: 34.637,51 \u20ac<\/p>\n<p>Enlace a la <a href=\"https:\/\/contrataciondelestado.es\/wps\/poc?uri=deeplink:detalle_licitacion&amp;idEvl=%2FlT2n%2F6gwoOKeVWTb9Scog%3D%3D\">Plataforma de Contrataci\u00f3n del Estado<\/a><br \/>\nEnlace a los <a href=\"https:\/\/planderecuperacion.gob.es\/\" target=\"_blank\" rel=\"noopener\">Fondos Next Generation EU<\/a><\/p>\n<\/div>\n<\/div><\/div>\n<\/div>\n<\/div>\n<\/div>\n<\/div>\n<\/div>\n<div id=\"cmsmasters_row_u484etvebo\" class=\"cmsmasters_row cmsmasters_color_scheme_default cmsmasters_row_top_default cmsmasters_row_bot_default cmsmasters_row_boxed\">\n<div class=\"cmsmasters_row_outer_parent\">\n<div class=\"cmsmasters_row_outer\">\n<div class=\"cmsmasters_row_inner\">\n<div class=\"cmsmasters_row_margin\">\n<div id=\"cmsmasters_column_x9ni63wlhg\" class=\"cmsmasters_column one_first\">\n<div class=\"cmsmasters_column_inner\"><div id=\"cmsmasters_heading_8pun1vh77\" class=\"cmsmasters_heading_wrap cmsmasters_heading_align_left\">\n\t<h2 class=\"cmsmasters_heading\">Expediente: 2023\/C003\/000003.- Contrato para ejecuci\u00f3n de las actuaciones de la obra \u201cAparcamiento del CEIP de Andrade Pontedeume\u201d<\/h2>\n<\/div><div class=\"cmsmasters_text\">\n<p>Projecto financiado con cargo a la convocatoria de ayudas para la realizaci\u00f3n de acciones destinadas a la promoci\u00f3n de estilos de vida saludable a trav\u00e9s de la creaci\u00f3n o rehabilitaci\u00f3n de entornos saludables financiada por la Uni\u00f3n Europea-Nextgeneration, Plan de Recuperaci\u00f3n, Transformaci\u00f3n y Resiliencia, Ministerio de Sanidad, Gobierno de Espa\u00f1a (C18.i2)<\/p>\n<p><strong>Expediente RECS.FEMP: 295.<\/strong><br \/>\nEnlace a la <a href=\"https:\/\/recs.es\/wp-content\/uploads\/2022\/11\/Resolucion_Definitiva-17.11.2022.pdf\">resoluci\u00f3n definitiva<\/a>.<\/p>\n<p>Inversi\u00f3n proyecto: 29.223,73 \u20ac<br \/>\nPorcentaje financiaci\u00f3n: 100 %<br \/>\nImporte de adjudicaci\u00f3n: 28.423,73 \u20ac<\/p>\n<p>Enlace a la<a href=\"https:\/\/contrataciondelestado.es\/wps\/poc?uri=deeplink:detalle_licitacion&amp;idEvl=TKS8ZhaCJ6EeC9GJQOEBkQ%3D%3D\"> Plataforma de Contrataci\u00f3n del Estado<\/a><br \/>\nEnlace a los <a href=\"https:\/\/planderecuperacion.gob.es\/\">Fondos Next Generation UE<\/a><\/p>\n<\/div>\n<\/div><\/div>\n<\/div>\n<\/div>\n<\/div>\n<\/div>\n<\/div>\n<div id=\"cmsmasters_row_pagn335ip\" class=\"cmsmasters_row cmsmasters_color_scheme_default cmsmasters_row_top_default cmsmasters_row_bot_default cmsmasters_row_boxed\">\n<div class=\"cmsmasters_row_outer_parent\">\n<div class=\"cmsmasters_row_outer\">\n<div class=\"cmsmasters_row_inner\">\n<div class=\"cmsmasters_row_margin\">\n<div id=\"cmsmasters_column_b8w6nvziq2\" class=\"cmsmasters_column one_first\">\n<div class=\"cmsmasters_column_inner\"><div id=\"cmsmasters_heading_xb1cz9l1hh\" class=\"cmsmasters_heading_wrap cmsmasters_heading_align_left\">\n\t<h2 class=\"cmsmasters_heading\">Expediente: 2025\/C005\/000003.- CONTRATO PARA A \u00abMELLORA DA DIXITALIZACI\u00d3N DA REDE DE ABASTECEMENTO\u00bb, actuaci\u00f3n cofinanciada pola pola Xunta de Galicia, ao abeiro das subvenci\u00f3ns, en r\u00e9xime de concorrencia non competitiva, para a execuci\u00f3n de actuaci\u00f3ns para minimizar as perdas de auga en concellos da Comunidade Aut\u00f3noma de Galicia no marco do Plan de recuperaci\u00f3n, transformaci\u00f3n e resiliencia, financiado pola Uni\u00f3n Europea-NextGenerationEU (c\u00f3digo de procedemento AU301E).<\/h2>\n<\/div><div class=\"cmsmasters_text\">\n<p>Proxecto financiado con cargo ao convocatoria de axudas para a concesi\u00f3n de subvenci\u00f3ns, en r\u00e9xime de concorrencia non competitiva, para a execuci\u00f3n de actuaci\u00f3ns para minimizar as perdas de auga en concellos da Comunidade Aut\u00f3noma de Galicia no marco do Plan de recuperaci\u00f3n, transformaci\u00f3n e resiliencia, financiado pola Uni\u00f3n Europea-NextGenerationEU, e se procede \u00e1 s\u00faa convocatoria para o ano 2025 con car\u00e1cter plurianual (c\u00f3digo de procedemento AU301E).<\/p>\n<p><strong>Expediente 2025\/C005\/000003.<br \/>\n<\/strong><\/p>\n<p>Importe de subvenci\u00f3n concedida: 15.000\u20ac<br \/>\nInversi\u00f3n do proxecto: 18.150\u20ac<br \/>\nPorcentaxe financiaci\u00f3n: 100 %<br \/>\nImporte de adxudicaci\u00f3n: 17.545,00\u20ac<\/p>\n<\/div>\n<\/div><\/div>\n<\/div>\n<\/div>\n<\/div>\n<\/div>\n<\/div>\n\n","protected":false},"excerpt":{"rendered":"","protected":false},"author":1,"featured_media":0,"parent":0,"menu_order":0,"comment_status":"closed","ping_status":"closed","template":"","meta":{"inline_featured_image":false,"footnotes":""},"class_list":["post-41499","page","type-page","status-publish","hentry"],"yoast_head":"<!-- This site is optimized with the Yoast SEO plugin v26.2 - https:\/\/yoast.com\/wordpress\/plugins\/seo\/ -->\n<title>Informaci\u00f3n sobre las actuaciones realizadas por el Ayuntamiento de Pontedeume con cargo a los fondos del Plan de Recuperaci\u00f3n, Transformaci\u00f3n y Resiliencia | Concello de Pontedeume<\/title>\n<meta name=\"description\" content=\"Pol\u00edtica de protecci\u00f3n de datos no sitio do Concello de Pontedeume\" \/>\n<meta name=\"robots\" content=\"index, follow, max-snippet:-1, max-image-preview:large, max-video-preview:-1\" \/>\n<link rel=\"canonical\" href=\"https:\/\/www.pontedeume.gal\/es\/nextgeneration\/\" \/>\n<meta property=\"og:locale\" content=\"es_ES\" \/>\n<meta property=\"og:type\" content=\"article\" \/>\n<meta property=\"og:title\" content=\"Informaci\u00f3n sobre las actuaciones realizadas por el Ayuntamiento de Pontedeume con cargo a los fondos del Plan de Recuperaci\u00f3n, Transformaci\u00f3n y Resiliencia | Concello de Pontedeume\" \/>\n<meta property=\"og:description\" content=\"Pol\u00edtica de protecci\u00f3n de datos no sitio do Concello de Pontedeume\" \/>\n<meta property=\"og:url\" content=\"https:\/\/www.pontedeume.gal\/es\/nextgeneration\/\" \/>\n<meta property=\"og:site_name\" content=\"Concello de Pontedeume\" \/>\n<meta property=\"article:publisher\" content=\"https:\/\/www.facebook.com\/concellodepontedeume\/\" \/>\n<meta property=\"article:modified_time\" content=\"2026-04-29T11:59:54+00:00\" \/>\n<meta property=\"og:image\" content=\"https:\/\/www.pontedeume.gal\/wp-content\/uploads\/2021\/12\/logotipo.png\" \/>\n\t<meta property=\"og:image:width\" content=\"673\" \/>\n\t<meta property=\"og:image:height\" content=\"200\" \/>\n\t<meta property=\"og:image:type\" content=\"image\/png\" \/>\n<meta name=\"twitter:label1\" content=\"Tiempo de lectura\" \/>\n\t<meta name=\"twitter:data1\" content=\"2 minutos\" \/>\n<script type=\"application\/ld+json\" class=\"yoast-schema-graph\">{\"@context\":\"https:\/\/schema.org\",\"@graph\":[{\"@type\":\"WebPage\",\"@id\":\"https:\/\/www.pontedeume.gal\/es\/nextgeneration\/\",\"url\":\"https:\/\/www.pontedeume.gal\/es\/nextgeneration\/\",\"name\":\"Informaci\u00f3n sobre las actuaciones realizadas por el Ayuntamiento de Pontedeume con cargo a los fondos del Plan de Recuperaci\u00f3n, Transformaci\u00f3n y Resiliencia | Concello de Pontedeume\",\"isPartOf\":{\"@id\":\"https:\/\/www.pontedeume.gal\/es\/#website\"},\"datePublished\":\"2024-01-25T09:01:57+00:00\",\"dateModified\":\"2026-04-29T11:59:54+00:00\",\"description\":\"Pol\u00edtica de protecci\u00f3n de datos no sitio do Concello de Pontedeume\",\"breadcrumb\":{\"@id\":\"https:\/\/www.pontedeume.gal\/es\/nextgeneration\/#breadcrumb\"},\"inLanguage\":\"es\",\"potentialAction\":[{\"@type\":\"ReadAction\",\"target\":[\"https:\/\/www.pontedeume.gal\/es\/nextgeneration\/\"]}]},{\"@type\":\"BreadcrumbList\",\"@id\":\"https:\/\/www.pontedeume.gal\/es\/nextgeneration\/#breadcrumb\",\"itemListElement\":[{\"@type\":\"ListItem\",\"position\":1,\"name\":\"Home\",\"item\":\"https:\/\/www.pontedeume.gal\/es\/\"},{\"@type\":\"ListItem\",\"position\":2,\"name\":\"Informaci\u00f3n sobre las actuaciones realizadas por el Ayuntamiento de Pontedeume con cargo a los fondos del Plan de Recuperaci\u00f3n, Transformaci\u00f3n y Resiliencia\"}]},{\"@type\":\"WebSite\",\"@id\":\"https:\/\/www.pontedeume.gal\/es\/#website\",\"url\":\"https:\/\/www.pontedeume.gal\/es\/\",\"name\":\"Concello de Pontedeume\",\"description\":\"P\u00e1xina oficial do Concello de Pontedeume\",\"publisher\":{\"@id\":\"https:\/\/www.pontedeume.gal\/es\/#organization\"},\"potentialAction\":[{\"@type\":\"SearchAction\",\"target\":{\"@type\":\"EntryPoint\",\"urlTemplate\":\"https:\/\/www.pontedeume.gal\/es\/?s={search_term_string}\"},\"query-input\":{\"@type\":\"PropertyValueSpecification\",\"valueRequired\":true,\"valueName\":\"search_term_string\"}}],\"inLanguage\":\"es\"},{\"@type\":\"Organization\",\"@id\":\"https:\/\/www.pontedeume.gal\/es\/#organization\",\"name\":\"Concello de Pontedeume\",\"url\":\"https:\/\/www.pontedeume.gal\/es\/\",\"logo\":{\"@type\":\"ImageObject\",\"inLanguage\":\"es\",\"@id\":\"https:\/\/www.pontedeume.gal\/es\/#\/schema\/logo\/image\/\",\"url\":\"https:\/\/www.pontedeume.gal\/wp-content\/uploads\/2021\/12\/logotipo.png\",\"contentUrl\":\"https:\/\/www.pontedeume.gal\/wp-content\/uploads\/2021\/12\/logotipo.png\",\"width\":673,\"height\":200,\"caption\":\"Concello de Pontedeume\"},\"image\":{\"@id\":\"https:\/\/www.pontedeume.gal\/es\/#\/schema\/logo\/image\/\"},\"sameAs\":[\"https:\/\/www.facebook.com\/concellodepontedeume\/\"]}]}<\/script>\n<!-- \/ Yoast SEO plugin. -->","yoast_head_json":{"title":"Informaci\u00f3n sobre las actuaciones realizadas por el Ayuntamiento de Pontedeume con cargo a los fondos del Plan de Recuperaci\u00f3n, Transformaci\u00f3n y Resiliencia | Concello de Pontedeume","description":"Pol\u00edtica de protecci\u00f3n de datos no sitio do Concello de Pontedeume","robots":{"index":"index","follow":"follow","max-snippet":"max-snippet:-1","max-image-preview":"max-image-preview:large","max-video-preview":"max-video-preview:-1"},"canonical":"https:\/\/www.pontedeume.gal\/es\/nextgeneration\/","og_locale":"es_ES","og_type":"article","og_title":"Informaci\u00f3n sobre las actuaciones realizadas por el Ayuntamiento de Pontedeume con cargo a los fondos del Plan de Recuperaci\u00f3n, Transformaci\u00f3n y Resiliencia | Concello de Pontedeume","og_description":"Pol\u00edtica de protecci\u00f3n de datos no sitio do Concello de Pontedeume","og_url":"https:\/\/www.pontedeume.gal\/es\/nextgeneration\/","og_site_name":"Concello de Pontedeume","article_publisher":"https:\/\/www.facebook.com\/concellodepontedeume\/","article_modified_time":"2026-04-29T11:59:54+00:00","og_image":[{"width":673,"height":200,"url":"https:\/\/www.pontedeume.gal\/wp-content\/uploads\/2021\/12\/logotipo.png","type":"image\/png"}],"twitter_misc":{"Tiempo de lectura":"2 minutos"},"schema":{"@context":"https:\/\/schema.org","@graph":[{"@type":"WebPage","@id":"https:\/\/www.pontedeume.gal\/es\/nextgeneration\/","url":"https:\/\/www.pontedeume.gal\/es\/nextgeneration\/","name":"Informaci\u00f3n sobre las actuaciones realizadas por el Ayuntamiento de Pontedeume con cargo a los fondos del Plan de Recuperaci\u00f3n, Transformaci\u00f3n y Resiliencia | Concello de Pontedeume","isPartOf":{"@id":"https:\/\/www.pontedeume.gal\/es\/#website"},"datePublished":"2024-01-25T09:01:57+00:00","dateModified":"2026-04-29T11:59:54+00:00","description":"Pol\u00edtica de protecci\u00f3n de datos no sitio do Concello de Pontedeume","breadcrumb":{"@id":"https:\/\/www.pontedeume.gal\/es\/nextgeneration\/#breadcrumb"},"inLanguage":"es","potentialAction":[{"@type":"ReadAction","target":["https:\/\/www.pontedeume.gal\/es\/nextgeneration\/"]}]},{"@type":"BreadcrumbList","@id":"https:\/\/www.pontedeume.gal\/es\/nextgeneration\/#breadcrumb","itemListElement":[{"@type":"ListItem","position":1,"name":"Home","item":"https:\/\/www.pontedeume.gal\/es\/"},{"@type":"ListItem","position":2,"name":"Informaci\u00f3n sobre las actuaciones realizadas por el Ayuntamiento de Pontedeume con cargo a los fondos del Plan de Recuperaci\u00f3n, Transformaci\u00f3n y Resiliencia"}]},{"@type":"WebSite","@id":"https:\/\/www.pontedeume.gal\/es\/#website","url":"https:\/\/www.pontedeume.gal\/es\/","name":"Concello de Pontedeume","description":"P\u00e1xina oficial do Concello de Pontedeume","publisher":{"@id":"https:\/\/www.pontedeume.gal\/es\/#organization"},"potentialAction":[{"@type":"SearchAction","target":{"@type":"EntryPoint","urlTemplate":"https:\/\/www.pontedeume.gal\/es\/?s={search_term_string}"},"query-input":{"@type":"PropertyValueSpecification","valueRequired":true,"valueName":"search_term_string"}}],"inLanguage":"es"},{"@type":"Organization","@id":"https:\/\/www.pontedeume.gal\/es\/#organization","name":"Concello de Pontedeume","url":"https:\/\/www.pontedeume.gal\/es\/","logo":{"@type":"ImageObject","inLanguage":"es","@id":"https:\/\/www.pontedeume.gal\/es\/#\/schema\/logo\/image\/","url":"https:\/\/www.pontedeume.gal\/wp-content\/uploads\/2021\/12\/logotipo.png","contentUrl":"https:\/\/www.pontedeume.gal\/wp-content\/uploads\/2021\/12\/logotipo.png","width":673,"height":200,"caption":"Concello de Pontedeume"},"image":{"@id":"https:\/\/www.pontedeume.gal\/es\/#\/schema\/logo\/image\/"},"sameAs":["https:\/\/www.facebook.com\/concellodepontedeume\/"]}]}},"_links":{"self":[{"href":"https:\/\/www.pontedeume.gal\/es\/wp-json\/wp\/v2\/pages\/41499","targetHints":{"allow":["GET"]}}],"collection":[{"href":"https:\/\/www.pontedeume.gal\/es\/wp-json\/wp\/v2\/pages"}],"about":[{"href":"https:\/\/www.pontedeume.gal\/es\/wp-json\/wp\/v2\/types\/page"}],"author":[{"embeddable":true,"href":"https:\/\/www.pontedeume.gal\/es\/wp-json\/wp\/v2\/users\/1"}],"replies":[{"embeddable":true,"href":"https:\/\/www.pontedeume.gal\/es\/wp-json\/wp\/v2\/comments?post=41499"}],"version-history":[{"count":3,"href":"https:\/\/www.pontedeume.gal\/es\/wp-json\/wp\/v2\/pages\/41499\/revisions"}],"predecessor-version":[{"id":61302,"href":"https:\/\/www.pontedeume.gal\/es\/wp-json\/wp\/v2\/pages\/41499\/revisions\/61302"}],"wp:attachment":[{"href":"https:\/\/www.pontedeume.gal\/es\/wp-json\/wp\/v2\/media?parent=41499"}],"curies":[{"name":"wp","href":"https:\/\/api.w.org\/{rel}","templated":true}]}}