{"id":22804,"date":"2022-10-11T10:34:49","date_gmt":"2022-10-11T08:34:49","guid":{"rendered":"https:\/\/www.pontedeume.gal\/?page_id=22804"},"modified":"2023-01-03T13:51:09","modified_gmt":"2023-01-03T12:51:09","slug":"idae","status":"publish","type":"page","link":"https:\/\/www.pontedeume.gal\/es\/idae\/","title":{"rendered":"Informaci\u00f3n actuaciones Ahorro Energ\u00e9tico en los Alumbrados P\u00fablicos del Ayuntamiento de Pontedeume (IDAE 2019 y IDAE 2020)"},"content":{"rendered":"<div id=\"cmsmasters_row_zvy67a2bb\" class=\"cmsmasters_row cmsmasters_color_scheme_default cmsmasters_row_top_default cmsmasters_row_bot_default cmsmasters_row_boxed\">\n<div class=\"cmsmasters_row_outer_parent\">\n<div class=\"cmsmasters_row_outer\">\n<div class=\"cmsmasters_row_inner\">\n<div class=\"cmsmasters_row_margin\">\n<div id=\"cmsmasters_column_76o2yutkp\" class=\"cmsmasters_column one_first\">\n<div class=\"cmsmasters_column_inner\"><div class=\"aligncenter\"><div class=\"cmsmasters_img  cmsmasters_image_c\"><img decoding=\"async\" src=\"https:\/\/www.pontedeume.gal\/wp-content\/uploads\/2022\/10\/Logo_Para_Noticias.png\" \/><\/div><\/div>\n<\/div><\/div>\n<\/div>\n<\/div>\n<\/div>\n<\/div>\n<\/div>\n<div id=\"cmsmasters_row_ppb4wq3bfs\" class=\"cmsmasters_row cmsmasters_color_scheme_default cmsmasters_row_top_default cmsmasters_row_bot_default cmsmasters_row_boxed\">\n<div class=\"cmsmasters_row_outer_parent\">\n<div class=\"cmsmasters_row_outer\">\n<div class=\"cmsmasters_row_inner\">\n<div class=\"cmsmasters_row_margin\">\n<div id=\"cmsmasters_column_9e6t6e3x3k\" class=\"cmsmasters_column one_first\">\n<div class=\"cmsmasters_column_inner\"><div id=\"cmsmasters_heading_zmq2l2wu7\" class=\"cmsmasters_heading_wrap cmsmasters_heading_align_left\">\n\t<h2 class=\"cmsmasters_heading\">Expediente: 2020\/C005\/000001.- ACTUACI\u00d3NS DE AFORRO ENERX\u00c9TICO NOS ALUMEADOS P\u00daBLICOS DO CONCELLO DE PONTEDEUME (IDAE 2019). <\/h2>\n<\/div><div class=\"cmsmasters_text\">\n<p>Proyecto cofinanciado por el IDAE en el contexto del Real Decreto 616\/2017, de 16 de junio, por el que se regula la concesi\u00f3n directa de subvenciones a proyectos singulares de entidades locales que favorezcan el paso a una econom\u00eda baja en carbono en el marco del Programa Operativo FEDER de Crecimiento Sostenible 2014-2020 (B.O.E. n\u00ba 144, de 17 de junio de 2017), modificado por el Real Decreto 1516\/2018, de 28 de diciembre (B.O.E. n\u00ba 314, de 29 de diciembre de 2018) y el Real Decreto 316\/2019, de 26 de abril (B.O.E. n\u00ba 130, de 30 de abril de 2019).<\/p>\n<p class=\"m_3327945985428783315MsoListParagraph\"><span class=\"m_3327945985428783315contentpasted1\"><b>Expediente FEDER-EELL-2019-003559:<br \/>\n<u><\/u><u><\/u><\/b><\/span><span class=\"m_3327945985428783315contentpasted2\">Inversi\u00f3n total=Coste elegible Resoluci\u00f3n: 716.962,51 \u20ac<br \/>\n<u><\/u><u><\/u><\/span>Importe de la ayuda= Ayuda concedida en Resoluci\u00f3n: 573.570,00 \u20ac<\/p>\n<p>Enlace a la <a href=\"https:\/\/contrataciondelestado.es\/wps\/portal\/!ut\/p\/b0\/04_Sj9CPykssy0xPLMnMz0vMAfIjU1JTC3Iy87KtUlJLEnNyUuNzMpMzSxKTgQr0w_Wj9KMyU1zLcvQjw1QNMgqKMnxVDdI9PEvTTBKd_LXLAnMCbW31C3JzHQHi2IXZ\/\">Plataforma de Contrataci\u00f3n del Estado<\/a><br \/>\nEnlace a los <a href=\"https:\/\/www.europarl.europa.eu\/factsheets\/es\/sheet\/95\/el-fondo-europeo-de-desarrollo-regional-feder\/\" target=\"_blank\" rel=\"noopener\">Fondos Feder<\/a><\/p>\n<\/div>\n<\/div><\/div>\n<\/div>\n<\/div>\n<\/div>\n<\/div>\n<\/div>\n<div id=\"cmsmasters_row_u484etvebo\" class=\"cmsmasters_row cmsmasters_color_scheme_default cmsmasters_row_top_default cmsmasters_row_bot_default cmsmasters_row_boxed\">\n<div class=\"cmsmasters_row_outer_parent\">\n<div class=\"cmsmasters_row_outer\">\n<div class=\"cmsmasters_row_inner\">\n<div class=\"cmsmasters_row_margin\">\n<div id=\"cmsmasters_column_x9ni63wlhg\" class=\"cmsmasters_column one_first\">\n<div class=\"cmsmasters_column_inner\"><div id=\"cmsmasters_heading_8pun1vh77\" class=\"cmsmasters_heading_wrap cmsmasters_heading_align_left\">\n\t<h2 class=\"cmsmasters_heading\"> Expediente: 2021\/C005\/000001.- ACTUACIONES DE AHORRO ENERG\u00c9TICO EN LOS ALUMBRADOS P\u00daBLICOS DEL CONCELLO DE PONTEDEUME FASE II (IDAE 2020). <\/h2>\n<\/div><div class=\"cmsmasters_text\">\n<p>Proyecto cofinanciado por el IDAE en el contexto del Real Decreto 616\/2017, de 16 de junio, por el que se regula la concesi\u00f3n directa de subvenciones a proyectos singulares de entidades locales que favorezcan el paso a una econom\u00eda baja en carbono en el marco del Programa Operativo FEDER de crecimiento sostenible 2014-2020 (BOE n\u00ba 144, de 17 de junio de 2017), modificado por el Real Decreto 1516\/2018, de 28 de diciembre (B.O.E. n\u00ba 314, de 29 de diciembre de 2018), el Real Decreto 316\/2019, de 26 de abril (B.O.E. n\u00ba 130, de 30 de abril de 2019) y el Real Decreto 1185\/2020, de 29 de diciembre (B.O.E. n\u00ba 340, de 30 de diciembre de 2020).<\/p>\n<p><strong>Expediente FEDER-EELL-2020-004429:<br \/>\n<\/strong>Inversi\u00f3n total=Coste elegible Resoluci\u00f3n: 232.105,00 \u20ac<br \/>\nImporte de la ayuda= Ayuda concedida en Resoluci\u00f3n: 185.684,00 \u20ac<\/p>\n<p>Enlace a la<a href=\"https:\/\/contrataciondelestado.es\/wps\/portal\/!ut\/p\/b0\/04_Sj9CPykssy0xPLMnMz0vMAfIjU1JTC3Iy87KtUlJLEnNyUuNzMpMzSxKTgQr0w_Wj9KMyU1zLcvQjkywC84KzXTxKUxOLqozdA1NMi8yCA21t9Qtycx0BqyAU_Q!!\/\"> Plataforma de Contrataci\u00f3n del Estado<\/a><br \/>\nEnlace a los <a href=\"https:\/\/www.europarl.europa.eu\/factsheets\/es\/sheet\/95\/el-fondo-europeo-de-desarrollo-regional-feder-\">Fondos Feder<\/a><\/p>\n<\/div>\n<\/div><\/div>\n<\/div>\n<\/div>\n<\/div>\n<\/div>\n<\/div>\n\n","protected":false},"excerpt":{"rendered":"","protected":false},"author":1,"featured_media":0,"parent":0,"menu_order":0,"comment_status":"closed","ping_status":"closed","template":"","meta":{"inline_featured_image":false,"footnotes":""},"class_list":["post-22804","page","type-page","status-publish","hentry"],"yoast_head":"<!-- This site is optimized with the Yoast SEO plugin v26.2 - https:\/\/yoast.com\/wordpress\/plugins\/seo\/ -->\n<title>Informaci\u00f3n actuaciones Ahorro Energ\u00e9tico en los Alumbrados P\u00fablicos del Ayuntamiento de Pontedeume (IDAE 2019 y IDAE 2020) | Concello de Pontedeume<\/title>\n<meta name=\"description\" content=\"Pol\u00edtica de protecci\u00f3n de datos no sitio do Concello de Pontedeume\" \/>\n<meta name=\"robots\" content=\"index, follow, max-snippet:-1, max-image-preview:large, max-video-preview:-1\" \/>\n<link rel=\"canonical\" href=\"https:\/\/www.pontedeume.gal\/es\/idae\/\" \/>\n<meta property=\"og:locale\" content=\"es_ES\" \/>\n<meta property=\"og:type\" content=\"article\" \/>\n<meta property=\"og:title\" content=\"Informaci\u00f3n actuaciones Ahorro Energ\u00e9tico en los Alumbrados P\u00fablicos del Ayuntamiento de Pontedeume (IDAE 2019 y IDAE 2020) | Concello de Pontedeume\" \/>\n<meta property=\"og:description\" content=\"Pol\u00edtica de protecci\u00f3n de datos no sitio do Concello de Pontedeume\" \/>\n<meta property=\"og:url\" content=\"https:\/\/www.pontedeume.gal\/es\/idae\/\" \/>\n<meta property=\"og:site_name\" content=\"Concello de Pontedeume\" \/>\n<meta property=\"article:publisher\" content=\"https:\/\/www.facebook.com\/concellodepontedeume\/\" \/>\n<meta property=\"article:modified_time\" content=\"2023-01-03T12:51:09+00:00\" \/>\n<meta property=\"og:image\" content=\"https:\/\/www.pontedeume.gal\/wp-content\/uploads\/2021\/12\/logotipo.png\" \/>\n\t<meta property=\"og:image:width\" content=\"673\" \/>\n\t<meta property=\"og:image:height\" content=\"200\" \/>\n\t<meta property=\"og:image:type\" content=\"image\/png\" \/>\n<meta name=\"twitter:label1\" content=\"Tiempo de lectura\" \/>\n\t<meta name=\"twitter:data1\" content=\"2 minutos\" \/>\n<script type=\"application\/ld+json\" class=\"yoast-schema-graph\">{\"@context\":\"https:\/\/schema.org\",\"@graph\":[{\"@type\":\"WebPage\",\"@id\":\"https:\/\/www.pontedeume.gal\/es\/idae\/\",\"url\":\"https:\/\/www.pontedeume.gal\/es\/idae\/\",\"name\":\"Informaci\u00f3n actuaciones Ahorro Energ\u00e9tico en los Alumbrados P\u00fablicos del Ayuntamiento de Pontedeume (IDAE 2019 y IDAE 2020) | Concello de Pontedeume\",\"isPartOf\":{\"@id\":\"https:\/\/www.pontedeume.gal\/es\/#website\"},\"datePublished\":\"2022-10-11T08:34:49+00:00\",\"dateModified\":\"2023-01-03T12:51:09+00:00\",\"description\":\"Pol\u00edtica de protecci\u00f3n de datos no sitio do Concello de Pontedeume\",\"breadcrumb\":{\"@id\":\"https:\/\/www.pontedeume.gal\/es\/idae\/#breadcrumb\"},\"inLanguage\":\"es\",\"potentialAction\":[{\"@type\":\"ReadAction\",\"target\":[\"https:\/\/www.pontedeume.gal\/es\/idae\/\"]}]},{\"@type\":\"BreadcrumbList\",\"@id\":\"https:\/\/www.pontedeume.gal\/es\/idae\/#breadcrumb\",\"itemListElement\":[{\"@type\":\"ListItem\",\"position\":1,\"name\":\"Home\",\"item\":\"https:\/\/www.pontedeume.gal\/es\/\"},{\"@type\":\"ListItem\",\"position\":2,\"name\":\"Informaci\u00f3n actuaciones Ahorro Energ\u00e9tico en los Alumbrados P\u00fablicos del Ayuntamiento de Pontedeume (IDAE 2019 y IDAE 2020)\"}]},{\"@type\":\"WebSite\",\"@id\":\"https:\/\/www.pontedeume.gal\/es\/#website\",\"url\":\"https:\/\/www.pontedeume.gal\/es\/\",\"name\":\"Concello de Pontedeume\",\"description\":\"P\u00e1xina oficial do Concello de Pontedeume\",\"publisher\":{\"@id\":\"https:\/\/www.pontedeume.gal\/es\/#organization\"},\"potentialAction\":[{\"@type\":\"SearchAction\",\"target\":{\"@type\":\"EntryPoint\",\"urlTemplate\":\"https:\/\/www.pontedeume.gal\/es\/?s={search_term_string}\"},\"query-input\":{\"@type\":\"PropertyValueSpecification\",\"valueRequired\":true,\"valueName\":\"search_term_string\"}}],\"inLanguage\":\"es\"},{\"@type\":\"Organization\",\"@id\":\"https:\/\/www.pontedeume.gal\/es\/#organization\",\"name\":\"Concello de Pontedeume\",\"url\":\"https:\/\/www.pontedeume.gal\/es\/\",\"logo\":{\"@type\":\"ImageObject\",\"inLanguage\":\"es\",\"@id\":\"https:\/\/www.pontedeume.gal\/es\/#\/schema\/logo\/image\/\",\"url\":\"https:\/\/www.pontedeume.gal\/wp-content\/uploads\/2021\/12\/logotipo.png\",\"contentUrl\":\"https:\/\/www.pontedeume.gal\/wp-content\/uploads\/2021\/12\/logotipo.png\",\"width\":673,\"height\":200,\"caption\":\"Concello de Pontedeume\"},\"image\":{\"@id\":\"https:\/\/www.pontedeume.gal\/es\/#\/schema\/logo\/image\/\"},\"sameAs\":[\"https:\/\/www.facebook.com\/concellodepontedeume\/\"]}]}<\/script>\n<!-- \/ Yoast SEO plugin. -->","yoast_head_json":{"title":"Informaci\u00f3n actuaciones Ahorro Energ\u00e9tico en los Alumbrados P\u00fablicos del Ayuntamiento de Pontedeume (IDAE 2019 y IDAE 2020) | Concello de Pontedeume","description":"Pol\u00edtica de protecci\u00f3n de datos no sitio do Concello de Pontedeume","robots":{"index":"index","follow":"follow","max-snippet":"max-snippet:-1","max-image-preview":"max-image-preview:large","max-video-preview":"max-video-preview:-1"},"canonical":"https:\/\/www.pontedeume.gal\/es\/idae\/","og_locale":"es_ES","og_type":"article","og_title":"Informaci\u00f3n actuaciones Ahorro Energ\u00e9tico en los Alumbrados P\u00fablicos del Ayuntamiento de Pontedeume (IDAE 2019 y IDAE 2020) | Concello de Pontedeume","og_description":"Pol\u00edtica de protecci\u00f3n de datos no sitio do Concello de Pontedeume","og_url":"https:\/\/www.pontedeume.gal\/es\/idae\/","og_site_name":"Concello de Pontedeume","article_publisher":"https:\/\/www.facebook.com\/concellodepontedeume\/","article_modified_time":"2023-01-03T12:51:09+00:00","og_image":[{"width":673,"height":200,"url":"https:\/\/www.pontedeume.gal\/wp-content\/uploads\/2021\/12\/logotipo.png","type":"image\/png"}],"twitter_misc":{"Tiempo de lectura":"2 minutos"},"schema":{"@context":"https:\/\/schema.org","@graph":[{"@type":"WebPage","@id":"https:\/\/www.pontedeume.gal\/es\/idae\/","url":"https:\/\/www.pontedeume.gal\/es\/idae\/","name":"Informaci\u00f3n actuaciones Ahorro Energ\u00e9tico en los Alumbrados P\u00fablicos del Ayuntamiento de Pontedeume (IDAE 2019 y IDAE 2020) | Concello de Pontedeume","isPartOf":{"@id":"https:\/\/www.pontedeume.gal\/es\/#website"},"datePublished":"2022-10-11T08:34:49+00:00","dateModified":"2023-01-03T12:51:09+00:00","description":"Pol\u00edtica de protecci\u00f3n de datos no sitio do Concello de Pontedeume","breadcrumb":{"@id":"https:\/\/www.pontedeume.gal\/es\/idae\/#breadcrumb"},"inLanguage":"es","potentialAction":[{"@type":"ReadAction","target":["https:\/\/www.pontedeume.gal\/es\/idae\/"]}]},{"@type":"BreadcrumbList","@id":"https:\/\/www.pontedeume.gal\/es\/idae\/#breadcrumb","itemListElement":[{"@type":"ListItem","position":1,"name":"Home","item":"https:\/\/www.pontedeume.gal\/es\/"},{"@type":"ListItem","position":2,"name":"Informaci\u00f3n actuaciones Ahorro Energ\u00e9tico en los Alumbrados P\u00fablicos del Ayuntamiento de Pontedeume (IDAE 2019 y IDAE 2020)"}]},{"@type":"WebSite","@id":"https:\/\/www.pontedeume.gal\/es\/#website","url":"https:\/\/www.pontedeume.gal\/es\/","name":"Concello de Pontedeume","description":"P\u00e1xina oficial do Concello de Pontedeume","publisher":{"@id":"https:\/\/www.pontedeume.gal\/es\/#organization"},"potentialAction":[{"@type":"SearchAction","target":{"@type":"EntryPoint","urlTemplate":"https:\/\/www.pontedeume.gal\/es\/?s={search_term_string}"},"query-input":{"@type":"PropertyValueSpecification","valueRequired":true,"valueName":"search_term_string"}}],"inLanguage":"es"},{"@type":"Organization","@id":"https:\/\/www.pontedeume.gal\/es\/#organization","name":"Concello de Pontedeume","url":"https:\/\/www.pontedeume.gal\/es\/","logo":{"@type":"ImageObject","inLanguage":"es","@id":"https:\/\/www.pontedeume.gal\/es\/#\/schema\/logo\/image\/","url":"https:\/\/www.pontedeume.gal\/wp-content\/uploads\/2021\/12\/logotipo.png","contentUrl":"https:\/\/www.pontedeume.gal\/wp-content\/uploads\/2021\/12\/logotipo.png","width":673,"height":200,"caption":"Concello de Pontedeume"},"image":{"@id":"https:\/\/www.pontedeume.gal\/es\/#\/schema\/logo\/image\/"},"sameAs":["https:\/\/www.facebook.com\/concellodepontedeume\/"]}]}},"_links":{"self":[{"href":"https:\/\/www.pontedeume.gal\/es\/wp-json\/wp\/v2\/pages\/22804","targetHints":{"allow":["GET"]}}],"collection":[{"href":"https:\/\/www.pontedeume.gal\/es\/wp-json\/wp\/v2\/pages"}],"about":[{"href":"https:\/\/www.pontedeume.gal\/es\/wp-json\/wp\/v2\/types\/page"}],"author":[{"embeddable":true,"href":"https:\/\/www.pontedeume.gal\/es\/wp-json\/wp\/v2\/users\/1"}],"replies":[{"embeddable":true,"href":"https:\/\/www.pontedeume.gal\/es\/wp-json\/wp\/v2\/comments?post=22804"}],"version-history":[{"count":2,"href":"https:\/\/www.pontedeume.gal\/es\/wp-json\/wp\/v2\/pages\/22804\/revisions"}],"predecessor-version":[{"id":23515,"href":"https:\/\/www.pontedeume.gal\/es\/wp-json\/wp\/v2\/pages\/22804\/revisions\/23515"}],"wp:attachment":[{"href":"https:\/\/www.pontedeume.gal\/es\/wp-json\/wp\/v2\/media?parent=22804"}],"curies":[{"name":"wp","href":"https:\/\/api.w.org\/{rel}","templated":true}]}}