{"id":19843,"date":"2022-01-18T11:39:10","date_gmt":"2022-01-18T10:39:10","guid":{"rendered":"https:\/\/www.pontedeume.gal\/?page_id=19843"},"modified":"2022-01-27T18:16:24","modified_gmt":"2022-01-27T17:16:24","slug":"visitas-virtuales","status":"publish","type":"page","link":"https:\/\/www.pontedeume.gal\/es\/visitas-virtuales\/","title":{"rendered":"Visitas Virtuales"},"content":{"rendered":"<div id=\"cmsmasters_row_bcf99f75d0\" class=\"cmsmasters_row cmsmasters_color_scheme_default cmsmasters_row_top_default cmsmasters_row_bot_default cmsmasters_row_boxed\">\n<div class=\"cmsmasters_row_outer_parent\">\n<div class=\"cmsmasters_row_outer\">\n<div class=\"cmsmasters_row_inner\">\n<div class=\"cmsmasters_row_margin\">\n<div id=\"cmsmasters_column_\" class=\"cmsmasters_column one_first\">\n<div class=\"cmsmasters_column_inner\"><div id=\"cmsmasters_heading_70d6fb5b1e\" class=\"cmsmasters_heading_wrap cmsmasters_heading_align_center\">\n\t<h2 class=\"cmsmasters_heading\">Visitas virtuales<\/h2>\n<\/div><div id=\"cmsmasters_heading_630f066297\" class=\"cmsmasters_heading_wrap cmsmasters_heading_align_center\">\n\t<h6 class=\"cmsmasters_heading\">Descubre el interior del patrimonio hist\u00f3rico eum\u00e9s.<\/h6>\n<\/div>\n<\/div><\/div>\n<\/div>\n<\/div>\n<div class=\"cmsmasters_row_inner\">\n<div class=\"cmsmasters_row_margin\">\n<div id=\"cmsmasters_column_\" class=\"cmsmasters_column one_third\">\n<div class=\"cmsmasters_column_inner\"><div class=\"cmsmasters_img  cmsmasters_image_n\"><img decoding=\"async\" src=\"https:\/\/www.pontedeume.gal\/wp-content\/uploads\/2022\/01\/Visita_torreon.png\" \/><\/div><div id=\"cmsmasters_heading_b1beb1c151\" class=\"cmsmasters_heading_wrap cmsmasters_heading_align_center\">\n\t<h2 class=\"cmsmasters_heading\">Torre\u00f3n de Andrade<\/h2>\n<\/div><div id=\"cmsmasters_heading_82bbde574d\" class=\"cmsmasters_heading_wrap cmsmasters_heading_align_center\">\n\t<h2 class=\"cmsmasters_heading\"><a href=\"https:\/\/www.pontedeume.gal\/es\/descubre-pontedeume\/patrimonio\/torreon-dos-andrade\/\">Ver visita virtual<\/a><\/h2>\n<\/div><div class=\"cmsmasters_text\">\n<p>El Torre\u00f3n, actual Oficina de Turismo y Centro de Interpretaci\u00f3n de los Andrade, con sus 18 metros de altura y 11,5 de lado, es el \u00faltimo resto del palacio de los Andrade que completaba el recinto amurallado de la villa en su lado oeste, y que posiblemente fue construido por Fern\u00e1n P\u00e9rez de Andrade \u201co Bo\u201d a finales del siglo XIV. En 1905 pas\u00f3 a ser propiedad del pueblo y en 1911 una parte fue demolida para abrir la carretera de la estaci\u00f3n de ferrocarril. En 1936 desapareci\u00f3 el resto, posibilitando una considerable expansi\u00f3n de la plaza del Conde.<\/p>\n<p>En la d\u00e9cada de 1930 se coloc\u00f3 el escudo de armas de Don Gin\u00e9s Ruiz de Castro Andrade, situado anteriormente en la fachada principal del palacio, y en 1951 se realiz\u00f3 el coronamiento y se abri\u00f3 la puerta que da a la plaza del Conde.<\/p>\n<\/div>\n<\/div><\/div>\n<div id=\"cmsmasters_column_\" class=\"cmsmasters_column one_third\">\n<div class=\"cmsmasters_column_inner\"><div class=\"cmsmasters_img  cmsmasters_image_n\"><img decoding=\"async\" src=\"https:\/\/www.pontedeume.gal\/wp-content\/uploads\/2022\/01\/iglesia3.png\" \/><\/div><div id=\"cmsmasters_heading_fb0207af7e\" class=\"cmsmasters_heading_wrap cmsmasters_heading_align_center\">\n\t<h2 class=\"cmsmasters_heading\">Iglesia Parroquial de Santiago<\/h2>\n<\/div><div id=\"cmsmasters_heading_5508514068\" class=\"cmsmasters_heading_wrap cmsmasters_heading_align_center\">\n\t<h2 class=\"cmsmasters_heading\"><a href=\"https:\/\/www.pontedeume.gal\/es\/descubre-pontedeume\/patrimonio\/iglesia-parroquial-de-santiago\/\">Ver visita virtual<\/a><\/h2>\n<\/div><div class=\"cmsmasters_text\">\n<p>La capilla principal con la antigua sacrist\u00eda fue construida por D. Fernando de Andrade en el primer tercio del siglo XVI. Cubierta con una b\u00f3veda estrellada, en ella, junto al Santiago sedente de granito policromado de finales del siglo XIV, se encuentra el retablo renacentista, hecho en 1530 y ampliado y dorado en 1564 por los descendientes inmediatos de Don Fernando. Sus pinturas sobre tabla de ciclos de la Pasi\u00f3n tienen una unidad estil\u00edstica indiscutible, m\u00e1s pr\u00f3xima al G\u00f3tico flamenco que al Renacimiento.<\/p>\n<p>El resto de la iglesia es una obra patrocinada por el arzobispo de Santiago, nacido en Pontedeume, Don Bartolom\u00e9 Rajoy y Losada, realizada entre 1756 y 1763. La fachada con sus torres, obra destacada del barroco gallego, fue contratada por Alberto Ricoy.<\/p>\n<\/div>\n<\/div><\/div>\n<div id=\"cmsmasters_column_\" class=\"cmsmasters_column one_third\">\n<div class=\"cmsmasters_column_inner\"><div class=\"cmsmasters_img  cmsmasters_image_n\"><img decoding=\"async\" src=\"https:\/\/www.pontedeume.gal\/wp-content\/uploads\/2022\/01\/breamo1.png\" \/><\/div><div id=\"cmsmasters_heading_c8cc15e3a7\" class=\"cmsmasters_heading_wrap cmsmasters_heading_align_center\">\n\t<h2 class=\"cmsmasters_heading\">Ermita de San Miguel de Breamo<\/h2>\n<\/div><div id=\"cmsmasters_heading_svskwh6y3i\" class=\"cmsmasters_heading_wrap cmsmasters_heading_align_center\">\n\t<h2 class=\"cmsmasters_heading\"><a href=\"https:\/\/www.pontedeume.gal\/es\/descubre-pontedeume\/patrimonio\/ermita-de-san-miguel-de-breamo\/\">Ver visita virtual<\/a><\/h2>\n<\/div><div class=\"cmsmasters_text\">\n<p>La ermita de San Miguel de Breamo se encuentra en lo alto de dicho monte, a unos 3 km de Pontedeume, siguiendo la carretera N-651 y tomando el desv\u00edo en el lugar de O Barro. Durante la subida a la ermita se puede contemplar una de las vistas m\u00e1s hermosas de Pontedeume, el nacimiento de la r\u00eda, la playa de la Magdalena de Caba\u00f1as y la desembocadura del r\u00edo Eume. La iglesia, del siglo XII y perteneciente al estilo rom\u00e1nico, es de cruz latina y tres \u00e1bsides semicirculares. En Galicia solamente responden a esta tipolog\u00eda otras tres iglesias.<\/p>\n<\/div>\n<\/div><\/div>\n<\/div>\n<\/div>\n<\/div>\n<\/div>\n<\/div>\n<div id=\"cmsmasters_row_409217bd54\" class=\"cmsmasters_row cmsmasters_color_scheme_default cmsmasters_row_top_default cmsmasters_row_bot_default cmsmasters_row_fullwidth\">\n<div class=\"cmsmasters_row_outer_parent\">\n<div class=\"cmsmasters_row_outer\">\n<div class=\"cmsmasters_row_inner cmsmasters_row_fullwidth\">\n<div class=\"cmsmasters_row_margin\">\n<div id=\"cmsmasters_column_\" class=\"cmsmasters_column one_first\">\n<div class=\"cmsmasters_column_inner\"><div id=\"cmsmasters_gallery_605503b191\" class=\"cmsmasters_gallery_wrap\" data-type=\"grid\" data-count=\"8\"><ul class=\"cmsmasters_gallery cmsmasters_4 cmsmasters_more_items_loader\"><li class=\"cmsmasters_gallery_item\"><figure><a href=\"https:\/\/www.pontedeume.gal\/wp-content\/uploads\/2022\/01\/breamo1.png\" rel=\"ilightbox[605503b191]\"><img loading=\"lazy\" decoding=\"async\" width=\"860\" height=\"530\" src=\"https:\/\/www.pontedeume.gal\/wp-content\/uploads\/2022\/01\/breamo1-860x530.png\" class=\"attachment-post-thumbnail size-post-thumbnail\" alt=\"\" \/><\/a><\/figure><\/li><li class=\"cmsmasters_gallery_item\"><figure><a href=\"https:\/\/www.pontedeume.gal\/wp-content\/uploads\/2022\/01\/torreon4.png\" rel=\"ilightbox[605503b191]\"><img loading=\"lazy\" decoding=\"async\" width=\"860\" height=\"530\" src=\"https:\/\/www.pontedeume.gal\/wp-content\/uploads\/2022\/01\/torreon4-860x530.png\" class=\"attachment-post-thumbnail size-post-thumbnail\" alt=\"\" \/><\/a><\/figure><\/li><li class=\"cmsmasters_gallery_item\"><figure><a href=\"https:\/\/www.pontedeume.gal\/wp-content\/uploads\/2022\/01\/Visita_torreon.png\" rel=\"ilightbox[605503b191]\"><img loading=\"lazy\" decoding=\"async\" width=\"860\" height=\"530\" src=\"https:\/\/www.pontedeume.gal\/wp-content\/uploads\/2022\/01\/Visita_torreon-860x530.png\" class=\"attachment-post-thumbnail size-post-thumbnail\" alt=\"\" \/><\/a><\/figure><\/li><li class=\"cmsmasters_gallery_item\"><figure><a href=\"https:\/\/www.pontedeume.gal\/wp-content\/uploads\/2022\/01\/iglesia2.png\" rel=\"ilightbox[605503b191]\"><img loading=\"lazy\" decoding=\"async\" width=\"860\" height=\"530\" src=\"https:\/\/www.pontedeume.gal\/wp-content\/uploads\/2022\/01\/iglesia2-860x530.png\" class=\"attachment-post-thumbnail size-post-thumbnail\" alt=\"\" \/><\/a><\/figure><\/li><li class=\"cmsmasters_gallery_item\"><figure><a href=\"https:\/\/www.pontedeume.gal\/wp-content\/uploads\/2022\/01\/breamo2.png\" rel=\"ilightbox[605503b191]\"><img loading=\"lazy\" decoding=\"async\" width=\"860\" height=\"530\" src=\"https:\/\/www.pontedeume.gal\/wp-content\/uploads\/2022\/01\/breamo2-860x530.png\" class=\"attachment-post-thumbnail size-post-thumbnail\" alt=\"\" \/><\/a><\/figure><\/li><li class=\"cmsmasters_gallery_item\"><figure><a href=\"https:\/\/www.pontedeume.gal\/wp-content\/uploads\/2022\/01\/torreon2.png\" rel=\"ilightbox[605503b191]\"><img loading=\"lazy\" decoding=\"async\" width=\"860\" height=\"530\" src=\"https:\/\/www.pontedeume.gal\/wp-content\/uploads\/2022\/01\/torreon2-860x530.png\" class=\"attachment-post-thumbnail size-post-thumbnail\" alt=\"\" \/><\/a><\/figure><\/li><li class=\"cmsmasters_gallery_item\"><figure><a href=\"https:\/\/www.pontedeume.gal\/wp-content\/uploads\/2022\/01\/iglesia3.png\" rel=\"ilightbox[605503b191]\"><img loading=\"lazy\" decoding=\"async\" width=\"860\" height=\"530\" src=\"https:\/\/www.pontedeume.gal\/wp-content\/uploads\/2022\/01\/iglesia3-860x530.png\" class=\"attachment-post-thumbnail size-post-thumbnail\" alt=\"\" \/><\/a><\/figure><\/li><li class=\"cmsmasters_gallery_item\"><figure><a href=\"https:\/\/www.pontedeume.gal\/wp-content\/uploads\/2022\/01\/iglesia1.png\" rel=\"ilightbox[605503b191]\"><img loading=\"lazy\" decoding=\"async\" width=\"860\" height=\"530\" src=\"https:\/\/www.pontedeume.gal\/wp-content\/uploads\/2022\/01\/iglesia1-860x530.png\" class=\"attachment-post-thumbnail size-post-thumbnail\" alt=\"\" \/><\/a><\/figure><\/li><\/ul><\/div>\n<\/div><\/div>\n<\/div>\n<\/div>\n<\/div>\n<\/div>\n<\/div>\n\n","protected":false},"excerpt":{"rendered":"","protected":false},"author":1,"featured_media":0,"parent":0,"menu_order":0,"comment_status":"closed","ping_status":"closed","template":"","meta":{"inline_featured_image":false,"footnotes":""},"class_list":["post-19843","page","type-page","status-publish","hentry"],"yoast_head":"<!-- This site is optimized with the Yoast SEO plugin v26.2 - https:\/\/yoast.com\/wordpress\/plugins\/seo\/ -->\n<title>Visitas Virtuales | Concello de Pontedeume<\/title>\n<meta name=\"description\" content=\"Descubre el Ayuntamiento de Pontedeume\" \/>\n<meta name=\"robots\" content=\"index, follow, max-snippet:-1, max-image-preview:large, max-video-preview:-1\" \/>\n<link rel=\"canonical\" href=\"https:\/\/www.pontedeume.gal\/es\/visitas-virtuales\/\" \/>\n<meta property=\"og:locale\" content=\"es_ES\" \/>\n<meta property=\"og:type\" content=\"article\" \/>\n<meta property=\"og:title\" content=\"Visitas Virtuales | Concello de Pontedeume\" \/>\n<meta property=\"og:description\" content=\"Descubre el Ayuntamiento de Pontedeume\" \/>\n<meta property=\"og:url\" content=\"https:\/\/www.pontedeume.gal\/es\/visitas-virtuales\/\" \/>\n<meta property=\"og:site_name\" content=\"Concello de Pontedeume\" \/>\n<meta property=\"article:publisher\" content=\"https:\/\/www.facebook.com\/concellodepontedeume\/\" \/>\n<meta property=\"article:modified_time\" content=\"2022-01-27T17:16:24+00:00\" \/>\n<meta property=\"og:image\" content=\"https:\/\/www.pontedeume.gal\/wp-content\/uploads\/2021\/12\/logotipo.png\" \/>\n\t<meta property=\"og:image:width\" content=\"673\" \/>\n\t<meta property=\"og:image:height\" content=\"200\" \/>\n\t<meta property=\"og:image:type\" content=\"image\/png\" \/>\n<meta name=\"twitter:label1\" content=\"Tiempo de lectura\" \/>\n\t<meta name=\"twitter:data1\" content=\"3 minutos\" \/>\n<script type=\"application\/ld+json\" class=\"yoast-schema-graph\">{\"@context\":\"https:\/\/schema.org\",\"@graph\":[{\"@type\":\"WebPage\",\"@id\":\"https:\/\/www.pontedeume.gal\/es\/visitas-virtuales\/\",\"url\":\"https:\/\/www.pontedeume.gal\/es\/visitas-virtuales\/\",\"name\":\"Visitas Virtuales | Concello de Pontedeume\",\"isPartOf\":{\"@id\":\"https:\/\/www.pontedeume.gal\/es\/#website\"},\"datePublished\":\"2022-01-18T10:39:10+00:00\",\"dateModified\":\"2022-01-27T17:16:24+00:00\",\"description\":\"Descubre el Ayuntamiento de Pontedeume\",\"breadcrumb\":{\"@id\":\"https:\/\/www.pontedeume.gal\/es\/visitas-virtuales\/#breadcrumb\"},\"inLanguage\":\"es\",\"potentialAction\":[{\"@type\":\"ReadAction\",\"target\":[\"https:\/\/www.pontedeume.gal\/es\/visitas-virtuales\/\"]}]},{\"@type\":\"BreadcrumbList\",\"@id\":\"https:\/\/www.pontedeume.gal\/es\/visitas-virtuales\/#breadcrumb\",\"itemListElement\":[{\"@type\":\"ListItem\",\"position\":1,\"name\":\"Home\",\"item\":\"https:\/\/www.pontedeume.gal\/es\/\"},{\"@type\":\"ListItem\",\"position\":2,\"name\":\"Visitas Virtuales\"}]},{\"@type\":\"WebSite\",\"@id\":\"https:\/\/www.pontedeume.gal\/es\/#website\",\"url\":\"https:\/\/www.pontedeume.gal\/es\/\",\"name\":\"Concello de Pontedeume\",\"description\":\"P\u00e1xina oficial do Concello de Pontedeume\",\"publisher\":{\"@id\":\"https:\/\/www.pontedeume.gal\/es\/#organization\"},\"potentialAction\":[{\"@type\":\"SearchAction\",\"target\":{\"@type\":\"EntryPoint\",\"urlTemplate\":\"https:\/\/www.pontedeume.gal\/es\/?s={search_term_string}\"},\"query-input\":{\"@type\":\"PropertyValueSpecification\",\"valueRequired\":true,\"valueName\":\"search_term_string\"}}],\"inLanguage\":\"es\"},{\"@type\":\"Organization\",\"@id\":\"https:\/\/www.pontedeume.gal\/es\/#organization\",\"name\":\"Concello de Pontedeume\",\"url\":\"https:\/\/www.pontedeume.gal\/es\/\",\"logo\":{\"@type\":\"ImageObject\",\"inLanguage\":\"es\",\"@id\":\"https:\/\/www.pontedeume.gal\/es\/#\/schema\/logo\/image\/\",\"url\":\"https:\/\/www.pontedeume.gal\/wp-content\/uploads\/2021\/12\/logotipo.png\",\"contentUrl\":\"https:\/\/www.pontedeume.gal\/wp-content\/uploads\/2021\/12\/logotipo.png\",\"width\":673,\"height\":200,\"caption\":\"Concello de Pontedeume\"},\"image\":{\"@id\":\"https:\/\/www.pontedeume.gal\/es\/#\/schema\/logo\/image\/\"},\"sameAs\":[\"https:\/\/www.facebook.com\/concellodepontedeume\/\"]}]}<\/script>\n<!-- \/ Yoast SEO plugin. -->","yoast_head_json":{"title":"Visitas Virtuales | Concello de Pontedeume","description":"Descubre el Ayuntamiento de Pontedeume","robots":{"index":"index","follow":"follow","max-snippet":"max-snippet:-1","max-image-preview":"max-image-preview:large","max-video-preview":"max-video-preview:-1"},"canonical":"https:\/\/www.pontedeume.gal\/es\/visitas-virtuales\/","og_locale":"es_ES","og_type":"article","og_title":"Visitas Virtuales | Concello de Pontedeume","og_description":"Descubre el Ayuntamiento de Pontedeume","og_url":"https:\/\/www.pontedeume.gal\/es\/visitas-virtuales\/","og_site_name":"Concello de Pontedeume","article_publisher":"https:\/\/www.facebook.com\/concellodepontedeume\/","article_modified_time":"2022-01-27T17:16:24+00:00","og_image":[{"width":673,"height":200,"url":"https:\/\/www.pontedeume.gal\/wp-content\/uploads\/2021\/12\/logotipo.png","type":"image\/png"}],"twitter_misc":{"Tiempo de lectura":"3 minutos"},"schema":{"@context":"https:\/\/schema.org","@graph":[{"@type":"WebPage","@id":"https:\/\/www.pontedeume.gal\/es\/visitas-virtuales\/","url":"https:\/\/www.pontedeume.gal\/es\/visitas-virtuales\/","name":"Visitas Virtuales | Concello de Pontedeume","isPartOf":{"@id":"https:\/\/www.pontedeume.gal\/es\/#website"},"datePublished":"2022-01-18T10:39:10+00:00","dateModified":"2022-01-27T17:16:24+00:00","description":"Descubre el Ayuntamiento de Pontedeume","breadcrumb":{"@id":"https:\/\/www.pontedeume.gal\/es\/visitas-virtuales\/#breadcrumb"},"inLanguage":"es","potentialAction":[{"@type":"ReadAction","target":["https:\/\/www.pontedeume.gal\/es\/visitas-virtuales\/"]}]},{"@type":"BreadcrumbList","@id":"https:\/\/www.pontedeume.gal\/es\/visitas-virtuales\/#breadcrumb","itemListElement":[{"@type":"ListItem","position":1,"name":"Home","item":"https:\/\/www.pontedeume.gal\/es\/"},{"@type":"ListItem","position":2,"name":"Visitas Virtuales"}]},{"@type":"WebSite","@id":"https:\/\/www.pontedeume.gal\/es\/#website","url":"https:\/\/www.pontedeume.gal\/es\/","name":"Concello de Pontedeume","description":"P\u00e1xina oficial do Concello de Pontedeume","publisher":{"@id":"https:\/\/www.pontedeume.gal\/es\/#organization"},"potentialAction":[{"@type":"SearchAction","target":{"@type":"EntryPoint","urlTemplate":"https:\/\/www.pontedeume.gal\/es\/?s={search_term_string}"},"query-input":{"@type":"PropertyValueSpecification","valueRequired":true,"valueName":"search_term_string"}}],"inLanguage":"es"},{"@type":"Organization","@id":"https:\/\/www.pontedeume.gal\/es\/#organization","name":"Concello de Pontedeume","url":"https:\/\/www.pontedeume.gal\/es\/","logo":{"@type":"ImageObject","inLanguage":"es","@id":"https:\/\/www.pontedeume.gal\/es\/#\/schema\/logo\/image\/","url":"https:\/\/www.pontedeume.gal\/wp-content\/uploads\/2021\/12\/logotipo.png","contentUrl":"https:\/\/www.pontedeume.gal\/wp-content\/uploads\/2021\/12\/logotipo.png","width":673,"height":200,"caption":"Concello de Pontedeume"},"image":{"@id":"https:\/\/www.pontedeume.gal\/es\/#\/schema\/logo\/image\/"},"sameAs":["https:\/\/www.facebook.com\/concellodepontedeume\/"]}]}},"_links":{"self":[{"href":"https:\/\/www.pontedeume.gal\/es\/wp-json\/wp\/v2\/pages\/19843","targetHints":{"allow":["GET"]}}],"collection":[{"href":"https:\/\/www.pontedeume.gal\/es\/wp-json\/wp\/v2\/pages"}],"about":[{"href":"https:\/\/www.pontedeume.gal\/es\/wp-json\/wp\/v2\/types\/page"}],"author":[{"embeddable":true,"href":"https:\/\/www.pontedeume.gal\/es\/wp-json\/wp\/v2\/users\/1"}],"replies":[{"embeddable":true,"href":"https:\/\/www.pontedeume.gal\/es\/wp-json\/wp\/v2\/comments?post=19843"}],"version-history":[{"count":0,"href":"https:\/\/www.pontedeume.gal\/es\/wp-json\/wp\/v2\/pages\/19843\/revisions"}],"wp:attachment":[{"href":"https:\/\/www.pontedeume.gal\/es\/wp-json\/wp\/v2\/media?parent=19843"}],"curies":[{"name":"wp","href":"https:\/\/api.w.org\/{rel}","templated":true}]}}