{"id":17330,"date":"2017-10-26T17:09:39","date_gmt":"2017-10-26T15:09:39","guid":{"rendered":"https:\/\/www.pontedeume.gal\/?page_id=17330"},"modified":"2017-11-09T10:08:42","modified_gmt":"2017-11-09T08:08:42","slug":"urbanismo","status":"publish","type":"page","link":"https:\/\/www.pontedeume.gal\/es\/ayuntamiento\/urbanismo\/","title":{"rendered":"Urbanismo"},"content":{"rendered":"<div id=\"cmsmasters_row_\" class=\"cmsmasters_row cmsmasters_color_scheme_default cmsmasters_row_top_default cmsmasters_row_bot_default cmsmasters_row_boxed\">\n<div class=\"cmsmasters_row_outer_parent\">\n<div class=\"cmsmasters_row_outer\">\n<div class=\"cmsmasters_row_inner\">\n<div class=\"cmsmasters_row_margin\">\n<div id=\"cmsmasters_column_\" class=\"cmsmasters_column one_first\">\n<div class=\"cmsmasters_column_inner\"><div class=\"cmsmasters_posts_slider project\" >\r\n\t\t<div id=\"cmsmasters_slider_fatvbun7gs\" class=\"cmsmasters_owl_slider owl-carousel\" data-items=\"4\" data-single-item=\"false\" data-auto-play=\"5000\"><div class=\"cmsmasters_owl_slider_item\"><!-- Start Posts Slider Project Article -->\r\n<article id=\"post-17834\" class=\"cmsmasters_slider_project post-17834 project type-project status-publish format-standard has-post-thumbnail hentry pj-categs-urbanismo-es pj-tags-urbanismo-es\">\r\n\t<div class=\"cmsmasters_slider_project_outer\">\r\n\t<div class=\"cmsmasters_slider_project_img_wrap\"><figure class=\"cmsmasters_img_rollover_wrap preloader\"><img loading=\"lazy\" decoding=\"async\" width=\"580\" height=\"490\" src=\"https:\/\/www.pontedeume.gal\/wp-content\/uploads\/2017\/10\/form_urbanismo-1-580x490.jpg\" class=\"full-width wp-post-image\" alt=\"form_urbanismo\" title=\"form_urbanismo\" \/><div class=\"cmsmasters_img_rollover\"><a href=\"https:\/\/www.pontedeume.gal\/es\/project\/consultas-cidadans-urbanismo\/\" title=\"Consultas ciudadanas al departamento de urbanismo\" class=\"cmsmasters_open_link\"><\/a><\/div><\/figure><\/div><div class=\"cmsmasters_slider_project_inner\"><header class=\"cmsmasters_slider_project_header entry-header\"><h2 class=\"cmsmasters_slider_project_title entry-title\"><a href=\"https:\/\/www.pontedeume.gal\/es\/project\/consultas-cidadans-urbanismo\/\">Consultas ciudadanas al departamento de urbanismo<\/a><\/h2><\/header><div class=\"cmsmasters_slider_project_content entry-content\">\n<p>Horario de atenci\u00f3n al p\u00fablico: ARQUITECTA: Lunes de 12:00 a 14:00. ARQUITECTO T\u00c9CNICO: Jueves de 12:00 a 14:00.<\/p>\n<\/div>\n<a href=\"https:\/\/www.pontedeume.gal\/es\/project\/consultas-cidadans-urbanismo\/\" title=\"Consultas ciudadanas al departamento de urbanismo\" class=\"cmsmasters_project_read_more\">Leer m\u00e1s<\/a><\/div>\t<\/div>\r\n<\/article>\r\n<!-- Finish Posts Slider Project Article -->\r\n\r\n<\/div><\/div><\/div>\n<\/div><\/div>\n<\/div>\n<\/div>\n<\/div>\n<\/div>\n<\/div>\n\n","protected":false},"excerpt":{"rendered":"","protected":false},"author":3,"featured_media":0,"parent":14356,"menu_order":0,"comment_status":"closed","ping_status":"closed","template":"","meta":{"inline_featured_image":false,"footnotes":""},"class_list":["post-17330","page","type-page","status-publish","hentry"],"yoast_head":"<!-- This site is optimized with the Yoast SEO plugin v26.2 - https:\/\/yoast.com\/wordpress\/plugins\/seo\/ -->\n<title>Urbanismo | Concello de Pontedeume<\/title>\n<meta name=\"description\" content=\"Urbanismo en el Ayuntamiento de Pontedeume\" \/>\n<meta name=\"robots\" content=\"index, follow, max-snippet:-1, max-image-preview:large, max-video-preview:-1\" \/>\n<link rel=\"canonical\" href=\"https:\/\/www.pontedeume.gal\/es\/ayuntamiento\/urbanismo\/\" \/>\n<meta property=\"og:locale\" content=\"es_ES\" \/>\n<meta property=\"og:type\" content=\"article\" \/>\n<meta property=\"og:title\" content=\"Urbanismo | Concello de Pontedeume\" \/>\n<meta property=\"og:description\" content=\"Urbanismo en el Ayuntamiento de Pontedeume\" \/>\n<meta property=\"og:url\" content=\"https:\/\/www.pontedeume.gal\/es\/ayuntamiento\/urbanismo\/\" \/>\n<meta property=\"og:site_name\" content=\"Concello de Pontedeume\" \/>\n<meta property=\"article:publisher\" content=\"https:\/\/www.facebook.com\/concellodepontedeume\/\" \/>\n<meta property=\"article:modified_time\" content=\"2017-11-09T08:08:42+00:00\" \/>\n<meta property=\"og:image\" content=\"https:\/\/www.pontedeume.gal\/wp-content\/uploads\/2021\/12\/logotipo.png\" \/>\n\t<meta property=\"og:image:width\" content=\"673\" \/>\n\t<meta property=\"og:image:height\" content=\"200\" \/>\n\t<meta property=\"og:image:type\" content=\"image\/png\" \/>\n<script type=\"application\/ld+json\" class=\"yoast-schema-graph\">{\"@context\":\"https:\/\/schema.org\",\"@graph\":[{\"@type\":\"WebPage\",\"@id\":\"https:\/\/www.pontedeume.gal\/es\/ayuntamiento\/urbanismo\/\",\"url\":\"https:\/\/www.pontedeume.gal\/es\/ayuntamiento\/urbanismo\/\",\"name\":\"Urbanismo | Concello de Pontedeume\",\"isPartOf\":{\"@id\":\"https:\/\/www.pontedeume.gal\/es\/#website\"},\"datePublished\":\"2017-10-26T15:09:39+00:00\",\"dateModified\":\"2017-11-09T08:08:42+00:00\",\"description\":\"Urbanismo en el Ayuntamiento de Pontedeume\",\"breadcrumb\":{\"@id\":\"https:\/\/www.pontedeume.gal\/es\/ayuntamiento\/urbanismo\/#breadcrumb\"},\"inLanguage\":\"es\",\"potentialAction\":[{\"@type\":\"ReadAction\",\"target\":[\"https:\/\/www.pontedeume.gal\/es\/ayuntamiento\/urbanismo\/\"]}]},{\"@type\":\"BreadcrumbList\",\"@id\":\"https:\/\/www.pontedeume.gal\/es\/ayuntamiento\/urbanismo\/#breadcrumb\",\"itemListElement\":[{\"@type\":\"ListItem\",\"position\":1,\"name\":\"Home\",\"item\":\"https:\/\/www.pontedeume.gal\/es\/\"},{\"@type\":\"ListItem\",\"position\":2,\"name\":\"Tu Ayuntamiento\",\"item\":\"https:\/\/www.pontedeume.gal\/es\/ayuntamiento\/\"},{\"@type\":\"ListItem\",\"position\":3,\"name\":\"Urbanismo\"}]},{\"@type\":\"WebSite\",\"@id\":\"https:\/\/www.pontedeume.gal\/es\/#website\",\"url\":\"https:\/\/www.pontedeume.gal\/es\/\",\"name\":\"Concello de Pontedeume\",\"description\":\"P\u00e1xina oficial do Concello de Pontedeume\",\"publisher\":{\"@id\":\"https:\/\/www.pontedeume.gal\/es\/#organization\"},\"potentialAction\":[{\"@type\":\"SearchAction\",\"target\":{\"@type\":\"EntryPoint\",\"urlTemplate\":\"https:\/\/www.pontedeume.gal\/es\/?s={search_term_string}\"},\"query-input\":{\"@type\":\"PropertyValueSpecification\",\"valueRequired\":true,\"valueName\":\"search_term_string\"}}],\"inLanguage\":\"es\"},{\"@type\":\"Organization\",\"@id\":\"https:\/\/www.pontedeume.gal\/es\/#organization\",\"name\":\"Concello de Pontedeume\",\"url\":\"https:\/\/www.pontedeume.gal\/es\/\",\"logo\":{\"@type\":\"ImageObject\",\"inLanguage\":\"es\",\"@id\":\"https:\/\/www.pontedeume.gal\/es\/#\/schema\/logo\/image\/\",\"url\":\"https:\/\/www.pontedeume.gal\/wp-content\/uploads\/2021\/12\/logotipo.png\",\"contentUrl\":\"https:\/\/www.pontedeume.gal\/wp-content\/uploads\/2021\/12\/logotipo.png\",\"width\":673,\"height\":200,\"caption\":\"Concello de Pontedeume\"},\"image\":{\"@id\":\"https:\/\/www.pontedeume.gal\/es\/#\/schema\/logo\/image\/\"},\"sameAs\":[\"https:\/\/www.facebook.com\/concellodepontedeume\/\"]}]}<\/script>\n<!-- \/ Yoast SEO plugin. -->","yoast_head_json":{"title":"Urbanismo | Concello de Pontedeume","description":"Urbanismo en el Ayuntamiento de Pontedeume","robots":{"index":"index","follow":"follow","max-snippet":"max-snippet:-1","max-image-preview":"max-image-preview:large","max-video-preview":"max-video-preview:-1"},"canonical":"https:\/\/www.pontedeume.gal\/es\/ayuntamiento\/urbanismo\/","og_locale":"es_ES","og_type":"article","og_title":"Urbanismo | Concello de Pontedeume","og_description":"Urbanismo en el Ayuntamiento de Pontedeume","og_url":"https:\/\/www.pontedeume.gal\/es\/ayuntamiento\/urbanismo\/","og_site_name":"Concello de Pontedeume","article_publisher":"https:\/\/www.facebook.com\/concellodepontedeume\/","article_modified_time":"2017-11-09T08:08:42+00:00","og_image":[{"width":673,"height":200,"url":"https:\/\/www.pontedeume.gal\/wp-content\/uploads\/2021\/12\/logotipo.png","type":"image\/png"}],"schema":{"@context":"https:\/\/schema.org","@graph":[{"@type":"WebPage","@id":"https:\/\/www.pontedeume.gal\/es\/ayuntamiento\/urbanismo\/","url":"https:\/\/www.pontedeume.gal\/es\/ayuntamiento\/urbanismo\/","name":"Urbanismo | Concello de Pontedeume","isPartOf":{"@id":"https:\/\/www.pontedeume.gal\/es\/#website"},"datePublished":"2017-10-26T15:09:39+00:00","dateModified":"2017-11-09T08:08:42+00:00","description":"Urbanismo en el Ayuntamiento de Pontedeume","breadcrumb":{"@id":"https:\/\/www.pontedeume.gal\/es\/ayuntamiento\/urbanismo\/#breadcrumb"},"inLanguage":"es","potentialAction":[{"@type":"ReadAction","target":["https:\/\/www.pontedeume.gal\/es\/ayuntamiento\/urbanismo\/"]}]},{"@type":"BreadcrumbList","@id":"https:\/\/www.pontedeume.gal\/es\/ayuntamiento\/urbanismo\/#breadcrumb","itemListElement":[{"@type":"ListItem","position":1,"name":"Home","item":"https:\/\/www.pontedeume.gal\/es\/"},{"@type":"ListItem","position":2,"name":"Tu Ayuntamiento","item":"https:\/\/www.pontedeume.gal\/es\/ayuntamiento\/"},{"@type":"ListItem","position":3,"name":"Urbanismo"}]},{"@type":"WebSite","@id":"https:\/\/www.pontedeume.gal\/es\/#website","url":"https:\/\/www.pontedeume.gal\/es\/","name":"Concello de Pontedeume","description":"P\u00e1xina oficial do Concello de Pontedeume","publisher":{"@id":"https:\/\/www.pontedeume.gal\/es\/#organization"},"potentialAction":[{"@type":"SearchAction","target":{"@type":"EntryPoint","urlTemplate":"https:\/\/www.pontedeume.gal\/es\/?s={search_term_string}"},"query-input":{"@type":"PropertyValueSpecification","valueRequired":true,"valueName":"search_term_string"}}],"inLanguage":"es"},{"@type":"Organization","@id":"https:\/\/www.pontedeume.gal\/es\/#organization","name":"Concello de Pontedeume","url":"https:\/\/www.pontedeume.gal\/es\/","logo":{"@type":"ImageObject","inLanguage":"es","@id":"https:\/\/www.pontedeume.gal\/es\/#\/schema\/logo\/image\/","url":"https:\/\/www.pontedeume.gal\/wp-content\/uploads\/2021\/12\/logotipo.png","contentUrl":"https:\/\/www.pontedeume.gal\/wp-content\/uploads\/2021\/12\/logotipo.png","width":673,"height":200,"caption":"Concello de Pontedeume"},"image":{"@id":"https:\/\/www.pontedeume.gal\/es\/#\/schema\/logo\/image\/"},"sameAs":["https:\/\/www.facebook.com\/concellodepontedeume\/"]}]}},"_links":{"self":[{"href":"https:\/\/www.pontedeume.gal\/es\/wp-json\/wp\/v2\/pages\/17330","targetHints":{"allow":["GET"]}}],"collection":[{"href":"https:\/\/www.pontedeume.gal\/es\/wp-json\/wp\/v2\/pages"}],"about":[{"href":"https:\/\/www.pontedeume.gal\/es\/wp-json\/wp\/v2\/types\/page"}],"author":[{"embeddable":true,"href":"https:\/\/www.pontedeume.gal\/es\/wp-json\/wp\/v2\/users\/3"}],"replies":[{"embeddable":true,"href":"https:\/\/www.pontedeume.gal\/es\/wp-json\/wp\/v2\/comments?post=17330"}],"version-history":[{"count":0,"href":"https:\/\/www.pontedeume.gal\/es\/wp-json\/wp\/v2\/pages\/17330\/revisions"}],"up":[{"embeddable":true,"href":"https:\/\/www.pontedeume.gal\/es\/wp-json\/wp\/v2\/pages\/14356"}],"wp:attachment":[{"href":"https:\/\/www.pontedeume.gal\/es\/wp-json\/wp\/v2\/media?parent=17330"}],"curies":[{"name":"wp","href":"https:\/\/api.w.org\/{rel}","templated":true}]}}