{"id":16811,"date":"2017-10-24T17:34:01","date_gmt":"2017-10-24T15:34:01","guid":{"rendered":"https:\/\/www.pontedeume.gal\/?page_id=16811"},"modified":"2022-01-27T09:56:57","modified_gmt":"2022-01-27T08:56:57","slug":"ocio-cultura-deportes","status":"publish","type":"page","link":"https:\/\/www.pontedeume.gal\/es\/ayuntamiento\/ocio-cultura-deportes\/","title":{"rendered":"Ocio, cultura y deportes"},"content":{"rendered":"<div id=\"cmsmasters_row_\" class=\"cmsmasters_row cmsmasters_color_scheme_default cmsmasters_row_top_default cmsmasters_row_bot_default cmsmasters_row_boxed\">\n<div class=\"cmsmasters_row_outer_parent\">\n<div class=\"cmsmasters_row_outer\">\n<div class=\"cmsmasters_row_inner\">\n<div class=\"cmsmasters_row_margin\">\n<div id=\"cmsmasters_column_\" class=\"cmsmasters_column one_first\">\n<div class=\"cmsmasters_column_inner\"><div class=\"cmsmasters_posts_slider project\" >\r\n\t\t<div id=\"cmsmasters_slider_fatvbun7gs\" class=\"cmsmasters_owl_slider owl-carousel\" data-items=\"4\" data-single-item=\"false\" data-auto-play=\"5000\"><div class=\"cmsmasters_owl_slider_item\"><!-- Start Posts Slider Project Article -->\r\n<article id=\"post-16014\" class=\"cmsmasters_slider_project post-16014 project type-project status-publish format-standard has-post-thumbnail hentry pj-categs-ocio-cultura-deportes-es pj-tags-ciudadania pj-tags-formacion-empleo pj-tags-ocio-cultura-deporte-es\">\r\n\t<div class=\"cmsmasters_slider_project_outer\">\r\n\t<div class=\"cmsmasters_slider_project_img_wrap\"><figure class=\"cmsmasters_img_rollover_wrap preloader\"><img loading=\"lazy\" decoding=\"async\" width=\"580\" height=\"490\" src=\"https:\/\/www.pontedeume.gal\/wp-content\/uploads\/2017\/10\/Actividad-interior-Biblioteca-580x490.jpg\" class=\"full-width wp-post-image\" alt=\"Actividad-interior-Biblioteca\" title=\"Actividad-interior-Biblioteca\" \/><div class=\"cmsmasters_img_rollover\"><a href=\"https:\/\/www.pontedeume.gal\/es\/project\/biblioteca\/\" title=\"Biblioteca P\u00fablica Municipal \u00abPoeta Ramiro Fonte\u00bb\" class=\"cmsmasters_open_link\"><\/a><\/div><\/figure><\/div><div class=\"cmsmasters_slider_project_inner\"><header class=\"cmsmasters_slider_project_header entry-header\"><h2 class=\"cmsmasters_slider_project_title entry-title\"><a href=\"https:\/\/www.pontedeume.gal\/es\/project\/biblioteca\/\">Biblioteca P\u00fablica Municipal \u00abPoeta Ramiro Fonte\u00bb<\/a><\/h2><\/header><div class=\"cmsmasters_slider_project_content entry-content\">\n<p>Servicios: Prestamos de libros, consulta en sala, Internet.<br \/>\nHorario: Del 15 de septiembre al 30 de junio...<\/p>\n<\/div>\n<a href=\"https:\/\/www.pontedeume.gal\/es\/project\/biblioteca\/\" title=\"Biblioteca P\u00fablica Municipal \u00abPoeta Ramiro Fonte\u00bb\" class=\"cmsmasters_project_read_more\">Leer m\u00e1s<\/a><\/div>\t<\/div>\r\n<\/article>\r\n<!-- Finish Posts Slider Project Article -->\r\n\r\n<\/div><div class=\"cmsmasters_owl_slider_item\"><!-- Start Posts Slider Project Article -->\r\n<article id=\"post-16790\" class=\"cmsmasters_slider_project post-16790 project type-project status-publish format-standard has-post-thumbnail hentry pj-categs-conciliacion-servicios-sociales pj-categs-ocio-cultura-deportes-es pj-tags-ciudadania pj-tags-ocio-cultura-deporte-es\">\r\n\t<div class=\"cmsmasters_slider_project_outer\">\r\n\t<div class=\"cmsmasters_slider_project_img_wrap\"><figure class=\"cmsmasters_img_rollover_wrap preloader\"><img loading=\"lazy\" decoding=\"async\" width=\"580\" height=\"490\" src=\"https:\/\/www.pontedeume.gal\/wp-content\/uploads\/2017\/10\/FotoCentroDeMayores-580x490.jpg\" class=\"full-width wp-post-image\" alt=\"Centro de Mayores\" title=\"FotoCentroDeMayores\" \/><div class=\"cmsmasters_img_rollover\"><a href=\"https:\/\/www.pontedeume.gal\/es\/project\/centro-de-mayores\/\" title=\"Centro de Mayores\" class=\"cmsmasters_open_link\"><\/a><\/div><\/figure><\/div><div class=\"cmsmasters_slider_project_inner\"><header class=\"cmsmasters_slider_project_header entry-header\"><h2 class=\"cmsmasters_slider_project_title entry-title\"><a href=\"https:\/\/www.pontedeume.gal\/es\/project\/centro-de-mayores\/\">Centro de Mayores<\/a><\/h2><\/header><div class=\"cmsmasters_slider_project_content entry-content\">\n<p>Sal\u00f3n de actos, biblioteca, ludoteca y servicio de cafeter\u00eda.<br \/>\nActividades de educaci\u00f3n f\u00edsica y entrenamiento motriz, conocimiento del entorno, cursos de formaci\u00f3n en salud, etc.<\/p>\n<\/div>\n<a href=\"https:\/\/www.pontedeume.gal\/es\/project\/centro-de-mayores\/\" title=\"Centro de Mayores\" class=\"cmsmasters_project_read_more\">Leer m\u00e1s<\/a><\/div>\t<\/div>\r\n<\/article>\r\n<!-- Finish Posts Slider Project Article -->\r\n\r\n<\/div><div class=\"cmsmasters_owl_slider_item\"><!-- Start Posts Slider Project Article -->\r\n<article id=\"post-16800\" class=\"cmsmasters_slider_project post-16800 project type-project status-publish format-standard has-post-thumbnail hentry pj-categs-ocio-cultura-deportes-es pj-tags-ciudadania pj-tags-ocio-cultura-deporte-es\">\r\n\t<div class=\"cmsmasters_slider_project_outer\">\r\n\t<div class=\"cmsmasters_slider_project_img_wrap\"><figure class=\"cmsmasters_img_rollover_wrap preloader\"><img loading=\"lazy\" decoding=\"async\" width=\"580\" height=\"490\" src=\"https:\/\/www.pontedeume.gal\/wp-content\/uploads\/2017\/10\/07_EscolasDeportivas-580x490.jpg\" class=\"full-width wp-post-image\" alt=\"Escuelas deportivas\" title=\"07_EscolasDeportivas\" \/><div class=\"cmsmasters_img_rollover\"><a href=\"https:\/\/www.pontedeume.gal\/es\/project\/escuelas-deportivas\/\" title=\"Escuelas deportivas\" class=\"cmsmasters_open_link\"><\/a><\/div><\/figure><\/div><div class=\"cmsmasters_slider_project_inner\"><header class=\"cmsmasters_slider_project_header entry-header\"><h2 class=\"cmsmasters_slider_project_title entry-title\"><a href=\"https:\/\/www.pontedeume.gal\/es\/project\/escuelas-deportivas\/\">Escuelas deportivas<\/a><\/h2><\/header><div class=\"cmsmasters_slider_project_content entry-content\">\n<p>Escuelas deportivas municipales:<br \/>\nEscuelas de menores: Patinaje, atletismo, taekwondo, v\u00f3leibol y ajedrez...<\/p>\n<\/div>\n<a href=\"https:\/\/www.pontedeume.gal\/es\/project\/escuelas-deportivas\/\" title=\"Escuelas deportivas\" class=\"cmsmasters_project_read_more\">Leer m\u00e1s<\/a><\/div>\t<\/div>\r\n<\/article>\r\n<!-- Finish Posts Slider Project Article -->\r\n\r\n<\/div><div class=\"cmsmasters_owl_slider_item\"><!-- Start Posts Slider Project Article -->\r\n<article id=\"post-20102\" class=\"cmsmasters_slider_project post-20102 project type-project status-publish format-standard has-post-thumbnail hentry pj-categs-ocio-cultura-deportes-es pj-tags-ciudadania pj-tags-ocio-cultura-deporte-es\">\r\n\t<div class=\"cmsmasters_slider_project_outer\">\r\n\t<div class=\"cmsmasters_slider_project_img_wrap\"><figure class=\"cmsmasters_img_rollover_wrap preloader\"><img loading=\"lazy\" decoding=\"async\" width=\"580\" height=\"337\" src=\"https:\/\/www.pontedeume.gal\/wp-content\/uploads\/2022\/01\/1622048322-580x337.jpg\" class=\"full-width wp-post-image\" alt=\"Pabell\u00f3n Municipal de deportes \u00abA Casqueira\u00bb y pista de padel\" title=\"1622048322\" \/><div class=\"cmsmasters_img_rollover\"><a href=\"https:\/\/www.pontedeume.gal\/es\/project\/pavillon-municipal-de-deportes-a-casqueira-e-pista-de-padel\/\" title=\"Pabell\u00f3n Municipal de deportes \u00abA Casqueira\u00bb y pista de padel\" class=\"cmsmasters_open_link\"><\/a><\/div><\/figure><\/div><div class=\"cmsmasters_slider_project_inner\"><header class=\"cmsmasters_slider_project_header entry-header\"><h2 class=\"cmsmasters_slider_project_title entry-title\"><a href=\"https:\/\/www.pontedeume.gal\/es\/project\/pavillon-municipal-de-deportes-a-casqueira-e-pista-de-padel\/\">Pabell\u00f3n Municipal de deportes \u00abA Casqueira\u00bb y pista de padel<\/a><\/h2><\/header><div class=\"cmsmasters_slider_project_content entry-content\">\n<p>Pistas de baloncesto, futbolsala e balonmano...<\/p>\n<\/div>\n<a href=\"https:\/\/www.pontedeume.gal\/es\/project\/pavillon-municipal-de-deportes-a-casqueira-e-pista-de-padel\/\" title=\"Pabell\u00f3n Municipal de deportes \u00abA Casqueira\u00bb y pista de padel\" class=\"cmsmasters_project_read_more\">Leer m\u00e1s<\/a><\/div>\t<\/div>\r\n<\/article>\r\n<!-- Finish Posts Slider Project Article -->\r\n\r\n<\/div><div class=\"cmsmasters_owl_slider_item\"><!-- Start Posts Slider Project Article -->\r\n<article id=\"post-20104\" class=\"cmsmasters_slider_project post-20104 project type-project status-publish format-standard has-post-thumbnail hentry pj-categs-ocio-cultura-deportes-es pj-tags-ciudadania pj-tags-ocio-cultura-deporte-es\">\r\n\t<div class=\"cmsmasters_slider_project_outer\">\r\n\t<div class=\"cmsmasters_slider_project_img_wrap\"><figure class=\"cmsmasters_img_rollover_wrap preloader\"><img loading=\"lazy\" decoding=\"async\" width=\"580\" height=\"300\" src=\"https:\/\/www.pontedeume.gal\/wp-content\/uploads\/2022\/01\/03_PistaSarmiento-580x300.jpg\" class=\"full-width wp-post-image\" alt=\"Pista de Tenis Parque Sarmiento\" title=\"03_PistaSarmiento\" \/><div class=\"cmsmasters_img_rollover\"><a href=\"https:\/\/www.pontedeume.gal\/es\/project\/pista-de-tenis-parque-sarmiento\/\" title=\"Pista de Tenis Parque Sarmiento\" class=\"cmsmasters_open_link\"><\/a><\/div><\/figure><\/div><div class=\"cmsmasters_slider_project_inner\"><header class=\"cmsmasters_slider_project_header entry-header\"><h2 class=\"cmsmasters_slider_project_title entry-title\"><a href=\"https:\/\/www.pontedeume.gal\/es\/project\/pista-de-tenis-parque-sarmiento\/\">Pista de Tenis Parque Sarmiento<\/a><\/h2><\/header><div class=\"cmsmasters_slider_project_content entry-content\">\n<p>Horario: Lunes a Domingo: 09:00 a 21:00...<\/p>\n<\/div>\n<a href=\"https:\/\/www.pontedeume.gal\/es\/project\/pista-de-tenis-parque-sarmiento\/\" title=\"Pista de Tenis Parque Sarmiento\" class=\"cmsmasters_project_read_more\">Leer m\u00e1s<\/a><\/div>\t<\/div>\r\n<\/article>\r\n<!-- Finish Posts Slider Project Article -->\r\n\r\n<\/div><div class=\"cmsmasters_owl_slider_item\"><!-- Start Posts Slider Project Article -->\r\n<article id=\"post-20115\" class=\"cmsmasters_slider_project post-20115 project type-project status-publish format-standard has-post-thumbnail hentry pj-categs-ocio-cultura-deportes-es pj-tags-ciudadania pj-tags-ocio-cultura-deporte-es\">\r\n\t<div class=\"cmsmasters_slider_project_outer\">\r\n\t<div class=\"cmsmasters_slider_project_img_wrap\"><figure class=\"cmsmasters_img_rollover_wrap preloader\"><img loading=\"lazy\" decoding=\"async\" width=\"580\" height=\"490\" src=\"https:\/\/www.pontedeume.gal\/wp-content\/uploads\/2022\/01\/04_CampoFutbolAGandara-580x490.jpg\" class=\"full-width wp-post-image\" alt=\"Campo de F\u00fatbol \u00abA G\u00e1ndara\u00bb\" title=\"04_CampoFutbolAGandara\" \/><div class=\"cmsmasters_img_rollover\"><a href=\"https:\/\/www.pontedeume.gal\/es\/project\/campo-de-futbol-a-gandara\/\" title=\"Campo de F\u00fatbol \u00abA G\u00e1ndara\u00bb\" class=\"cmsmasters_open_link\"><\/a><\/div><\/figure><\/div><div class=\"cmsmasters_slider_project_inner\"><header class=\"cmsmasters_slider_project_header entry-header\"><h2 class=\"cmsmasters_slider_project_title entry-title\"><a href=\"https:\/\/www.pontedeume.gal\/es\/project\/campo-de-futbol-a-gandara\/\">Campo de F\u00fatbol \u00abA G\u00e1ndara\u00bb<\/a><\/h2><\/header><div class=\"cmsmasters_slider_project_content entry-content\">\n<p>Campo de hierba artificial con capacidad para 800 personas...<\/p>\n<\/div>\n<a href=\"https:\/\/www.pontedeume.gal\/es\/project\/campo-de-futbol-a-gandara\/\" title=\"Campo de F\u00fatbol \u00abA G\u00e1ndara\u00bb\" class=\"cmsmasters_project_read_more\">Leer m\u00e1s<\/a><\/div>\t<\/div>\r\n<\/article>\r\n<!-- Finish Posts Slider Project Article -->\r\n\r\n<\/div><div class=\"cmsmasters_owl_slider_item\"><!-- Start Posts Slider Project Article -->\r\n<article id=\"post-20118\" class=\"cmsmasters_slider_project post-20118 project type-project status-publish format-standard has-post-thumbnail hentry pj-categs-ocio-cultura-deportes-es pj-tags-ciudadania pj-tags-ocio-cultura-deporte-es\">\r\n\t<div class=\"cmsmasters_slider_project_outer\">\r\n\t<div class=\"cmsmasters_slider_project_img_wrap\"><figure class=\"cmsmasters_img_rollover_wrap preloader\"><img loading=\"lazy\" decoding=\"async\" width=\"580\" height=\"490\" src=\"https:\/\/www.pontedeume.gal\/wp-content\/uploads\/2022\/01\/05_PiscinaMunicipal-580x490.jpg\" class=\"full-width wp-post-image\" alt=\"Piscina Municipal\" title=\"05_PiscinaMunicipal\" \/><div class=\"cmsmasters_img_rollover\"><a href=\"https:\/\/www.pontedeume.gal\/es\/project\/piscina-municipal\/\" title=\"Piscina Municipal\" class=\"cmsmasters_open_link\"><\/a><\/div><\/figure><\/div><div class=\"cmsmasters_slider_project_inner\"><header class=\"cmsmasters_slider_project_header entry-header\"><h2 class=\"cmsmasters_slider_project_title entry-title\"><a href=\"https:\/\/www.pontedeume.gal\/es\/project\/piscina-municipal\/\">Piscina Municipal<\/a><\/h2><\/header><div class=\"cmsmasters_slider_project_content entry-content\">\n<p>Sala fitness, zona relax\/spa, sala ciclo indoor, sala tonificaci\u00f3n y coreogr\u00e1ficas, actividades dirigidas, etc.<\/p>\n<\/div>\n<a href=\"https:\/\/www.pontedeume.gal\/es\/project\/piscina-municipal\/\" title=\"Piscina Municipal\" class=\"cmsmasters_project_read_more\">Leer m\u00e1s<\/a><\/div>\t<\/div>\r\n<\/article>\r\n<!-- Finish Posts Slider Project Article -->\r\n\r\n<\/div><div class=\"cmsmasters_owl_slider_item\"><!-- Start Posts Slider Project Article -->\r\n<article id=\"post-20129\" class=\"cmsmasters_slider_project post-20129 project type-project status-publish format-standard has-post-thumbnail hentry pj-categs-conciliacion-servicios-sociales pj-categs-ocio-cultura-deportes-es pj-tags-ciudadania pj-tags-ocio-cultura-deporte-es\">\r\n\t<div class=\"cmsmasters_slider_project_outer\">\r\n\t<div class=\"cmsmasters_slider_project_img_wrap\"><figure class=\"cmsmasters_img_rollover_wrap preloader\"><img loading=\"lazy\" decoding=\"async\" width=\"580\" height=\"490\" src=\"https:\/\/www.pontedeume.gal\/wp-content\/uploads\/2022\/01\/08_ObradoirosCulturais-580x490.jpg\" class=\"full-width wp-post-image\" alt=\"Talleres culturales\" title=\"08_ObradoirosCulturais\" \/><div class=\"cmsmasters_img_rollover\"><a href=\"https:\/\/www.pontedeume.gal\/es\/project\/talleres-culturales\/\" title=\"Talleres culturales\" class=\"cmsmasters_open_link\"><\/a><\/div><\/figure><\/div><div class=\"cmsmasters_slider_project_inner\"><header class=\"cmsmasters_slider_project_header entry-header\"><h2 class=\"cmsmasters_slider_project_title entry-title\"><a href=\"https:\/\/www.pontedeume.gal\/es\/project\/talleres-culturales\/\">Talleres culturales<\/a><\/h2><\/header><div class=\"cmsmasters_slider_project_content entry-content\">\n<p>Talleres de corte y confecci\u00f3n, bailes de sal\u00f3n, yoga, inform\u00e1tica, memoria...<\/p>\n<\/div>\n<a href=\"https:\/\/www.pontedeume.gal\/es\/project\/talleres-culturales\/\" title=\"Talleres culturales\" class=\"cmsmasters_project_read_more\">Leer m\u00e1s<\/a><\/div>\t<\/div>\r\n<\/article>\r\n<!-- Finish Posts Slider Project Article -->\r\n\r\n<\/div><\/div><\/div>\n<\/div><\/div>\n<\/div>\n<\/div>\n<\/div>\n<\/div>\n<\/div>\n\n","protected":false},"excerpt":{"rendered":"","protected":false},"author":3,"featured_media":0,"parent":14356,"menu_order":0,"comment_status":"closed","ping_status":"closed","template":"","meta":{"inline_featured_image":false,"footnotes":""},"class_list":["post-16811","page","type-page","status-publish","hentry"],"yoast_head":"<!-- This site is optimized with the Yoast SEO plugin v26.2 - https:\/\/yoast.com\/wordpress\/plugins\/seo\/ -->\n<title>Ocio, cultura y deportes | Concello de Pontedeume<\/title>\n<meta name=\"description\" content=\"Ocio, cultura y deportes en el Ayuntamiento de Pontedeume\" \/>\n<meta name=\"robots\" content=\"index, follow, max-snippet:-1, max-image-preview:large, max-video-preview:-1\" \/>\n<link rel=\"canonical\" href=\"https:\/\/www.pontedeume.gal\/es\/ayuntamiento\/ocio-cultura-deportes\/\" \/>\n<meta property=\"og:locale\" content=\"es_ES\" \/>\n<meta property=\"og:type\" content=\"article\" \/>\n<meta property=\"og:title\" content=\"Ocio, cultura y deportes | Concello de Pontedeume\" \/>\n<meta property=\"og:description\" content=\"Ocio, cultura y deportes en el Ayuntamiento de Pontedeume\" \/>\n<meta property=\"og:url\" content=\"https:\/\/www.pontedeume.gal\/es\/ayuntamiento\/ocio-cultura-deportes\/\" \/>\n<meta property=\"og:site_name\" content=\"Concello de Pontedeume\" \/>\n<meta property=\"article:publisher\" content=\"https:\/\/www.facebook.com\/concellodepontedeume\/\" \/>\n<meta property=\"article:modified_time\" content=\"2022-01-27T08:56:57+00:00\" \/>\n<meta property=\"og:image\" content=\"https:\/\/www.pontedeume.gal\/wp-content\/uploads\/2021\/12\/logotipo.png\" \/>\n\t<meta property=\"og:image:width\" content=\"673\" \/>\n\t<meta property=\"og:image:height\" content=\"200\" \/>\n\t<meta property=\"og:image:type\" content=\"image\/png\" \/>\n<script type=\"application\/ld+json\" class=\"yoast-schema-graph\">{\"@context\":\"https:\/\/schema.org\",\"@graph\":[{\"@type\":\"WebPage\",\"@id\":\"https:\/\/www.pontedeume.gal\/es\/ayuntamiento\/ocio-cultura-deportes\/\",\"url\":\"https:\/\/www.pontedeume.gal\/es\/ayuntamiento\/ocio-cultura-deportes\/\",\"name\":\"Ocio, cultura y deportes | Concello de Pontedeume\",\"isPartOf\":{\"@id\":\"https:\/\/www.pontedeume.gal\/es\/#website\"},\"datePublished\":\"2017-10-24T15:34:01+00:00\",\"dateModified\":\"2022-01-27T08:56:57+00:00\",\"description\":\"Ocio, cultura y deportes en el Ayuntamiento de Pontedeume\",\"breadcrumb\":{\"@id\":\"https:\/\/www.pontedeume.gal\/es\/ayuntamiento\/ocio-cultura-deportes\/#breadcrumb\"},\"inLanguage\":\"es\",\"potentialAction\":[{\"@type\":\"ReadAction\",\"target\":[\"https:\/\/www.pontedeume.gal\/es\/ayuntamiento\/ocio-cultura-deportes\/\"]}]},{\"@type\":\"BreadcrumbList\",\"@id\":\"https:\/\/www.pontedeume.gal\/es\/ayuntamiento\/ocio-cultura-deportes\/#breadcrumb\",\"itemListElement\":[{\"@type\":\"ListItem\",\"position\":1,\"name\":\"Home\",\"item\":\"https:\/\/www.pontedeume.gal\/es\/\"},{\"@type\":\"ListItem\",\"position\":2,\"name\":\"Tu Ayuntamiento\",\"item\":\"https:\/\/www.pontedeume.gal\/es\/ayuntamiento\/\"},{\"@type\":\"ListItem\",\"position\":3,\"name\":\"Ocio, cultura y deportes\"}]},{\"@type\":\"WebSite\",\"@id\":\"https:\/\/www.pontedeume.gal\/es\/#website\",\"url\":\"https:\/\/www.pontedeume.gal\/es\/\",\"name\":\"Concello de Pontedeume\",\"description\":\"P\u00e1xina oficial do Concello de Pontedeume\",\"publisher\":{\"@id\":\"https:\/\/www.pontedeume.gal\/es\/#organization\"},\"potentialAction\":[{\"@type\":\"SearchAction\",\"target\":{\"@type\":\"EntryPoint\",\"urlTemplate\":\"https:\/\/www.pontedeume.gal\/es\/?s={search_term_string}\"},\"query-input\":{\"@type\":\"PropertyValueSpecification\",\"valueRequired\":true,\"valueName\":\"search_term_string\"}}],\"inLanguage\":\"es\"},{\"@type\":\"Organization\",\"@id\":\"https:\/\/www.pontedeume.gal\/es\/#organization\",\"name\":\"Concello de Pontedeume\",\"url\":\"https:\/\/www.pontedeume.gal\/es\/\",\"logo\":{\"@type\":\"ImageObject\",\"inLanguage\":\"es\",\"@id\":\"https:\/\/www.pontedeume.gal\/es\/#\/schema\/logo\/image\/\",\"url\":\"https:\/\/www.pontedeume.gal\/wp-content\/uploads\/2021\/12\/logotipo.png\",\"contentUrl\":\"https:\/\/www.pontedeume.gal\/wp-content\/uploads\/2021\/12\/logotipo.png\",\"width\":673,\"height\":200,\"caption\":\"Concello de Pontedeume\"},\"image\":{\"@id\":\"https:\/\/www.pontedeume.gal\/es\/#\/schema\/logo\/image\/\"},\"sameAs\":[\"https:\/\/www.facebook.com\/concellodepontedeume\/\"]}]}<\/script>\n<!-- \/ Yoast SEO plugin. -->","yoast_head_json":{"title":"Ocio, cultura y deportes | Concello de Pontedeume","description":"Ocio, cultura y deportes en el Ayuntamiento de Pontedeume","robots":{"index":"index","follow":"follow","max-snippet":"max-snippet:-1","max-image-preview":"max-image-preview:large","max-video-preview":"max-video-preview:-1"},"canonical":"https:\/\/www.pontedeume.gal\/es\/ayuntamiento\/ocio-cultura-deportes\/","og_locale":"es_ES","og_type":"article","og_title":"Ocio, cultura y deportes | Concello de Pontedeume","og_description":"Ocio, cultura y deportes en el Ayuntamiento de Pontedeume","og_url":"https:\/\/www.pontedeume.gal\/es\/ayuntamiento\/ocio-cultura-deportes\/","og_site_name":"Concello de Pontedeume","article_publisher":"https:\/\/www.facebook.com\/concellodepontedeume\/","article_modified_time":"2022-01-27T08:56:57+00:00","og_image":[{"width":673,"height":200,"url":"https:\/\/www.pontedeume.gal\/wp-content\/uploads\/2021\/12\/logotipo.png","type":"image\/png"}],"schema":{"@context":"https:\/\/schema.org","@graph":[{"@type":"WebPage","@id":"https:\/\/www.pontedeume.gal\/es\/ayuntamiento\/ocio-cultura-deportes\/","url":"https:\/\/www.pontedeume.gal\/es\/ayuntamiento\/ocio-cultura-deportes\/","name":"Ocio, cultura y deportes | Concello de Pontedeume","isPartOf":{"@id":"https:\/\/www.pontedeume.gal\/es\/#website"},"datePublished":"2017-10-24T15:34:01+00:00","dateModified":"2022-01-27T08:56:57+00:00","description":"Ocio, cultura y deportes en el Ayuntamiento de Pontedeume","breadcrumb":{"@id":"https:\/\/www.pontedeume.gal\/es\/ayuntamiento\/ocio-cultura-deportes\/#breadcrumb"},"inLanguage":"es","potentialAction":[{"@type":"ReadAction","target":["https:\/\/www.pontedeume.gal\/es\/ayuntamiento\/ocio-cultura-deportes\/"]}]},{"@type":"BreadcrumbList","@id":"https:\/\/www.pontedeume.gal\/es\/ayuntamiento\/ocio-cultura-deportes\/#breadcrumb","itemListElement":[{"@type":"ListItem","position":1,"name":"Home","item":"https:\/\/www.pontedeume.gal\/es\/"},{"@type":"ListItem","position":2,"name":"Tu Ayuntamiento","item":"https:\/\/www.pontedeume.gal\/es\/ayuntamiento\/"},{"@type":"ListItem","position":3,"name":"Ocio, cultura y deportes"}]},{"@type":"WebSite","@id":"https:\/\/www.pontedeume.gal\/es\/#website","url":"https:\/\/www.pontedeume.gal\/es\/","name":"Concello de Pontedeume","description":"P\u00e1xina oficial do Concello de Pontedeume","publisher":{"@id":"https:\/\/www.pontedeume.gal\/es\/#organization"},"potentialAction":[{"@type":"SearchAction","target":{"@type":"EntryPoint","urlTemplate":"https:\/\/www.pontedeume.gal\/es\/?s={search_term_string}"},"query-input":{"@type":"PropertyValueSpecification","valueRequired":true,"valueName":"search_term_string"}}],"inLanguage":"es"},{"@type":"Organization","@id":"https:\/\/www.pontedeume.gal\/es\/#organization","name":"Concello de Pontedeume","url":"https:\/\/www.pontedeume.gal\/es\/","logo":{"@type":"ImageObject","inLanguage":"es","@id":"https:\/\/www.pontedeume.gal\/es\/#\/schema\/logo\/image\/","url":"https:\/\/www.pontedeume.gal\/wp-content\/uploads\/2021\/12\/logotipo.png","contentUrl":"https:\/\/www.pontedeume.gal\/wp-content\/uploads\/2021\/12\/logotipo.png","width":673,"height":200,"caption":"Concello de Pontedeume"},"image":{"@id":"https:\/\/www.pontedeume.gal\/es\/#\/schema\/logo\/image\/"},"sameAs":["https:\/\/www.facebook.com\/concellodepontedeume\/"]}]}},"_links":{"self":[{"href":"https:\/\/www.pontedeume.gal\/es\/wp-json\/wp\/v2\/pages\/16811","targetHints":{"allow":["GET"]}}],"collection":[{"href":"https:\/\/www.pontedeume.gal\/es\/wp-json\/wp\/v2\/pages"}],"about":[{"href":"https:\/\/www.pontedeume.gal\/es\/wp-json\/wp\/v2\/types\/page"}],"author":[{"embeddable":true,"href":"https:\/\/www.pontedeume.gal\/es\/wp-json\/wp\/v2\/users\/3"}],"replies":[{"embeddable":true,"href":"https:\/\/www.pontedeume.gal\/es\/wp-json\/wp\/v2\/comments?post=16811"}],"version-history":[{"count":0,"href":"https:\/\/www.pontedeume.gal\/es\/wp-json\/wp\/v2\/pages\/16811\/revisions"}],"up":[{"embeddable":true,"href":"https:\/\/www.pontedeume.gal\/es\/wp-json\/wp\/v2\/pages\/14356"}],"wp:attachment":[{"href":"https:\/\/www.pontedeume.gal\/es\/wp-json\/wp\/v2\/media?parent=16811"}],"curies":[{"name":"wp","href":"https:\/\/api.w.org\/{rel}","templated":true}]}}