{"id":16809,"date":"2017-10-24T17:33:22","date_gmt":"2017-10-24T15:33:22","guid":{"rendered":"https:\/\/www.pontedeume.gal\/?page_id=16809"},"modified":"2022-01-19T12:28:47","modified_gmt":"2022-01-19T11:28:47","slug":"conciliacion-y-servicios-sociales","status":"publish","type":"page","link":"https:\/\/www.pontedeume.gal\/es\/ayuntamiento\/conciliacion-y-servicios-sociales\/","title":{"rendered":"Conciliaci\u00f3n y servicios sociales"},"content":{"rendered":"<div id=\"cmsmasters_row_\" class=\"cmsmasters_row cmsmasters_color_scheme_default cmsmasters_row_top_default cmsmasters_row_bot_default cmsmasters_row_boxed\">\n<div class=\"cmsmasters_row_outer_parent\">\n<div class=\"cmsmasters_row_outer\">\n<div class=\"cmsmasters_row_inner\">\n<div class=\"cmsmasters_row_margin\">\n<div id=\"cmsmasters_column_\" class=\"cmsmasters_column one_first\">\n<div class=\"cmsmasters_column_inner\"><div class=\"cmsmasters_posts_slider project\" >\r\n\t\t<div id=\"cmsmasters_slider_fatvbun7gs\" class=\"cmsmasters_owl_slider owl-carousel\" data-items=\"4\" data-single-item=\"false\" data-auto-play=\"5000\"><div class=\"cmsmasters_owl_slider_item\"><!-- Start Posts Slider Project Article -->\r\n<article id=\"post-16023\" class=\"cmsmasters_slider_project post-16023 project type-project status-publish format-standard has-post-thumbnail hentry pj-categs-conciliacion-servicios-sociales pj-tags-ciudadania pj-tags-formacion-empleo\">\r\n\t<div class=\"cmsmasters_slider_project_outer\">\r\n\t<div class=\"cmsmasters_slider_project_img_wrap\"><figure class=\"cmsmasters_img_rollover_wrap preloader\"><img loading=\"lazy\" decoding=\"async\" width=\"447\" height=\"251\" src=\"https:\/\/www.pontedeume.gal\/wp-content\/uploads\/2017\/10\/garderia_foto.jpg\" class=\"full-width wp-post-image\" alt=\"garderia\" title=\"garderia_foto\" srcset=\"https:\/\/www.pontedeume.gal\/wp-content\/uploads\/2017\/10\/garderia_foto.jpg 447w, https:\/\/www.pontedeume.gal\/wp-content\/uploads\/2017\/10\/garderia_foto-300x168.jpg 300w\" sizes=\"auto, (max-width: 447px) 100vw, 447px\" \/><div class=\"cmsmasters_img_rollover\"><a href=\"https:\/\/www.pontedeume.gal\/es\/project\/escuela-infantil-municipal-chale-rosa\/\" title=\"Escuela Infantil Municipal Chal\u00e9 Rosa\" class=\"cmsmasters_open_link\"><\/a><\/div><\/figure><\/div><div class=\"cmsmasters_slider_project_inner\"><header class=\"cmsmasters_slider_project_header entry-header\"><h2 class=\"cmsmasters_slider_project_title entry-title\"><a href=\"https:\/\/www.pontedeume.gal\/es\/project\/escuela-infantil-municipal-chale-rosa\/\">Escuela Infantil Municipal Chal\u00e9 Rosa<\/a><\/h2><\/header><div class=\"cmsmasters_slider_project_content entry-content\">\n<p>La Escuela Infantil Municipal \u201cChal\u00e9 Rosa\u201d est\u00e1 situada en la Avda. Ricardo S\u00e1nchez, en una de las entradas al Paseo Mar\u00edtimo.<br \/>\nCon su creaci\u00f3n en el a\u00f1o 2003...<\/p>\n<\/div>\n<a href=\"https:\/\/www.pontedeume.gal\/es\/project\/escuela-infantil-municipal-chale-rosa\/\" title=\"Escuela Infantil Municipal Chal\u00e9 Rosa\" class=\"cmsmasters_project_read_more\">Leer m\u00e1s<\/a><\/div>\t<\/div>\r\n<\/article>\r\n<!-- Finish Posts Slider Project Article -->\r\n\r\n<\/div><div class=\"cmsmasters_owl_slider_item\"><!-- Start Posts Slider Project Article -->\r\n<article id=\"post-16790\" class=\"cmsmasters_slider_project post-16790 project type-project status-publish format-standard has-post-thumbnail hentry pj-categs-conciliacion-servicios-sociales pj-categs-ocio-cultura-deportes-es pj-tags-ciudadania pj-tags-ocio-cultura-deporte-es\">\r\n\t<div class=\"cmsmasters_slider_project_outer\">\r\n\t<div class=\"cmsmasters_slider_project_img_wrap\"><figure class=\"cmsmasters_img_rollover_wrap preloader\"><img loading=\"lazy\" decoding=\"async\" width=\"580\" height=\"490\" src=\"https:\/\/www.pontedeume.gal\/wp-content\/uploads\/2017\/10\/FotoCentroDeMayores-580x490.jpg\" class=\"full-width wp-post-image\" alt=\"Centro de Mayores\" title=\"FotoCentroDeMayores\" \/><div class=\"cmsmasters_img_rollover\"><a href=\"https:\/\/www.pontedeume.gal\/es\/project\/centro-de-mayores\/\" title=\"Centro de Mayores\" class=\"cmsmasters_open_link\"><\/a><\/div><\/figure><\/div><div class=\"cmsmasters_slider_project_inner\"><header class=\"cmsmasters_slider_project_header entry-header\"><h2 class=\"cmsmasters_slider_project_title entry-title\"><a href=\"https:\/\/www.pontedeume.gal\/es\/project\/centro-de-mayores\/\">Centro de Mayores<\/a><\/h2><\/header><div class=\"cmsmasters_slider_project_content entry-content\">\n<p>Sal\u00f3n de actos, biblioteca, ludoteca y servicio de cafeter\u00eda.<br \/>\nActividades de educaci\u00f3n f\u00edsica y entrenamiento motriz, conocimiento del entorno, cursos de formaci\u00f3n en salud, etc.<\/p>\n<\/div>\n<a href=\"https:\/\/www.pontedeume.gal\/es\/project\/centro-de-mayores\/\" title=\"Centro de Mayores\" class=\"cmsmasters_project_read_more\">Leer m\u00e1s<\/a><\/div>\t<\/div>\r\n<\/article>\r\n<!-- Finish Posts Slider Project Article -->\r\n\r\n<\/div><div class=\"cmsmasters_owl_slider_item\"><!-- Start Posts Slider Project Article -->\r\n<article id=\"post-16792\" class=\"cmsmasters_slider_project post-16792 project type-project status-publish format-standard has-post-thumbnail hentry pj-categs-conciliacion-servicios-sociales pj-tags-ciudadania\">\r\n\t<div class=\"cmsmasters_slider_project_outer\">\r\n\t<div class=\"cmsmasters_slider_project_img_wrap\"><figure class=\"cmsmasters_img_rollover_wrap preloader\"><img loading=\"lazy\" decoding=\"async\" width=\"580\" height=\"490\" src=\"https:\/\/www.pontedeume.gal\/wp-content\/uploads\/2017\/10\/FotoServiciosSociales-580x490.jpg\" class=\"full-width wp-post-image\" alt=\"Servicios sociales\" title=\"FotoServiciosSociales\" \/><div class=\"cmsmasters_img_rollover\"><a href=\"https:\/\/www.pontedeume.gal\/es\/project\/servicios-sociales\/\" title=\"Servicios sociales\" class=\"cmsmasters_open_link\"><\/a><\/div><\/figure><\/div><div class=\"cmsmasters_slider_project_inner\"><header class=\"cmsmasters_slider_project_header entry-header\"><h2 class=\"cmsmasters_slider_project_title entry-title\"><a href=\"https:\/\/www.pontedeume.gal\/es\/project\/servicios-sociales\/\">Servicios sociales<\/a><\/h2><\/header><div class=\"cmsmasters_slider_project_content entry-content\">\n<p>El departamento de Servicios Sociales de atenci\u00f3n primaria est\u00e1 situado en el muelle, en el edificio de la antigua c\u00e1rcel y actual Juzgado.<br \/>\nTiene como finalidad...<\/p>\n<\/div>\n<a href=\"https:\/\/www.pontedeume.gal\/es\/project\/servicios-sociales\/\" title=\"Servicios sociales\" class=\"cmsmasters_project_read_more\">Leer m\u00e1s<\/a><\/div>\t<\/div>\r\n<\/article>\r\n<!-- Finish Posts Slider Project Article -->\r\n\r\n<\/div><div class=\"cmsmasters_owl_slider_item\"><!-- Start Posts Slider Project Article -->\r\n<article id=\"post-20129\" class=\"cmsmasters_slider_project post-20129 project type-project status-publish format-standard has-post-thumbnail hentry pj-categs-conciliacion-servicios-sociales pj-categs-ocio-cultura-deportes-es pj-tags-ciudadania pj-tags-ocio-cultura-deporte-es\">\r\n\t<div class=\"cmsmasters_slider_project_outer\">\r\n\t<div class=\"cmsmasters_slider_project_img_wrap\"><figure class=\"cmsmasters_img_rollover_wrap preloader\"><img loading=\"lazy\" decoding=\"async\" width=\"580\" height=\"490\" src=\"https:\/\/www.pontedeume.gal\/wp-content\/uploads\/2022\/01\/08_ObradoirosCulturais-580x490.jpg\" class=\"full-width wp-post-image\" alt=\"Talleres culturales\" title=\"08_ObradoirosCulturais\" \/><div class=\"cmsmasters_img_rollover\"><a href=\"https:\/\/www.pontedeume.gal\/es\/project\/talleres-culturales\/\" title=\"Talleres culturales\" class=\"cmsmasters_open_link\"><\/a><\/div><\/figure><\/div><div class=\"cmsmasters_slider_project_inner\"><header class=\"cmsmasters_slider_project_header entry-header\"><h2 class=\"cmsmasters_slider_project_title entry-title\"><a href=\"https:\/\/www.pontedeume.gal\/es\/project\/talleres-culturales\/\">Talleres culturales<\/a><\/h2><\/header><div class=\"cmsmasters_slider_project_content entry-content\">\n<p>Talleres de corte y confecci\u00f3n, bailes de sal\u00f3n, yoga, inform\u00e1tica, memoria...<\/p>\n<\/div>\n<a href=\"https:\/\/www.pontedeume.gal\/es\/project\/talleres-culturales\/\" title=\"Talleres culturales\" class=\"cmsmasters_project_read_more\">Leer m\u00e1s<\/a><\/div>\t<\/div>\r\n<\/article>\r\n<!-- Finish Posts Slider Project Article -->\r\n\r\n<\/div><div class=\"cmsmasters_owl_slider_item\"><!-- Start Posts Slider Project Article -->\r\n<article id=\"post-25621\" class=\"cmsmasters_slider_project post-25621 project type-project status-publish format-standard has-post-thumbnail hentry pj-categs-conciliacion-servicios-sociales\">\r\n\t<div class=\"cmsmasters_slider_project_outer\">\r\n\t<div class=\"cmsmasters_slider_project_img_wrap\"><figure class=\"cmsmasters_img_rollover_wrap preloader\"><img loading=\"lazy\" decoding=\"async\" width=\"580\" height=\"490\" src=\"https:\/\/www.pontedeume.gal\/wp-content\/uploads\/2023\/11\/Logo-igualdade_blanco-1-580x490.jpg\" class=\"full-width wp-post-image\" alt=\"Igualdad\" title=\"Logo igualdade_blanco (1)\" \/><div class=\"cmsmasters_img_rollover\"><a href=\"https:\/\/www.pontedeume.gal\/es\/project\/igualdad\/\" title=\"Igualdad\" class=\"cmsmasters_open_link\"><\/a><\/div><\/figure><\/div><div class=\"cmsmasters_slider_project_inner\"><header class=\"cmsmasters_slider_project_header entry-header\"><h2 class=\"cmsmasters_slider_project_title entry-title\"><a href=\"https:\/\/www.pontedeume.gal\/es\/project\/igualdad\/\">Igualdad<\/a><\/h2><\/header><div class=\"cmsmasters_slider_project_content entry-content\">\n<p>&nbsp;<\/p>\n<\/div>\n<a href=\"https:\/\/www.pontedeume.gal\/es\/project\/igualdad\/\" title=\"Igualdad\" class=\"cmsmasters_project_read_more\">Leer m\u00e1s<\/a><\/div>\t<\/div>\r\n<\/article>\r\n<!-- Finish Posts Slider Project Article -->\r\n\r\n<\/div><div class=\"cmsmasters_owl_slider_item\"><!-- Start Posts Slider Project Article -->\r\n<article id=\"post-25631\" class=\"cmsmasters_slider_project post-25631 project type-project status-publish format-standard hentry pj-categs-conciliacion-servicios-sociales pj-tags-medio-ambiente-es\">\r\n\t<div class=\"cmsmasters_slider_project_outer\">\r\n\t<div class=\"cmsmasters_slider_project_img_wrap\"><figure class=\"cmsmasters_img_rollover_wrap preloader\"><span class=\"img_placeholder cmsmasters_theme_icon_image\"><\/span><div class=\"cmsmasters_img_rollover\"><a href=\"https:\/\/www.pontedeume.gal\/es\/project\/servicio-de-informacion-y-asesoramiento-juridico-dirigido-a-la-mujer\/\" title=\"Servicio de informaci\u00f3n y asesoramiento jur\u00eddico dirigido a la mujer\" class=\"cmsmasters_open_link\"><\/a><\/div><\/figure><\/div><div class=\"cmsmasters_slider_project_inner\"><header class=\"cmsmasters_slider_project_header entry-header\"><h2 class=\"cmsmasters_slider_project_title entry-title\"><a href=\"https:\/\/www.pontedeume.gal\/es\/project\/servicio-de-informacion-y-asesoramiento-juridico-dirigido-a-la-mujer\/\">Servicio de informaci\u00f3n y asesoramiento jur\u00eddico dirigido a la mujer<\/a><\/h2><\/header><div class=\"cmsmasters_slider_project_content entry-content\">\n<p>El Servicio de Informaci\u00f3n y Asesoramiento Jur\u00eddico dirigido a la mujer nace en el\u00a0 Ayuntamiento de Pontedeume como una de las herramientas m\u00e1s adecuadas con las que esta administraci\u00f3n intenta favorecer el establecimiento de pol\u00edticas y medidas efectivas para que la Igualdad de Oportunidades sea real. Este servicio estar\u00e1 adscrito al Programa de intervenci\u00f3n social en el \u00e1rea de Igualdad que depende de la Concejal\u00eda de Servicios Sociales.<\/p>\n<\/div>\n<a href=\"https:\/\/www.pontedeume.gal\/es\/project\/servicio-de-informacion-y-asesoramiento-juridico-dirigido-a-la-mujer\/\" title=\"Servicio de informaci\u00f3n y asesoramiento jur\u00eddico dirigido a la mujer\" class=\"cmsmasters_project_read_more\">Leer m\u00e1s<\/a><\/div>\t<\/div>\r\n<\/article>\r\n<!-- Finish Posts Slider Project Article -->\r\n\r\n<\/div><\/div><\/div>\n<\/div><\/div>\n<\/div>\n<\/div>\n<\/div>\n<\/div>\n<\/div>\n\n","protected":false},"excerpt":{"rendered":"","protected":false},"author":3,"featured_media":0,"parent":14356,"menu_order":0,"comment_status":"closed","ping_status":"closed","template":"","meta":{"inline_featured_image":false,"footnotes":""},"class_list":["post-16809","page","type-page","status-publish","hentry"],"yoast_head":"<!-- This site is optimized with the Yoast SEO plugin v26.2 - https:\/\/yoast.com\/wordpress\/plugins\/seo\/ -->\n<title>Conciliaci\u00f3n y servicios sociales | Concello de Pontedeume<\/title>\n<meta name=\"description\" content=\"Ciudadania del Ayuntamiento de Pontedeume\" \/>\n<meta name=\"robots\" content=\"index, follow, max-snippet:-1, max-image-preview:large, max-video-preview:-1\" \/>\n<link rel=\"canonical\" href=\"https:\/\/www.pontedeume.gal\/es\/ayuntamiento\/conciliacion-y-servicios-sociales\/\" \/>\n<meta property=\"og:locale\" content=\"es_ES\" \/>\n<meta property=\"og:type\" content=\"article\" \/>\n<meta property=\"og:title\" content=\"Conciliaci\u00f3n y servicios sociales | Concello de Pontedeume\" \/>\n<meta property=\"og:description\" content=\"Ciudadania del Ayuntamiento de Pontedeume\" \/>\n<meta property=\"og:url\" content=\"https:\/\/www.pontedeume.gal\/es\/ayuntamiento\/conciliacion-y-servicios-sociales\/\" \/>\n<meta property=\"og:site_name\" content=\"Concello de Pontedeume\" \/>\n<meta property=\"article:publisher\" content=\"https:\/\/www.facebook.com\/concellodepontedeume\/\" \/>\n<meta property=\"article:modified_time\" content=\"2022-01-19T11:28:47+00:00\" \/>\n<meta property=\"og:image\" content=\"https:\/\/www.pontedeume.gal\/wp-content\/uploads\/2021\/12\/logotipo.png\" \/>\n\t<meta property=\"og:image:width\" content=\"673\" \/>\n\t<meta property=\"og:image:height\" content=\"200\" \/>\n\t<meta property=\"og:image:type\" content=\"image\/png\" \/>\n<script type=\"application\/ld+json\" class=\"yoast-schema-graph\">{\"@context\":\"https:\/\/schema.org\",\"@graph\":[{\"@type\":\"WebPage\",\"@id\":\"https:\/\/www.pontedeume.gal\/es\/ayuntamiento\/conciliacion-y-servicios-sociales\/\",\"url\":\"https:\/\/www.pontedeume.gal\/es\/ayuntamiento\/conciliacion-y-servicios-sociales\/\",\"name\":\"Conciliaci\u00f3n y servicios sociales | Concello de Pontedeume\",\"isPartOf\":{\"@id\":\"https:\/\/www.pontedeume.gal\/es\/#website\"},\"datePublished\":\"2017-10-24T15:33:22+00:00\",\"dateModified\":\"2022-01-19T11:28:47+00:00\",\"description\":\"Ciudadania del Ayuntamiento de Pontedeume\",\"breadcrumb\":{\"@id\":\"https:\/\/www.pontedeume.gal\/es\/ayuntamiento\/conciliacion-y-servicios-sociales\/#breadcrumb\"},\"inLanguage\":\"es\",\"potentialAction\":[{\"@type\":\"ReadAction\",\"target\":[\"https:\/\/www.pontedeume.gal\/es\/ayuntamiento\/conciliacion-y-servicios-sociales\/\"]}]},{\"@type\":\"BreadcrumbList\",\"@id\":\"https:\/\/www.pontedeume.gal\/es\/ayuntamiento\/conciliacion-y-servicios-sociales\/#breadcrumb\",\"itemListElement\":[{\"@type\":\"ListItem\",\"position\":1,\"name\":\"Home\",\"item\":\"https:\/\/www.pontedeume.gal\/es\/\"},{\"@type\":\"ListItem\",\"position\":2,\"name\":\"Tu Ayuntamiento\",\"item\":\"https:\/\/www.pontedeume.gal\/es\/ayuntamiento\/\"},{\"@type\":\"ListItem\",\"position\":3,\"name\":\"Conciliaci\u00f3n y servicios sociales\"}]},{\"@type\":\"WebSite\",\"@id\":\"https:\/\/www.pontedeume.gal\/es\/#website\",\"url\":\"https:\/\/www.pontedeume.gal\/es\/\",\"name\":\"Concello de Pontedeume\",\"description\":\"P\u00e1xina oficial do Concello de Pontedeume\",\"publisher\":{\"@id\":\"https:\/\/www.pontedeume.gal\/es\/#organization\"},\"potentialAction\":[{\"@type\":\"SearchAction\",\"target\":{\"@type\":\"EntryPoint\",\"urlTemplate\":\"https:\/\/www.pontedeume.gal\/es\/?s={search_term_string}\"},\"query-input\":{\"@type\":\"PropertyValueSpecification\",\"valueRequired\":true,\"valueName\":\"search_term_string\"}}],\"inLanguage\":\"es\"},{\"@type\":\"Organization\",\"@id\":\"https:\/\/www.pontedeume.gal\/es\/#organization\",\"name\":\"Concello de Pontedeume\",\"url\":\"https:\/\/www.pontedeume.gal\/es\/\",\"logo\":{\"@type\":\"ImageObject\",\"inLanguage\":\"es\",\"@id\":\"https:\/\/www.pontedeume.gal\/es\/#\/schema\/logo\/image\/\",\"url\":\"https:\/\/www.pontedeume.gal\/wp-content\/uploads\/2021\/12\/logotipo.png\",\"contentUrl\":\"https:\/\/www.pontedeume.gal\/wp-content\/uploads\/2021\/12\/logotipo.png\",\"width\":673,\"height\":200,\"caption\":\"Concello de Pontedeume\"},\"image\":{\"@id\":\"https:\/\/www.pontedeume.gal\/es\/#\/schema\/logo\/image\/\"},\"sameAs\":[\"https:\/\/www.facebook.com\/concellodepontedeume\/\"]}]}<\/script>\n<!-- \/ Yoast SEO plugin. -->","yoast_head_json":{"title":"Conciliaci\u00f3n y servicios sociales | Concello de Pontedeume","description":"Ciudadania del Ayuntamiento de Pontedeume","robots":{"index":"index","follow":"follow","max-snippet":"max-snippet:-1","max-image-preview":"max-image-preview:large","max-video-preview":"max-video-preview:-1"},"canonical":"https:\/\/www.pontedeume.gal\/es\/ayuntamiento\/conciliacion-y-servicios-sociales\/","og_locale":"es_ES","og_type":"article","og_title":"Conciliaci\u00f3n y servicios sociales | Concello de Pontedeume","og_description":"Ciudadania del Ayuntamiento de Pontedeume","og_url":"https:\/\/www.pontedeume.gal\/es\/ayuntamiento\/conciliacion-y-servicios-sociales\/","og_site_name":"Concello de Pontedeume","article_publisher":"https:\/\/www.facebook.com\/concellodepontedeume\/","article_modified_time":"2022-01-19T11:28:47+00:00","og_image":[{"width":673,"height":200,"url":"https:\/\/www.pontedeume.gal\/wp-content\/uploads\/2021\/12\/logotipo.png","type":"image\/png"}],"schema":{"@context":"https:\/\/schema.org","@graph":[{"@type":"WebPage","@id":"https:\/\/www.pontedeume.gal\/es\/ayuntamiento\/conciliacion-y-servicios-sociales\/","url":"https:\/\/www.pontedeume.gal\/es\/ayuntamiento\/conciliacion-y-servicios-sociales\/","name":"Conciliaci\u00f3n y servicios sociales | Concello de Pontedeume","isPartOf":{"@id":"https:\/\/www.pontedeume.gal\/es\/#website"},"datePublished":"2017-10-24T15:33:22+00:00","dateModified":"2022-01-19T11:28:47+00:00","description":"Ciudadania del Ayuntamiento de Pontedeume","breadcrumb":{"@id":"https:\/\/www.pontedeume.gal\/es\/ayuntamiento\/conciliacion-y-servicios-sociales\/#breadcrumb"},"inLanguage":"es","potentialAction":[{"@type":"ReadAction","target":["https:\/\/www.pontedeume.gal\/es\/ayuntamiento\/conciliacion-y-servicios-sociales\/"]}]},{"@type":"BreadcrumbList","@id":"https:\/\/www.pontedeume.gal\/es\/ayuntamiento\/conciliacion-y-servicios-sociales\/#breadcrumb","itemListElement":[{"@type":"ListItem","position":1,"name":"Home","item":"https:\/\/www.pontedeume.gal\/es\/"},{"@type":"ListItem","position":2,"name":"Tu Ayuntamiento","item":"https:\/\/www.pontedeume.gal\/es\/ayuntamiento\/"},{"@type":"ListItem","position":3,"name":"Conciliaci\u00f3n y servicios sociales"}]},{"@type":"WebSite","@id":"https:\/\/www.pontedeume.gal\/es\/#website","url":"https:\/\/www.pontedeume.gal\/es\/","name":"Concello de Pontedeume","description":"P\u00e1xina oficial do Concello de Pontedeume","publisher":{"@id":"https:\/\/www.pontedeume.gal\/es\/#organization"},"potentialAction":[{"@type":"SearchAction","target":{"@type":"EntryPoint","urlTemplate":"https:\/\/www.pontedeume.gal\/es\/?s={search_term_string}"},"query-input":{"@type":"PropertyValueSpecification","valueRequired":true,"valueName":"search_term_string"}}],"inLanguage":"es"},{"@type":"Organization","@id":"https:\/\/www.pontedeume.gal\/es\/#organization","name":"Concello de Pontedeume","url":"https:\/\/www.pontedeume.gal\/es\/","logo":{"@type":"ImageObject","inLanguage":"es","@id":"https:\/\/www.pontedeume.gal\/es\/#\/schema\/logo\/image\/","url":"https:\/\/www.pontedeume.gal\/wp-content\/uploads\/2021\/12\/logotipo.png","contentUrl":"https:\/\/www.pontedeume.gal\/wp-content\/uploads\/2021\/12\/logotipo.png","width":673,"height":200,"caption":"Concello de Pontedeume"},"image":{"@id":"https:\/\/www.pontedeume.gal\/es\/#\/schema\/logo\/image\/"},"sameAs":["https:\/\/www.facebook.com\/concellodepontedeume\/"]}]}},"_links":{"self":[{"href":"https:\/\/www.pontedeume.gal\/es\/wp-json\/wp\/v2\/pages\/16809","targetHints":{"allow":["GET"]}}],"collection":[{"href":"https:\/\/www.pontedeume.gal\/es\/wp-json\/wp\/v2\/pages"}],"about":[{"href":"https:\/\/www.pontedeume.gal\/es\/wp-json\/wp\/v2\/types\/page"}],"author":[{"embeddable":true,"href":"https:\/\/www.pontedeume.gal\/es\/wp-json\/wp\/v2\/users\/3"}],"replies":[{"embeddable":true,"href":"https:\/\/www.pontedeume.gal\/es\/wp-json\/wp\/v2\/comments?post=16809"}],"version-history":[{"count":0,"href":"https:\/\/www.pontedeume.gal\/es\/wp-json\/wp\/v2\/pages\/16809\/revisions"}],"up":[{"embeddable":true,"href":"https:\/\/www.pontedeume.gal\/es\/wp-json\/wp\/v2\/pages\/14356"}],"wp:attachment":[{"href":"https:\/\/www.pontedeume.gal\/es\/wp-json\/wp\/v2\/media?parent=16809"}],"curies":[{"name":"wp","href":"https:\/\/api.w.org\/{rel}","templated":true}]}}