{"id":16142,"date":"2017-10-17T08:29:55","date_gmt":"2017-10-17T08:29:55","guid":{"rendered":"https:\/\/www.pontedeume.gal\/?page_id=16142"},"modified":"2022-11-29T14:17:45","modified_gmt":"2022-11-29T13:17:45","slug":"politica-de-proteccion-de-datos","status":"publish","type":"page","link":"https:\/\/www.pontedeume.gal\/es\/politica-de-proteccion-de-datos\/","title":{"rendered":"Pol\u00edtica de protecci\u00f3n de datos"},"content":{"rendered":"<div id=\"cmsmasters_row_zvy67a2bb\" class=\"cmsmasters_row cmsmasters_color_scheme_default cmsmasters_row_top_default cmsmasters_row_bot_default cmsmasters_row_boxed\">\n<div class=\"cmsmasters_row_outer_parent\">\n<div class=\"cmsmasters_row_outer\">\n<div class=\"cmsmasters_row_inner\">\n<div class=\"cmsmasters_row_margin\">\n<div id=\"cmsmasters_column_76o2yutkp\" class=\"cmsmasters_column one_first\">\n<div class=\"cmsmasters_column_inner\"><div class=\"cmsmasters_text\">\n<p><span id=\"page78R_mcid2\" class=\"markedContent\"><span dir=\"ltr\" role=\"presentation\">De acuerdo con la normativa de Protecci\u00f3n de Datos de Car\u00e1cter Personal, procedemos a <\/span><span dir=\"ltr\" role=\"presentation\">informarle del tratamiento de datos personles que realizamos de nuestros usuarios en la presente <\/span><span dir=\"ltr\" role=\"presentation\">p\u00e1gina web.<\/span><\/span><\/p>\n<\/div>\n<\/div><\/div>\n<\/div>\n<\/div>\n<\/div>\n<\/div>\n<\/div>\n<div id=\"cmsmasters_row_v7v4b6s69m\" class=\"cmsmasters_row cmsmasters_color_scheme_default cmsmasters_row_top_default cmsmasters_row_bot_default cmsmasters_row_boxed\">\n<div class=\"cmsmasters_row_outer_parent\">\n<div class=\"cmsmasters_row_outer\">\n<div class=\"cmsmasters_row_inner\">\n<div class=\"cmsmasters_row_margin\">\n<div id=\"cmsmasters_column_0n2et5icp\" class=\"cmsmasters_column one_first\">\n<div class=\"cmsmasters_column_inner\"><div id=\"cmsmasters_heading_dh2a2qh6lf\" class=\"cmsmasters_heading_wrap cmsmasters_heading_align_left\">\n\t<h2 class=\"cmsmasters_heading\">1.- Responsable de tratamiento de los datos<\/h2>\n<\/div><div class=\"cmsmasters_text\">\n<p><span id=\"page78R_mcid4\" class=\"markedContent\"><span dir=\"ltr\" role=\"presentation\">CONCELLO DE PONTEDEUME<\/span><br role=\"presentation\" \/><span dir=\"ltr\" role=\"presentation\">CALLE REAL, N\u00ba 13 &#8211; 15600 PONTEDEUME (A CORU\u00d1A)<\/span><br role=\"presentation\" \/><span dir=\"ltr\" role=\"presentation\">correo@pontedeume.gal.<\/span><\/span><\/p>\n<\/div>\n<\/div><\/div>\n<\/div>\n<\/div>\n<\/div>\n<\/div>\n<\/div>\n<div id=\"cmsmasters_row_uibonmmxix\" class=\"cmsmasters_row cmsmasters_color_scheme_default cmsmasters_row_top_default cmsmasters_row_bot_default cmsmasters_row_boxed\">\n<div class=\"cmsmasters_row_outer_parent\">\n<div class=\"cmsmasters_row_outer\">\n<div class=\"cmsmasters_row_inner\">\n<div class=\"cmsmasters_row_margin\">\n<div id=\"cmsmasters_column_z7ftmc2e9j\" class=\"cmsmasters_column one_first\">\n<div class=\"cmsmasters_column_inner\"><div id=\"cmsmasters_heading_jn9nrper8g\" class=\"cmsmasters_heading_wrap cmsmasters_heading_align_left\">\n\t<h2 class=\"cmsmasters_heading\">2. DPO<\/h2>\n<\/div><div class=\"cmsmasters_text\">\n<p><span id=\"page78R_mcid4\" class=\"markedContent\"><span dir=\"ltr\" role=\"presentation\">El delegado de Protecci\u00f3n de Datos de CONCELLO DE PONTEDEUME es Servicios de <\/span><span dir=\"ltr\" role=\"presentation\">Adaptaci\u00f3n<\/span> <span dir=\"ltr\" role=\"presentation\">Continua<\/span> <span dir=\"ltr\" role=\"presentation\">en<\/span> <span dir=\"ltr\" role=\"presentation\">Protecci\u00f3n<\/span> <span dir=\"ltr\" role=\"presentation\">de<\/span> <span dir=\"ltr\" role=\"presentation\">Datos<\/span> <span dir=\"ltr\" role=\"presentation\">RB,<\/span> <span dir=\"ltr\" role=\"presentation\">SL<\/span> <span dir=\"ltr\" role=\"presentation\">con el que<\/span>\u00a0<span dir=\"ltr\" role=\"presentation\">podr\u00e1<\/span> <span dir=\"ltr\" role=\"presentation\">contactar<\/span> <span dir=\"ltr\" role=\"presentation\">en <\/span><span dir=\"ltr\" role=\"presentation\">correo@pontedeume.gal.<\/span><\/span><\/p>\n<\/div>\n<\/div><\/div>\n<\/div>\n<\/div>\n<\/div>\n<\/div>\n<\/div>\n<div id=\"cmsmasters_row_lbgb2lpfwl\" class=\"cmsmasters_row cmsmasters_color_scheme_default cmsmasters_row_top_default cmsmasters_row_bot_default cmsmasters_row_boxed\">\n<div class=\"cmsmasters_row_outer_parent\">\n<div class=\"cmsmasters_row_outer\">\n<div class=\"cmsmasters_row_inner\">\n<div class=\"cmsmasters_row_margin\">\n<div id=\"cmsmasters_column_lkmxftpz1i\" class=\"cmsmasters_column one_first\">\n<div class=\"cmsmasters_column_inner\"><div id=\"cmsmasters_heading_3y30iesrsc\" class=\"cmsmasters_heading_wrap cmsmasters_heading_align_left\">\n\t<h2 class=\"cmsmasters_heading\">3. Finalidad del tratamiento, legitimaci\u00f3n y plazo de conservaci\u00f3n<\/h2>\n<\/div><div class=\"cmsmasters_text\">\n<p><span id=\"page78R_mcid6\" class=\"markedContent\"><span dir=\"ltr\" role=\"presentation\">CONCELLO DE PONTEDEUME podr\u00e1 tratar sus datos de car\u00e1cter personal de acuerdo con las <\/span><span dir=\"ltr\" role=\"presentation\">siguientes finalidades:<\/span><\/span><\/p>\n<p><span id=\"page78R_mcid6\" class=\"markedContent\"><span dir=\"ltr\" role=\"presentation\">SERVICIO DE ATENCI\u00d3N AL USUARIO A TRAV\u00c9S DEL FORMULARIO DE CONTACTO Y\/O ENV\u00cdO <\/span><span dir=\"ltr\" role=\"presentation\">DE CORREOS ELECTR\u00d3NICOS<\/span><\/span><\/p>\n<ul>\n<li><span id=\"page78R_mcid6\" class=\"markedContent\"><strong><span dir=\"ltr\" role=\"presentation\">Finalidad de tratamiento:<\/span><\/strong> <span dir=\"ltr\" role=\"presentation\">trataremos los datos estrictamente necesarios para gestionar su <\/span><span dir=\"ltr\" role=\"presentation\">petici\u00f3n.<\/span><\/span><\/li>\n<li><span id=\"page78R_mcid6\" class=\"markedContent\"><strong><span dir=\"ltr\" role=\"presentation\">Legitimaci\u00f3n:<\/span><\/strong> <span dir=\"ltr\" role=\"presentation\">existe un interese leg\u00edtimo por ambas partes para la resoluci\u00f3n de solicitudes o <\/span><span dir=\"ltr\" role=\"presentation\">consultas. En caso de reclamaciones o quejas relacionadas con los servicios p\u00fablicos prestados <\/span><span dir=\"ltr\" role=\"presentation\">por el Ayuntamiento, la legitimaci\u00f3n es el cumplimiento de obligaciones legales por nuestra parte.<\/span><\/span><\/li>\n<li><span id=\"page78R_mcid6\" class=\"markedContent\"><strong><span dir=\"ltr\" role=\"presentation\">Plazo de conservaci\u00f3n:<\/span><\/strong> el<span dir=\"ltr\" role=\"presentation\"> tempo necesario para dar respuesta a su solicitud y en cualquier <\/span><span dir=\"ltr\" role=\"presentation\">caso, hasta que transcurra el plazo de prescripci\u00f3n de posibles acciones de responsabilidad <\/span><span dir=\"ltr\" role=\"presentation\">derivadas del tratameinto.<\/span><\/span><\/li>\n<\/ul>\n<\/div>\n<\/div><\/div>\n<\/div>\n<\/div>\n<\/div>\n<\/div>\n<\/div>\n<div id=\"cmsmasters_row_gixpph8q\" class=\"cmsmasters_row cmsmasters_color_scheme_default cmsmasters_row_top_default cmsmasters_row_bot_default cmsmasters_row_boxed\">\n<div class=\"cmsmasters_row_outer_parent\">\n<div class=\"cmsmasters_row_outer\">\n<div class=\"cmsmasters_row_inner\">\n<div class=\"cmsmasters_row_margin\">\n<div id=\"cmsmasters_column_qci84q5na\" class=\"cmsmasters_column one_first\">\n<div class=\"cmsmasters_column_inner\"><div id=\"cmsmasters_heading_mkn5qk4fjm\" class=\"cmsmasters_heading_wrap cmsmasters_heading_align_left\">\n\t<h2 class=\"cmsmasters_heading\">4. Destinatarios de cesiones<\/h2>\n<\/div><div class=\"cmsmasters_text\">\n<p><span id=\"page78R_mcid6\" class=\"markedContent\"><span dir=\"ltr\" role=\"presentation\">No cederemos sus datos a terceros, salvo para dar cumplimiento a una obligaci\u00f3n legal.<\/span><\/span><\/p>\n<\/div>\n<\/div><\/div>\n<\/div>\n<\/div>\n<\/div>\n<\/div>\n<\/div>\n<div id=\"cmsmasters_row_t9eug54win\" class=\"cmsmasters_row cmsmasters_color_scheme_default cmsmasters_row_top_default cmsmasters_row_bot_default cmsmasters_row_boxed\">\n<div class=\"cmsmasters_row_outer_parent\">\n<div class=\"cmsmasters_row_outer\">\n<div class=\"cmsmasters_row_inner\">\n<div class=\"cmsmasters_row_margin\">\n<div id=\"cmsmasters_column_ewkevevp4\" class=\"cmsmasters_column one_first\">\n<div class=\"cmsmasters_column_inner\"><div id=\"cmsmasters_heading_et601g62t2\" class=\"cmsmasters_heading_wrap cmsmasters_heading_align_left\">\n\t<h2 class=\"cmsmasters_heading\">5. Pol\u00edtica de cookies<\/h2>\n<\/div><div class=\"cmsmasters_text\">\n<p><span id=\"page78R_mcid7\" class=\"markedContent\"><span dir=\"ltr\" role=\"presentation\">Para revisar el tratamiento de datos relativo a las cookies, puede consultar nuestra pol\u00edtica de <\/span><span dir=\"ltr\" role=\"presentation\">cookies, disponible en esta misma p\u00e1gina web.<\/span><\/span><\/p>\n<p><span id=\"page1R_mcid0\" class=\"markedContent\"><span dir=\"ltr\" role=\"presentation\">Podr\u00e1 configurar\u00a0 sus preferencias respecto al uso de cookies en el propio aviso de <\/span><span dir=\"ltr\" role=\"presentation\">configuraci\u00f3n de cookies.<\/span><\/span><\/p>\n<\/div>\n<\/div><\/div>\n<\/div>\n<\/div>\n<\/div>\n<\/div>\n<\/div>\n<div id=\"cmsmasters_row_sy7mmmt71\" class=\"cmsmasters_row cmsmasters_color_scheme_default cmsmasters_row_top_default cmsmasters_row_bot_default cmsmasters_row_boxed\">\n<div class=\"cmsmasters_row_outer_parent\">\n<div class=\"cmsmasters_row_outer\">\n<div class=\"cmsmasters_row_inner\">\n<div class=\"cmsmasters_row_margin\">\n<div id=\"cmsmasters_column_l26rap7ms\" class=\"cmsmasters_column one_first\">\n<div class=\"cmsmasters_column_inner\"><div id=\"cmsmasters_heading_jh842d78i\" class=\"cmsmasters_heading_wrap cmsmasters_heading_align_left\">\n\t<h2 class=\"cmsmasters_heading\">6. Derechos<\/h2>\n<\/div><div class=\"cmsmasters_text\">\n<p><span id=\"page1R_mcid2\" class=\"markedContent\"><span dir=\"ltr\" role=\"presentation\">Por \u00faltimo, le informamos de sus derechos en materia de protecci\u00f3n de datos:<\/span><\/span><\/p>\n<ul>\n<li><span id=\"page1R_mcid5\" class=\"markedContent\"><span dir=\"ltr\" role=\"presentation\">Derecho a solicitar el acceso a sus datos personales.<\/span><\/span><\/li>\n<li><span id=\"page1R_mcid9\" class=\"markedContent\"><span dir=\"ltr\" role=\"presentation\"><span id=\"page1R_mcid5\" class=\"markedContent\">Derecho <\/span>a solicitar\u00a0 su rectificaci\u00f3n o supresi\u00f3n.<\/span><\/span><\/li>\n<li><span id=\"page1R_mcid13\" class=\"markedContent\"><span dir=\"ltr\" role=\"presentation\"><span id=\"page1R_mcid5\" class=\"markedContent\">Derecho <\/span>a solicitar la limitaci\u00f3n de su tratamiento, y a oponerse al tratamiento.<\/span><\/span><\/li>\n<li><span id=\"page1R_mcid17\" class=\"markedContent\"><span dir=\"ltr\" role=\"presentation\"><span id=\"page1R_mcid5\" class=\"markedContent\">Derecho a la<\/span>\u00a0portabilidad dos datos.<\/span><\/span><\/li>\n<li><span id=\"page1R_mcid21\" class=\"markedContent\"><span dir=\"ltr\" role=\"presentation\"><span id=\"page1R_mcid5\" class=\"markedContent\">Derecho a la<\/span> retirada de su consentimiento. Puede enviar su solicitud a trav\u00e9s del<\/span><span dir=\"ltr\" role=\"presentation\">\u00a0correo electr\u00f3nico: correo@pontedeume.gal<\/span><\/span><\/li>\n<\/ul>\n<p><span id=\"page1R_mcid24\" class=\"markedContent\"><span dir=\"ltr\" role=\"presentation\">Si considera que no atendemos correctamente sus derechos, podr\u00e1 formular una <\/span><span dir=\"ltr\" role=\"presentation\">reclamaci\u00f3n ante la Agencia Espa\u00f1ola de Protecci\u00f3n de Datos, a trav\u00e9s de las siguientes v\u00edas:<\/span><\/span><\/p>\n<ul>\n<li><span id=\"page1R_mcid27\" class=\"markedContent\"><span dir=\"ltr\" role=\"presentation\">Sede electr\u00f3nica: www.aepd.es<\/span><\/span><\/li>\n<li><span id=\"page1R_mcid31\" class=\"markedContent\"><span dir=\"ltr\" role=\"presentation\">Correo postal: C\/ Jorge Juan 6, 28001 \u2013 Madrid<\/span><\/span><\/li>\n<li><span id=\"page1R_mcid35\" class=\"markedContent\"><span dir=\"ltr\" role=\"presentation\">Tel\u00e9fono: 901 100 099 \u2013 91 266 35 17<\/span><\/span><\/li>\n<\/ul>\n<\/div>\n<\/div><\/div>\n<\/div>\n<\/div>\n<\/div>\n<\/div>\n<\/div>\n<div id=\"cmsmasters_row_jullyatg2\" class=\"cmsmasters_row cmsmasters_color_scheme_default cmsmasters_row_top_default cmsmasters_row_bot_default cmsmasters_row_boxed\">\n<div class=\"cmsmasters_row_outer_parent\">\n<div class=\"cmsmasters_row_outer\">\n<div class=\"cmsmasters_row_inner\">\n<div class=\"cmsmasters_row_margin\">\n<div id=\"cmsmasters_column_s1rxz0i62a\" class=\"cmsmasters_column one_first\">\n<div class=\"cmsmasters_column_inner\"><div id=\"cmsmasters_heading_e526jnrtsq\" class=\"cmsmasters_heading_wrap cmsmasters_heading_align_left\">\n\t<h2 class=\"cmsmasters_heading\">7. Medidas de seguridad<\/h2>\n<\/div><div class=\"cmsmasters_text\">\n<p><span id=\"page1R_mcid39\" class=\"markedContent\"><span dir=\"ltr\" role=\"presentation\">CONCELLO DE PONTEDEUME tiene implantadas las medidas t\u00e9cnicas y organizativas necesarias <\/span><span dir=\"ltr\" role=\"presentation\">para garantizar la seguridad de sus datos de car\u00e1cter personal y evitar su alteraci\u00f3n, la p\u00e9rdida y el <\/span><span dir=\"ltr\" role=\"presentation\">tratamiento y\/o el acceso no autorizado, teniendo en cuenta el estado de la tecnolog\u00eda, la <\/span><span dir=\"ltr\" role=\"presentation\">naturaleza de los datos almacenados y los riesgos procedentes de la acci\u00f3n humana o del medio f\u00edsico y <\/span><span dir=\"ltr\" role=\"presentation\">natural a la que est\u00e1n expuestos.<\/span><\/span><\/p>\n<\/div>\n<\/div><\/div>\n<\/div>\n<\/div>\n<\/div>\n<\/div>\n<\/div>\n\n","protected":false},"excerpt":{"rendered":"","protected":false},"author":3,"featured_media":0,"parent":0,"menu_order":0,"comment_status":"closed","ping_status":"closed","template":"","meta":{"inline_featured_image":false,"footnotes":""},"class_list":["post-16142","page","type-page","status-publish","hentry"],"yoast_head":"<!-- This site is optimized with the Yoast SEO plugin v26.2 - https:\/\/yoast.com\/wordpress\/plugins\/seo\/ -->\n<title>Pol\u00edtica de protecci\u00f3n de datos | Concello de Pontedeume<\/title>\n<meta name=\"description\" content=\"Pol\u00edtica de protecci\u00f3n de datos en el sitio del Ayuntamiento de Pontedeume\" \/>\n<meta name=\"robots\" content=\"index, follow, max-snippet:-1, max-image-preview:large, max-video-preview:-1\" \/>\n<link rel=\"canonical\" href=\"https:\/\/www.pontedeume.gal\/es\/politica-de-proteccion-de-datos\/\" \/>\n<meta property=\"og:locale\" content=\"es_ES\" \/>\n<meta property=\"og:type\" content=\"article\" \/>\n<meta property=\"og:title\" content=\"Pol\u00edtica de protecci\u00f3n de datos | Concello de Pontedeume\" \/>\n<meta property=\"og:description\" content=\"Pol\u00edtica de protecci\u00f3n de datos en el sitio del Ayuntamiento de Pontedeume\" \/>\n<meta property=\"og:url\" content=\"https:\/\/www.pontedeume.gal\/es\/politica-de-proteccion-de-datos\/\" \/>\n<meta property=\"og:site_name\" content=\"Concello de Pontedeume\" \/>\n<meta property=\"article:publisher\" content=\"https:\/\/www.facebook.com\/concellodepontedeume\/\" \/>\n<meta property=\"article:modified_time\" content=\"2022-11-29T13:17:45+00:00\" \/>\n<meta property=\"og:image\" content=\"https:\/\/www.pontedeume.gal\/wp-content\/uploads\/2021\/12\/logotipo.png\" \/>\n\t<meta property=\"og:image:width\" content=\"673\" \/>\n\t<meta property=\"og:image:height\" content=\"200\" \/>\n\t<meta property=\"og:image:type\" content=\"image\/png\" \/>\n<meta name=\"twitter:label1\" content=\"Tiempo de lectura\" \/>\n\t<meta name=\"twitter:data1\" content=\"3 minutos\" \/>\n<script type=\"application\/ld+json\" class=\"yoast-schema-graph\">{\"@context\":\"https:\/\/schema.org\",\"@graph\":[{\"@type\":\"WebPage\",\"@id\":\"https:\/\/www.pontedeume.gal\/es\/politica-de-proteccion-de-datos\/\",\"url\":\"https:\/\/www.pontedeume.gal\/es\/politica-de-proteccion-de-datos\/\",\"name\":\"Pol\u00edtica de protecci\u00f3n de datos | Concello de Pontedeume\",\"isPartOf\":{\"@id\":\"https:\/\/www.pontedeume.gal\/es\/#website\"},\"datePublished\":\"2017-10-17T08:29:55+00:00\",\"dateModified\":\"2022-11-29T13:17:45+00:00\",\"description\":\"Pol\u00edtica de protecci\u00f3n de datos en el sitio del Ayuntamiento de Pontedeume\",\"breadcrumb\":{\"@id\":\"https:\/\/www.pontedeume.gal\/es\/politica-de-proteccion-de-datos\/#breadcrumb\"},\"inLanguage\":\"es\",\"potentialAction\":[{\"@type\":\"ReadAction\",\"target\":[\"https:\/\/www.pontedeume.gal\/es\/politica-de-proteccion-de-datos\/\"]}]},{\"@type\":\"BreadcrumbList\",\"@id\":\"https:\/\/www.pontedeume.gal\/es\/politica-de-proteccion-de-datos\/#breadcrumb\",\"itemListElement\":[{\"@type\":\"ListItem\",\"position\":1,\"name\":\"Home\",\"item\":\"https:\/\/www.pontedeume.gal\/es\/\"},{\"@type\":\"ListItem\",\"position\":2,\"name\":\"Pol\u00edtica de protecci\u00f3n de datos\"}]},{\"@type\":\"WebSite\",\"@id\":\"https:\/\/www.pontedeume.gal\/es\/#website\",\"url\":\"https:\/\/www.pontedeume.gal\/es\/\",\"name\":\"Concello de Pontedeume\",\"description\":\"P\u00e1xina oficial do Concello de Pontedeume\",\"publisher\":{\"@id\":\"https:\/\/www.pontedeume.gal\/es\/#organization\"},\"potentialAction\":[{\"@type\":\"SearchAction\",\"target\":{\"@type\":\"EntryPoint\",\"urlTemplate\":\"https:\/\/www.pontedeume.gal\/es\/?s={search_term_string}\"},\"query-input\":{\"@type\":\"PropertyValueSpecification\",\"valueRequired\":true,\"valueName\":\"search_term_string\"}}],\"inLanguage\":\"es\"},{\"@type\":\"Organization\",\"@id\":\"https:\/\/www.pontedeume.gal\/es\/#organization\",\"name\":\"Concello de Pontedeume\",\"url\":\"https:\/\/www.pontedeume.gal\/es\/\",\"logo\":{\"@type\":\"ImageObject\",\"inLanguage\":\"es\",\"@id\":\"https:\/\/www.pontedeume.gal\/es\/#\/schema\/logo\/image\/\",\"url\":\"https:\/\/www.pontedeume.gal\/wp-content\/uploads\/2021\/12\/logotipo.png\",\"contentUrl\":\"https:\/\/www.pontedeume.gal\/wp-content\/uploads\/2021\/12\/logotipo.png\",\"width\":673,\"height\":200,\"caption\":\"Concello de Pontedeume\"},\"image\":{\"@id\":\"https:\/\/www.pontedeume.gal\/es\/#\/schema\/logo\/image\/\"},\"sameAs\":[\"https:\/\/www.facebook.com\/concellodepontedeume\/\"]}]}<\/script>\n<!-- \/ Yoast SEO plugin. -->","yoast_head_json":{"title":"Pol\u00edtica de protecci\u00f3n de datos | Concello de Pontedeume","description":"Pol\u00edtica de protecci\u00f3n de datos en el sitio del Ayuntamiento de Pontedeume","robots":{"index":"index","follow":"follow","max-snippet":"max-snippet:-1","max-image-preview":"max-image-preview:large","max-video-preview":"max-video-preview:-1"},"canonical":"https:\/\/www.pontedeume.gal\/es\/politica-de-proteccion-de-datos\/","og_locale":"es_ES","og_type":"article","og_title":"Pol\u00edtica de protecci\u00f3n de datos | Concello de Pontedeume","og_description":"Pol\u00edtica de protecci\u00f3n de datos en el sitio del Ayuntamiento de Pontedeume","og_url":"https:\/\/www.pontedeume.gal\/es\/politica-de-proteccion-de-datos\/","og_site_name":"Concello de Pontedeume","article_publisher":"https:\/\/www.facebook.com\/concellodepontedeume\/","article_modified_time":"2022-11-29T13:17:45+00:00","og_image":[{"width":673,"height":200,"url":"https:\/\/www.pontedeume.gal\/wp-content\/uploads\/2021\/12\/logotipo.png","type":"image\/png"}],"twitter_misc":{"Tiempo de lectura":"3 minutos"},"schema":{"@context":"https:\/\/schema.org","@graph":[{"@type":"WebPage","@id":"https:\/\/www.pontedeume.gal\/es\/politica-de-proteccion-de-datos\/","url":"https:\/\/www.pontedeume.gal\/es\/politica-de-proteccion-de-datos\/","name":"Pol\u00edtica de protecci\u00f3n de datos | Concello de Pontedeume","isPartOf":{"@id":"https:\/\/www.pontedeume.gal\/es\/#website"},"datePublished":"2017-10-17T08:29:55+00:00","dateModified":"2022-11-29T13:17:45+00:00","description":"Pol\u00edtica de protecci\u00f3n de datos en el sitio del Ayuntamiento de Pontedeume","breadcrumb":{"@id":"https:\/\/www.pontedeume.gal\/es\/politica-de-proteccion-de-datos\/#breadcrumb"},"inLanguage":"es","potentialAction":[{"@type":"ReadAction","target":["https:\/\/www.pontedeume.gal\/es\/politica-de-proteccion-de-datos\/"]}]},{"@type":"BreadcrumbList","@id":"https:\/\/www.pontedeume.gal\/es\/politica-de-proteccion-de-datos\/#breadcrumb","itemListElement":[{"@type":"ListItem","position":1,"name":"Home","item":"https:\/\/www.pontedeume.gal\/es\/"},{"@type":"ListItem","position":2,"name":"Pol\u00edtica de protecci\u00f3n de datos"}]},{"@type":"WebSite","@id":"https:\/\/www.pontedeume.gal\/es\/#website","url":"https:\/\/www.pontedeume.gal\/es\/","name":"Concello de Pontedeume","description":"P\u00e1xina oficial do Concello de Pontedeume","publisher":{"@id":"https:\/\/www.pontedeume.gal\/es\/#organization"},"potentialAction":[{"@type":"SearchAction","target":{"@type":"EntryPoint","urlTemplate":"https:\/\/www.pontedeume.gal\/es\/?s={search_term_string}"},"query-input":{"@type":"PropertyValueSpecification","valueRequired":true,"valueName":"search_term_string"}}],"inLanguage":"es"},{"@type":"Organization","@id":"https:\/\/www.pontedeume.gal\/es\/#organization","name":"Concello de Pontedeume","url":"https:\/\/www.pontedeume.gal\/es\/","logo":{"@type":"ImageObject","inLanguage":"es","@id":"https:\/\/www.pontedeume.gal\/es\/#\/schema\/logo\/image\/","url":"https:\/\/www.pontedeume.gal\/wp-content\/uploads\/2021\/12\/logotipo.png","contentUrl":"https:\/\/www.pontedeume.gal\/wp-content\/uploads\/2021\/12\/logotipo.png","width":673,"height":200,"caption":"Concello de Pontedeume"},"image":{"@id":"https:\/\/www.pontedeume.gal\/es\/#\/schema\/logo\/image\/"},"sameAs":["https:\/\/www.facebook.com\/concellodepontedeume\/"]}]}},"_links":{"self":[{"href":"https:\/\/www.pontedeume.gal\/es\/wp-json\/wp\/v2\/pages\/16142","targetHints":{"allow":["GET"]}}],"collection":[{"href":"https:\/\/www.pontedeume.gal\/es\/wp-json\/wp\/v2\/pages"}],"about":[{"href":"https:\/\/www.pontedeume.gal\/es\/wp-json\/wp\/v2\/types\/page"}],"author":[{"embeddable":true,"href":"https:\/\/www.pontedeume.gal\/es\/wp-json\/wp\/v2\/users\/3"}],"replies":[{"embeddable":true,"href":"https:\/\/www.pontedeume.gal\/es\/wp-json\/wp\/v2\/comments?post=16142"}],"version-history":[{"count":2,"href":"https:\/\/www.pontedeume.gal\/es\/wp-json\/wp\/v2\/pages\/16142\/revisions"}],"predecessor-version":[{"id":23303,"href":"https:\/\/www.pontedeume.gal\/es\/wp-json\/wp\/v2\/pages\/16142\/revisions\/23303"}],"wp:attachment":[{"href":"https:\/\/www.pontedeume.gal\/es\/wp-json\/wp\/v2\/media?parent=16142"}],"curies":[{"name":"wp","href":"https:\/\/api.w.org\/{rel}","templated":true}]}}