{"id":16140,"date":"2017-10-17T08:28:09","date_gmt":"2017-10-17T08:28:09","guid":{"rendered":"https:\/\/www.pontedeume.gal\/?page_id=16140"},"modified":"2022-11-15T18:33:44","modified_gmt":"2022-11-15T17:33:44","slug":"politica-de-cookies","status":"publish","type":"page","link":"https:\/\/www.pontedeume.gal\/es\/politica-de-cookies\/","title":{"rendered":"Pol\u00edtica de Cookies"},"content":{"rendered":"<div id=\"cmsmasters_row_zvy67a2bb\" class=\"cmsmasters_row cmsmasters_color_scheme_default cmsmasters_row_top_default cmsmasters_row_bot_default cmsmasters_row_boxed\">\n<div class=\"cmsmasters_row_outer_parent\">\n<div class=\"cmsmasters_row_outer\">\n<div class=\"cmsmasters_row_inner\">\n<div class=\"cmsmasters_row_margin\">\n<div id=\"cmsmasters_column_76o2yutkp\" class=\"cmsmasters_column one_first\">\n<div class=\"cmsmasters_column_inner\"><div id=\"cmsmasters_heading_9jt8xwib4a\" class=\"cmsmasters_heading_wrap cmsmasters_heading_align_left\">\n\t<h2 class=\"cmsmasters_heading\">Pol\u00edtica de Cookies<\/h2>\n<\/div><div class=\"cmsmasters_text\">\n<p>La regi\u00f3n EU no est\u00e1 activada para cookie-statement.<\/p>\n<p>&nbsp;<\/p>\n<p>###########################################################################################<\/p>\n<p>&nbsp;<\/p>\n<p><a href=\"#tarteaucitron\">Abrir el panel de gesti\u00f3n de cookies<\/a><\/p>\n<p>&nbsp;<\/p>\n<h4>\u00bfQu\u00e9 tipos de cookies utiliza esta p\u00e1gina web?<\/h4>\n<p>Esta web no recoge ni almacena datos personales de sus usuarios. El Ayuntamiento de Pontedeume utiliza cookies en su web para personalizar y facilitar al m\u00e1ximo la navegaci\u00f3n del usuario. Las cookies se asocian \u00fanicamente a un usuario an\u00f3nimo y su ordenador y no proporcionan referencias que permitan deducir datos personales del usuario. El usuario puede configurar su navegador para que notifique y rechace la instalaci\u00f3n de las cookies enviadas por la web del Ayuntamiento de Pontedeume, sin que ello perjudique la posibilidad del usuario de acceder a la mayor\u00eda de los contenidos. Sin embargo, en todo caso, la calidad de funcionamiento de la p\u00e1gina web puede disminuir.<\/p>\n<p>A continuaci\u00f3n, se identifican las cookies que est\u00e1n siendo utilizadas en este portal:<br \/>\nLa p\u00e1gina web del Ayuntamiento de Pontedeume utiliza el servicio reCAPTCHA de <strong>Google<\/strong> para verificar que eres un humano. Los servicios de Google instalan cookies que, entre otras funcionalidades activan el an\u00e1lisis del tr\u00e1fico en Google Maps, para poder personalizar los anuncios que se muestran en los servicios de Google como, por ejemplo, la B\u00fasqueda de Google, especialmente cuando no has iniciado sesi\u00f3n en una cuenta de Google as\u00ed como para anuncios que se muestran fueran de Google.<\/p>\n<p>En nuestra p\u00e1gina web tambi\u00e9n utilizamos <strong>Vimeo<\/strong> para incluir videos. Vimeo utiliza cookies para recopilar informaci\u00f3n de seguimiento anal\u00edtica.<\/p>\n<p>Tambi\u00e9n empleamos las cookies de <strong>Matterport<\/strong> que ayudan a personalizar sus servicios para que se ajusten a las necesidades.<\/p>\n<p>Puedes ver informaci\u00f3n completa de las cookies de terceros a trav\u00e9s de los enlaces de cada uno de ellos en nuestro Panel de Gesti\u00f3n de Cookies.<\/p>\n<p>Utilizamos una cookie propia y t\u00e9cnica llamada <strong>tarteaucitron\u00a0<\/strong>cuya finalidad es permitir activar o no las cookies.<\/p>\n<p>&nbsp;<\/p>\n<h4>Aceptaci\u00f3n de la Pol\u00edtica de cookies<\/h4>\n<p>El Ayuntamiento de Pontedeume no asume que aceptas el uso de cookies en su p\u00e1gina web. Mostramos informaci\u00f3n sobre nuestra Pol\u00edtica de cookies en la parte inferior de nuestra p\u00e1gina web con el objeto de que seas informado.<br \/>\nAnte esta informaci\u00f3n es posible llevar a cabo las siguientes acciones:<\/p>\n<ul>\n<li><strong>OK, aceptar todas<\/strong>. Aceptar las cookies y no se volver\u00e1 a visualizar este aviso al acceder a la p\u00e1gina durante el periodo de un a\u00f1o.<\/li>\n<li><strong>Personalizar<\/strong>. Personalizar qu\u00e9 cookies permites y cu\u00e1les no. Debes tener en cuenta que ciertas funciones de la p\u00e1gina web no funcionar\u00e1n correctamente si no aceptas las cookies. Desde el panel de gesti\u00f3n de cookies puedes acceder a esta Pol\u00edtica de cookies.<\/li>\n<\/ul>\n<h4>Actualizaci\u00f3n de nuestra Pol\u00edtica de cookies<\/h4>\n<p>Es posible que actualicemos la Pol\u00edtica de Cookies de nuestro sitio web, por ello recomendamos revisar esta pol\u00edtica cada vez que acceda a nuestro sitio web con el objetivo de estar adecuadamente informado sobre c\u00f3mo y para qu\u00e9 usamos las cookies.<\/p>\n<p>&nbsp;<\/p>\n<h2>Informaci\u00f3n general sobre cookies<\/h2>\n<h4>\u00bfQu\u00e9 es una cookie?<\/h4>\n<p>Una\u00a0<em>cookie<\/em>\u00a0es un fichero de texto\u00a0<b>inofensivo<\/b>\u00a0que se almacena en su navegador cuando visita casi cualquier p\u00e1gina web. La utilidad de la\u00a0<em>cookie<\/em>\u00a0es que la web sea capaz de recordar su visita cuando vuelva a navegar por esa p\u00e1gina. Aunque mucha gente no lo sabe las\u00a0<em>cookies<\/em>\u00a0se llevan utilizando desde hace 20 a\u00f1os, cuando aparecieron los primeros navegadores para la World Wide Web.<\/p>\n<h4>\u00bfQu\u00e9 NO ES una cookie?<\/h4>\n<p>No es un virus, ni un troyano, ni un gusano, ni spam, ni spyware, ni abre ventanas pop-up.<\/p>\n<h4>\u00bfQu\u00e9 informaci\u00f3n almacena una\u00a0<em>cookie<\/em>?<\/h4>\n<p>Las\u00a0<em>cookies<\/em>\u00a0no suelen almacenar informaci\u00f3n sensible sobre usted, como tarjetas de cr\u00e9dito o datos bancarios, fotograf\u00edas, su DNI o informaci\u00f3n personal, etc. Los datos que guardan son de car\u00e1cter t\u00e9cnico, preferencias personales, personalizaci\u00f3n de contenidos, etc.<\/p>\n<p>El servidor web no le asocia a usted como persona si no a su navegador web. De hecho, si usted navega habitualmente con Internet Explorer y prueba a navegar por la misma web con Firefox o Chrome ver\u00e1 que la web no se da cuenta que es usted la misma persona porque en realidad est\u00e1 asociando al navegador, no a la persona.<\/p>\n<h4>\u00bfQu\u00e9 tipo de\u00a0<em>cookies<\/em>\u00a0existen?<\/h4>\n<ul>\n<li><em>Cookies<\/em>\u00a0t\u00e9cnicas: Son las m\u00e1s elementales y permiten, entre otras cosas, saber cu\u00e1ndo est\u00e1 navegando un humano o una aplicaci\u00f3n automatizada, cu\u00e1ndo navega un usuario an\u00f3nimo y uno registrado, tareas b\u00e1sicas para el funcionamiento de cualquier web din\u00e1mica.<\/li>\n<li><em>Cookies<\/em>\u00a0de an\u00e1lisis: Recogen informaci\u00f3n sobre el tipo de navegaci\u00f3n que est\u00e1 realizando, las secciones que m\u00e1s utiliza, productos consultados, franja horaria de uso, idioma, etc.<\/li>\n<li><em>Cookies<\/em>\u00a0publicitarias: Muestran publicidad en funci\u00f3n de su navegaci\u00f3n, su pa\u00eds de procedencia, idioma, etc.<\/li>\n<\/ul>\n<h4>\u00bfQu\u00e9 son las\u00a0<em>cookies<\/em>\u00a0propias y las de terceros?<\/h4>\n<p>Las\u00a0<em>cookies propias<\/em>\u00a0son las generadas por la p\u00e1gina que est\u00e1 visitando y las\u00a0<em>de terceros<\/em>\u00a0son las generadas por servicios o proveedores externos como Facebook, Twitter, Google, etc.<\/p>\n<h4>\u00bfQu\u00e9 ocurre si desactivo las\u00a0<em>cookies<\/em>?<\/h4>\n<p>Para que entienda el alcance que puede tener desactivar las\u00a0<em>cookies<\/em>\u00a0le mostramos unos ejemplos:<\/p>\n<ul>\n<li>No podr\u00e1 compartir contenidos de esa web en Facebook, Twitter o cualquier otra red social.<\/li>\n<li>No ser\u00e1 posible personalizar sus preferencias geogr\u00e1ficas como franja horaria, divisa o idioma.<\/li>\n<li>El sitio web no podr\u00e1 realizar anal\u00edticas web sobre visitantes y tr\u00e1fico en la web, lo que dificultar\u00e1 que la web sea competitiva.<\/li>\n<li>No se podr\u00e1n visualizar v\u00eddeos de proveedores externos.<\/li>\n<\/ul>\n<h4>\u00bfSe pueden eliminar las\u00a0<em>cookies<\/em>?<\/h4>\n<p>S\u00ed. No s\u00f3lo eliminar, tambi\u00e9n bloquear, de forma general o particular para un dominio espec\u00edfico.<\/p>\n<p>Para eliminar las\u00a0<em>cookies<\/em> de un sitio web debe ir a la configuraci\u00f3n de su navegador y all\u00ed podr\u00e1 buscar las asociadas al dominio en cuesti\u00f3n y proceder a su eliminaci\u00f3n.<\/p>\n<h4 id=\"navegadores\">Configuraci\u00f3n de\u00a0<em>cookies<\/em> para los navegadores m\u00e1s polulares<\/h4>\n<p>El usuario puede, en cualquier momento, permitir, bloquear o eliminar las cookies instaladas en su equipo mediante la configuraci\u00f3n de las opciones de su navegador; por ejemplo:<\/p>\n<ul>\n<li>Chrome, encuentra informaci\u00f3n en el siguiente\u00a0<a href=\"https:\/\/support.google.com\/chrome\/answer\/95647?hl=es\">enlace<\/a><\/li>\n<li>Internet Explorer 9, encuentra informaci\u00f3n en el siguiente\u00a0<a href=\"http:\/\/windows.microsoft.com\/es-es\/windows7\/how-to-manage-cookies-in-internet-explorer-9\">enlace<\/a><\/li>\n<li>FireFox, encuentra informaci\u00f3n en el siguiente\u00a0<a href=\"http:\/\/support.mozilla.org\/es\/kb\/habilitar-y-deshabilitar-cookies-que-los-sitios-we\">enlace<\/a><\/li>\n<li>Safari 5.1, encuentra informaci\u00f3n en el siguiente\u00a0<a href=\"http:\/\/support.apple.com\/kb\/ph5042\">enlace<\/a><\/li>\n<\/ul>\n<\/div>\n<\/div><\/div>\n<\/div>\n<\/div>\n<\/div>\n<\/div>\n<\/div>\n\n","protected":false},"excerpt":{"rendered":"","protected":false},"author":3,"featured_media":0,"parent":0,"menu_order":0,"comment_status":"closed","ping_status":"closed","template":"","meta":{"inline_featured_image":false,"footnotes":""},"class_list":["post-16140","page","type-page","status-publish","hentry"],"yoast_head":"<!-- This site is optimized with the Yoast SEO plugin v26.2 - https:\/\/yoast.com\/wordpress\/plugins\/seo\/ -->\n<title>Pol\u00edtica de Cookies | Concello de Pontedeume<\/title>\n<meta name=\"description\" content=\"Pol\u00edtica de cookies del sitio oficial del Ayuntamiento de Pontedeume\" \/>\n<meta name=\"robots\" content=\"index, follow, max-snippet:-1, max-image-preview:large, max-video-preview:-1\" \/>\n<link rel=\"canonical\" href=\"https:\/\/www.pontedeume.gal\/es\/politica-de-cookies\/\" \/>\n<meta property=\"og:locale\" content=\"es_ES\" \/>\n<meta property=\"og:type\" content=\"article\" \/>\n<meta property=\"og:title\" content=\"Pol\u00edtica de Cookies | Concello de Pontedeume\" \/>\n<meta property=\"og:description\" content=\"Pol\u00edtica de cookies del sitio oficial del Ayuntamiento de Pontedeume\" \/>\n<meta property=\"og:url\" content=\"https:\/\/www.pontedeume.gal\/es\/politica-de-cookies\/\" \/>\n<meta property=\"og:site_name\" content=\"Concello de Pontedeume\" \/>\n<meta property=\"article:publisher\" content=\"https:\/\/www.facebook.com\/concellodepontedeume\/\" \/>\n<meta property=\"article:modified_time\" content=\"2022-11-15T17:33:44+00:00\" \/>\n<meta property=\"og:image\" content=\"https:\/\/www.pontedeume.gal\/wp-content\/uploads\/2021\/12\/logotipo.png\" \/>\n\t<meta property=\"og:image:width\" content=\"673\" \/>\n\t<meta property=\"og:image:height\" content=\"200\" \/>\n\t<meta property=\"og:image:type\" content=\"image\/png\" \/>\n<meta name=\"twitter:label1\" content=\"Tiempo de lectura\" \/>\n\t<meta name=\"twitter:data1\" content=\"6 minutos\" \/>\n<script type=\"application\/ld+json\" class=\"yoast-schema-graph\">{\"@context\":\"https:\/\/schema.org\",\"@graph\":[{\"@type\":\"WebPage\",\"@id\":\"https:\/\/www.pontedeume.gal\/es\/politica-de-cookies\/\",\"url\":\"https:\/\/www.pontedeume.gal\/es\/politica-de-cookies\/\",\"name\":\"Pol\u00edtica de Cookies | Concello de Pontedeume\",\"isPartOf\":{\"@id\":\"https:\/\/www.pontedeume.gal\/es\/#website\"},\"datePublished\":\"2017-10-17T08:28:09+00:00\",\"dateModified\":\"2022-11-15T17:33:44+00:00\",\"description\":\"Pol\u00edtica de cookies del sitio oficial del Ayuntamiento de Pontedeume\",\"breadcrumb\":{\"@id\":\"https:\/\/www.pontedeume.gal\/es\/politica-de-cookies\/#breadcrumb\"},\"inLanguage\":\"es\",\"potentialAction\":[{\"@type\":\"ReadAction\",\"target\":[\"https:\/\/www.pontedeume.gal\/es\/politica-de-cookies\/\"]}]},{\"@type\":\"BreadcrumbList\",\"@id\":\"https:\/\/www.pontedeume.gal\/es\/politica-de-cookies\/#breadcrumb\",\"itemListElement\":[{\"@type\":\"ListItem\",\"position\":1,\"name\":\"Home\",\"item\":\"https:\/\/www.pontedeume.gal\/es\/\"},{\"@type\":\"ListItem\",\"position\":2,\"name\":\"Pol\u00edtica de Cookies\"}]},{\"@type\":\"WebSite\",\"@id\":\"https:\/\/www.pontedeume.gal\/es\/#website\",\"url\":\"https:\/\/www.pontedeume.gal\/es\/\",\"name\":\"Concello de Pontedeume\",\"description\":\"P\u00e1xina oficial do Concello de Pontedeume\",\"publisher\":{\"@id\":\"https:\/\/www.pontedeume.gal\/es\/#organization\"},\"potentialAction\":[{\"@type\":\"SearchAction\",\"target\":{\"@type\":\"EntryPoint\",\"urlTemplate\":\"https:\/\/www.pontedeume.gal\/es\/?s={search_term_string}\"},\"query-input\":{\"@type\":\"PropertyValueSpecification\",\"valueRequired\":true,\"valueName\":\"search_term_string\"}}],\"inLanguage\":\"es\"},{\"@type\":\"Organization\",\"@id\":\"https:\/\/www.pontedeume.gal\/es\/#organization\",\"name\":\"Concello de Pontedeume\",\"url\":\"https:\/\/www.pontedeume.gal\/es\/\",\"logo\":{\"@type\":\"ImageObject\",\"inLanguage\":\"es\",\"@id\":\"https:\/\/www.pontedeume.gal\/es\/#\/schema\/logo\/image\/\",\"url\":\"https:\/\/www.pontedeume.gal\/wp-content\/uploads\/2021\/12\/logotipo.png\",\"contentUrl\":\"https:\/\/www.pontedeume.gal\/wp-content\/uploads\/2021\/12\/logotipo.png\",\"width\":673,\"height\":200,\"caption\":\"Concello de Pontedeume\"},\"image\":{\"@id\":\"https:\/\/www.pontedeume.gal\/es\/#\/schema\/logo\/image\/\"},\"sameAs\":[\"https:\/\/www.facebook.com\/concellodepontedeume\/\"]}]}<\/script>\n<!-- \/ Yoast SEO plugin. -->","yoast_head_json":{"title":"Pol\u00edtica de Cookies | Concello de Pontedeume","description":"Pol\u00edtica de cookies del sitio oficial del Ayuntamiento de Pontedeume","robots":{"index":"index","follow":"follow","max-snippet":"max-snippet:-1","max-image-preview":"max-image-preview:large","max-video-preview":"max-video-preview:-1"},"canonical":"https:\/\/www.pontedeume.gal\/es\/politica-de-cookies\/","og_locale":"es_ES","og_type":"article","og_title":"Pol\u00edtica de Cookies | Concello de Pontedeume","og_description":"Pol\u00edtica de cookies del sitio oficial del Ayuntamiento de Pontedeume","og_url":"https:\/\/www.pontedeume.gal\/es\/politica-de-cookies\/","og_site_name":"Concello de Pontedeume","article_publisher":"https:\/\/www.facebook.com\/concellodepontedeume\/","article_modified_time":"2022-11-15T17:33:44+00:00","og_image":[{"width":673,"height":200,"url":"https:\/\/www.pontedeume.gal\/wp-content\/uploads\/2021\/12\/logotipo.png","type":"image\/png"}],"twitter_misc":{"Tiempo de lectura":"6 minutos"},"schema":{"@context":"https:\/\/schema.org","@graph":[{"@type":"WebPage","@id":"https:\/\/www.pontedeume.gal\/es\/politica-de-cookies\/","url":"https:\/\/www.pontedeume.gal\/es\/politica-de-cookies\/","name":"Pol\u00edtica de Cookies | Concello de Pontedeume","isPartOf":{"@id":"https:\/\/www.pontedeume.gal\/es\/#website"},"datePublished":"2017-10-17T08:28:09+00:00","dateModified":"2022-11-15T17:33:44+00:00","description":"Pol\u00edtica de cookies del sitio oficial del Ayuntamiento de Pontedeume","breadcrumb":{"@id":"https:\/\/www.pontedeume.gal\/es\/politica-de-cookies\/#breadcrumb"},"inLanguage":"es","potentialAction":[{"@type":"ReadAction","target":["https:\/\/www.pontedeume.gal\/es\/politica-de-cookies\/"]}]},{"@type":"BreadcrumbList","@id":"https:\/\/www.pontedeume.gal\/es\/politica-de-cookies\/#breadcrumb","itemListElement":[{"@type":"ListItem","position":1,"name":"Home","item":"https:\/\/www.pontedeume.gal\/es\/"},{"@type":"ListItem","position":2,"name":"Pol\u00edtica de Cookies"}]},{"@type":"WebSite","@id":"https:\/\/www.pontedeume.gal\/es\/#website","url":"https:\/\/www.pontedeume.gal\/es\/","name":"Concello de Pontedeume","description":"P\u00e1xina oficial do Concello de Pontedeume","publisher":{"@id":"https:\/\/www.pontedeume.gal\/es\/#organization"},"potentialAction":[{"@type":"SearchAction","target":{"@type":"EntryPoint","urlTemplate":"https:\/\/www.pontedeume.gal\/es\/?s={search_term_string}"},"query-input":{"@type":"PropertyValueSpecification","valueRequired":true,"valueName":"search_term_string"}}],"inLanguage":"es"},{"@type":"Organization","@id":"https:\/\/www.pontedeume.gal\/es\/#organization","name":"Concello de Pontedeume","url":"https:\/\/www.pontedeume.gal\/es\/","logo":{"@type":"ImageObject","inLanguage":"es","@id":"https:\/\/www.pontedeume.gal\/es\/#\/schema\/logo\/image\/","url":"https:\/\/www.pontedeume.gal\/wp-content\/uploads\/2021\/12\/logotipo.png","contentUrl":"https:\/\/www.pontedeume.gal\/wp-content\/uploads\/2021\/12\/logotipo.png","width":673,"height":200,"caption":"Concello de Pontedeume"},"image":{"@id":"https:\/\/www.pontedeume.gal\/es\/#\/schema\/logo\/image\/"},"sameAs":["https:\/\/www.facebook.com\/concellodepontedeume\/"]}]}},"_links":{"self":[{"href":"https:\/\/www.pontedeume.gal\/es\/wp-json\/wp\/v2\/pages\/16140","targetHints":{"allow":["GET"]}}],"collection":[{"href":"https:\/\/www.pontedeume.gal\/es\/wp-json\/wp\/v2\/pages"}],"about":[{"href":"https:\/\/www.pontedeume.gal\/es\/wp-json\/wp\/v2\/types\/page"}],"author":[{"embeddable":true,"href":"https:\/\/www.pontedeume.gal\/es\/wp-json\/wp\/v2\/users\/3"}],"replies":[{"embeddable":true,"href":"https:\/\/www.pontedeume.gal\/es\/wp-json\/wp\/v2\/comments?post=16140"}],"version-history":[{"count":1,"href":"https:\/\/www.pontedeume.gal\/es\/wp-json\/wp\/v2\/pages\/16140\/revisions"}],"predecessor-version":[{"id":20701,"href":"https:\/\/www.pontedeume.gal\/es\/wp-json\/wp\/v2\/pages\/16140\/revisions\/20701"}],"wp:attachment":[{"href":"https:\/\/www.pontedeume.gal\/es\/wp-json\/wp\/v2\/media?parent=16140"}],"curies":[{"name":"wp","href":"https:\/\/api.w.org\/{rel}","templated":true}]}}