{"id":15324,"date":"2017-10-10T10:36:39","date_gmt":"2017-10-10T10:36:39","guid":{"rendered":"https:\/\/www.pontedeume.gal\/?page_id=15324"},"modified":"2022-01-18T12:51:23","modified_gmt":"2022-01-18T11:51:23","slug":"parques","status":"publish","type":"page","link":"https:\/\/www.pontedeume.gal\/es\/descubre-pontedeume\/parques\/","title":{"rendered":"Parques y jardines"},"content":{"rendered":"<div id=\"cmsmasters_row_ca8190f646\" class=\"cmsmasters_row cmsmasters_color_scheme_default cmsmasters_row_top_default cmsmasters_row_bot_default cmsmasters_row_boxed\">\n<div class=\"cmsmasters_row_outer_parent\">\n<div class=\"cmsmasters_row_outer\">\n<div class=\"cmsmasters_row_inner\">\n<div class=\"cmsmasters_row_margin\">\n<div id=\"cmsmasters_column_\" class=\"cmsmasters_column one_first\">\n<div class=\"cmsmasters_column_inner\"><div id=\"cmsmasters_fb_e11345052a\" class=\"cmsmasters_featured_block\">\n<div class=\"featured_block_inner\">\n<div class=\"featured_block_text\">\n<h2 class=\"edgtf-st-title\"><span style=\"color: #ffffff;\">Parques y jardines<\/span><\/h2>\n<p id=\"cmsms_heading_5757ce4780801\" class=\"cmsms_heading\"><span style=\"color: #ffffff;\">Pontedeume cuenta con numerosos espacios verdes y recreativos (117.063,5 m2), algunos de ellos con una rica historia detr\u00e1s. Estos parques fueron testigos del crecimiento de la villa, pues tuvieron su origen conforme iban naciendo nuevos barrios o avenidas, creando espacios de pasatiempo, reuni\u00f3n y recreo para ni\u00f1os y mayores. Al mismo tiempo, tambi\u00e9n en el resto de las parroquias fueron apareciendo estos espacios, vinculados muchas veces a antiguos lugares de reuni\u00f3n p\u00fablica como escuelas o molinos.<\/span><\/p>\n\n<\/div>\n<\/div>\n<\/div>\n<\/div><\/div>\n<\/div>\n<\/div>\n<\/div>\n<\/div>\n<\/div>\n<div id=\"cmsmasters_row_bcf99f75d0\" class=\"cmsmasters_row cmsmasters_color_scheme_default cmsmasters_row_top_default cmsmasters_row_bot_default cmsmasters_row_boxed\">\n<div class=\"cmsmasters_row_outer_parent\">\n<div class=\"cmsmasters_row_outer\">\n<div class=\"cmsmasters_row_inner\">\n<div class=\"cmsmasters_row_margin\">\n<div id=\"cmsmasters_column_\" class=\"cmsmasters_column one_first\">\n<div class=\"cmsmasters_column_inner\">\n<div id=\"cmsmasters_divider_394b9d15f5\" class=\"cmsmasters_divider cmsmasters_divider_width_long cmsmasters_divider_pos_center\"><\/div>\n<\/div><\/div>\n<\/div>\n<\/div>\n<div class=\"cmsmasters_row_inner\">\n<div class=\"cmsmasters_row_margin\">\n<div id=\"cmsmasters_column_\" class=\"cmsmasters_column one_third\">\n<div class=\"cmsmasters_column_inner\"><div class=\"cmsmasters_img  cmsmasters_image_n\"><img decoding=\"async\" src=\"https:\/\/www.pontedeume.gal\/wp-content\/uploads\/2017\/10\/ALAMEDA.jpg\" alt=\"ALAMEDA\" \/><\/div><div id=\"cmsmasters_heading_b1beb1c151\" class=\"cmsmasters_heading_wrap cmsmasters_heading_align_center\">\n\t<h2 class=\"cmsmasters_heading\">Alameda de Rajoy<\/h2>\n<\/div><div class=\"cmsmasters_text\">\n<p>Antigua huerta del convento de los Agustinos, pas\u00f3 a manos privadas y en el a\u00f1o 1864 fue adquirida por el Ayuntamiento de Pontedeume. Su uso fue en un principio el de espacio destinado a la compraventa de animales. Esta actividad se celebraba el d\u00eda 18 de cada mes, y por este motivo era llamada el Campo de la Feria y tambi\u00e9n Campo de Rajoy, por la calle de dicho nombre que le da acceso.<\/p>\n<p>Despu\u00e9s de diversas transformaciones (como la construcci\u00f3n del muro que limita con la carretera hacia Betanzos), nivelaciones, desmontes, plantaciones de \u00e1rboles, etc., adquiri\u00f3 su configuraci\u00f3n actual y desde 1913 sustituy\u00f3 a la plaza de San Roque como escenario de celebraci\u00f3n de verbenas populares. En 1925 se situ\u00f3 el monolito en homenaje al arzobispo Bartolom\u00e9 Rajoy y Losada. La configuraci\u00f3n de este espacio fue renovada recientemente.<\/p>\n<\/div>\n<\/div><\/div>\n<div id=\"cmsmasters_column_\" class=\"cmsmasters_column one_third\">\n<div class=\"cmsmasters_column_inner\"><div class=\"cmsmasters_img  cmsmasters_image_n\"><img decoding=\"async\" src=\"https:\/\/www.pontedeume.gal\/wp-content\/uploads\/2022\/01\/02_AlcaldeSarmiento.jpg\" \/><\/div><div id=\"cmsmasters_heading_fb0207af7e\" class=\"cmsmasters_heading_wrap cmsmasters_heading_align_center\">\n\t<h2 class=\"cmsmasters_heading\">Alcalde Sarmiento<\/h2>\n<\/div><div class=\"cmsmasters_text\">\n<p>Parque situado en el \u00e1ngulo que forma la carretera de A Coru\u00f1a con la avenida Ricardo S\u00e1nchez, zona tambi\u00e9n conocida como \u201clas Gabarras\u201d. Sirvi\u00f3 de escombrera hasta que, siendo alcalde D. Juan Sarmiento Pati\u00f1o, se decidi\u00f3 construir este parque denominado \u201cParque Municipal\u201d de la villa. Las obras terminaron en el a\u00f1o 1959, y en un principio se barajaron dos nombres: Fernando de Andrade o Juan Sarmiento. El 30 de septiembre de 1971 se nombr\u00f3 a D. Juan Sarmiento hijo adoptivo y se acord\u00f3 la denominaci\u00f3n de Parque Alcalde Sarmiento.<\/p>\n<\/div>\n<\/div><\/div>\n<div id=\"cmsmasters_column_\" class=\"cmsmasters_column one_third\">\n<div class=\"cmsmasters_column_inner\"><div class=\"cmsmasters_img  cmsmasters_image_n\"><img decoding=\"async\" src=\"https:\/\/www.pontedeume.gal\/wp-content\/uploads\/2017\/10\/lombardero.jpg\" alt=\"lombardero\" \/><\/div><div id=\"cmsmasters_heading_c8cc15e3a7\" class=\"cmsmasters_heading_wrap cmsmasters_heading_align_center\">\n\t<h2 class=\"cmsmasters_heading\">Jardines de Lombardero<\/h2>\n<\/div><div class=\"cmsmasters_text\">\n<p>Ocupan el lugar de la antigua huerta del Conde. Su creaci\u00f3n data del a\u00f1o 1911, en un principio con el nombre de \u201cParque del Marqu\u00e9s de Figueroa\u201d. En estas fechas comenzaron los trabajos para su realizaci\u00f3n, pero por falta de dinero la obra se pospuso y se continu\u00f3 en el a\u00f1o 1917 gracias a la aportaci\u00f3n privada de dos mil pesetas.<\/p>\n<p>En la sesi\u00f3n de la Corporaci\u00f3n del 22 de diciembre de 1934 se hac\u00eda menci\u00f3n al parque del Marqu\u00e9s de Figueroa, as\u00ed como en la sesi\u00f3n del 1 de julio de 1944. Sin embargo, la denominaci\u00f3n de Jardines de Lombardero se fue consolidando y ya en 1952 este espacio era conocido como tal, aunque sin un acuerdo oficial.<\/p>\n<p>Cuenta con parque infantil desde 1969 y con ejemplares arb\u00f3reos singulares.<\/p>\n<\/div>\n<\/div><\/div>\n<\/div>\n<\/div>\n<\/div>\n<\/div>\n<\/div>\n<div id=\"cmsmasters_row_n9iea1ebqn\" class=\"cmsmasters_row cmsmasters_color_scheme_default cmsmasters_row_top_default cmsmasters_row_bot_default cmsmasters_row_boxed\">\n<div class=\"cmsmasters_row_outer_parent\">\n<div class=\"cmsmasters_row_outer\">\n<div class=\"cmsmasters_row_inner\">\n<div class=\"cmsmasters_row_margin\">\n<div id=\"cmsmasters_column_y2mg7k3w3d\" class=\"cmsmasters_column one_third\">\n<div class=\"cmsmasters_column_inner\"><div class=\"cmsmasters_img  cmsmasters_image_n\"><img decoding=\"async\" src=\"https:\/\/www.pontedeume.gal\/wp-content\/uploads\/2022\/01\/04_Vizus.jpg\" \/><\/div><div id=\"cmsmasters_heading_qmv7tqu0yk\" class=\"cmsmasters_heading_wrap cmsmasters_heading_align_center\">\n\t<h2 class=\"cmsmasters_heading\">Parque del Molino de Viz\u00fas<\/h2>\n<\/div><div class=\"cmsmasters_text\">\n<p>Situado en el lugar de Viz\u00fas, en la parroquia de Santa Mar\u00eda de Centro\u00f1a, se trata de un parque renovado recientemente y que cuenta con una peque\u00f1a pista deportiva, un peque\u00f1o parque infantil y elementos para gimnasia al aire libre. Posee bancos y fuente, adem\u00e1s de un cruceiro y los restos de un molino<\/p>\n<\/div>\n<\/div><\/div>\n<div id=\"cmsmasters_column_spriwxirkg\" class=\"cmsmasters_column one_third\">\n<div class=\"cmsmasters_column_inner\"><div class=\"cmsmasters_img  cmsmasters_image_n\"><img decoding=\"async\" src=\"https:\/\/www.pontedeume.gal\/wp-content\/uploads\/2022\/01\/05_ParqueAvenidaEstacion.jpeg\" \/><\/div><div id=\"cmsmasters_heading_s3j83wocr\" class=\"cmsmasters_heading_wrap cmsmasters_heading_align_center\">\n\t<h2 class=\"cmsmasters_heading\">Parque de la Avda. de la Estaci\u00f3n<\/h2>\n<\/div><div class=\"cmsmasters_text\">\n<p>Situado en el ensanche occidental de la villa, fue remodelado en el a\u00f1o 2017. Constituye un espacio agradable para sentarse a la sombra de sus palmeras, conversar o para que los ni\u00f1os jueguen. La presencia de un \u201ctoilekan\u201d lo convierte en un parque urbano apto para pasear con las mascotas.<\/p>\n<\/div>\n<\/div><\/div>\n<div id=\"cmsmasters_column_hdqdkuutph\" class=\"cmsmasters_column one_third\">\n<div class=\"cmsmasters_column_inner\"><div class=\"cmsmasters_img  cmsmasters_image_n\"><img decoding=\"async\" src=\"https:\/\/www.pontedeume.gal\/wp-content\/uploads\/2022\/01\/06_Centrona-1.jpg\" \/><\/div><div id=\"cmsmasters_heading_gz2c8de49\" class=\"cmsmasters_heading_wrap cmsmasters_heading_align_center\">\n\t<h2 class=\"cmsmasters_heading\">Parque de Centro\u00f1a<\/h2>\n<\/div><div class=\"cmsmasters_text\">\n<p>En la parroquia de Santa Mar\u00eda de Centro\u00f1a, est\u00e1 situado al lado de una pista polideportiva y cuenta con un peque\u00f1o parque infantil, bancos y mesas y una magn\u00edfica panor\u00e1mica sobre la r\u00eda de Ares. Constituye un buen espacio de recreo para quien lo visita.<\/p>\n<\/div>\n<\/div><\/div>\n<\/div>\n<\/div>\n<\/div>\n<\/div>\n<\/div>\n<div id=\"cmsmasters_row_189ydxw7m\" class=\"cmsmasters_row cmsmasters_color_scheme_default cmsmasters_row_top_default cmsmasters_row_bot_default cmsmasters_row_boxed\">\n<div class=\"cmsmasters_row_outer_parent\">\n<div class=\"cmsmasters_row_outer\">\n<div class=\"cmsmasters_row_inner\">\n<div class=\"cmsmasters_row_margin\">\n<div id=\"cmsmasters_column_9zsegcfl0g\" class=\"cmsmasters_column one_third\">\n<div class=\"cmsmasters_column_inner\"><div class=\"cmsmasters_img  cmsmasters_image_n\"><img decoding=\"async\" src=\"https:\/\/www.pontedeume.gal\/wp-content\/uploads\/2022\/01\/06_Nogueirosa.jpg\" \/><\/div><div id=\"cmsmasters_heading_fm2c3y9yva\" class=\"cmsmasters_heading_wrap cmsmasters_heading_align_center\">\n\t<h2 class=\"cmsmasters_heading\">Parque de la antigua escuela unitaria de Nogueirosa<\/h2>\n<\/div><div class=\"cmsmasters_text\">\n<p>Situado en la parroquia de San Cosme de Nogueirosa, junto a la antigua escuela unitaria y una pista polideportiva. Cuenta con bancos y un peque\u00f1o parque infantil y constituye, como antiguamente, un espacio de recreo y reuni\u00f3n para la gente de la parroquia.<\/p>\n<\/div>\n<\/div><\/div>\n<div id=\"cmsmasters_column_zel9di8z5k\" class=\"cmsmasters_column one_third\">\n<div class=\"cmsmasters_column_inner\"><div class=\"cmsmasters_img  cmsmasters_image_n\"><img decoding=\"async\" src=\"https:\/\/www.pontedeume.gal\/wp-content\/uploads\/2022\/01\/07_PaseoFluvialRosaliaDeCastro.jpg\" \/><\/div><div id=\"cmsmasters_heading_n6p3meo0r5\" class=\"cmsmasters_heading_wrap cmsmasters_heading_align_center\">\n\t<h2 class=\"cmsmasters_heading\">Parque Paseo Fluvial Rosal\u00eda de Castro<\/h2>\n<\/div><div class=\"cmsmasters_text\">\n<p>Ubicado en el Paseo Mar\u00edtimo con una longitud de m\u00e1s de un kil\u00f3metro es un sitio apto para el uso de bicicleta o patines. Su entorno al lado de la desembocadura del r\u00edo Eume es un lugar \u00f3ptimo para avistar aves y su banco marisquero. Cuenta con un parque infantil y biosaludable.<\/p>\n<\/div>\n<\/div><\/div>\n<div id=\"cmsmasters_column_ois3x70rqt\" class=\"cmsmasters_column one_third\">\n<div class=\"cmsmasters_column_inner\"><div class=\"cmsmasters_img  cmsmasters_image_n\"><img decoding=\"async\" src=\"https:\/\/www.pontedeume.gal\/wp-content\/uploads\/2022\/01\/08_ParqueUrbanizacionOlmo.jpg\" \/><\/div><div id=\"cmsmasters_heading_93teurfo2\" class=\"cmsmasters_heading_wrap cmsmasters_heading_align_center\">\n\t<h2 class=\"cmsmasters_heading\">Parque Urbanizaci\u00f3n Olmo<\/h2>\n<\/div><div class=\"cmsmasters_text\">\n<p>Lugar de ocio cuenta con parque infantil, juegos, zona verde y bancos para el descanso. Ubicado en la Urbanziaci\u00f3n Olmo cerca del local social de la Unidad Vecinal Olmo.<\/p>\n<\/div>\n<\/div><\/div>\n<\/div>\n<\/div>\n<\/div>\n<\/div>\n<\/div>\n<div id=\"cmsmasters_row_s5o36qbp0g\" class=\"cmsmasters_row cmsmasters_color_scheme_default cmsmasters_row_top_default cmsmasters_row_bot_default cmsmasters_row_boxed\">\n<div class=\"cmsmasters_row_outer_parent\">\n<div class=\"cmsmasters_row_outer\">\n<div class=\"cmsmasters_row_inner\">\n<div class=\"cmsmasters_row_margin\">\n<div id=\"cmsmasters_column_x2i6g6prla\" class=\"cmsmasters_column one_third\">\n<div class=\"cmsmasters_column_inner\"><div class=\"cmsmasters_img  cmsmasters_image_n\"><img decoding=\"async\" src=\"https:\/\/www.pontedeume.gal\/wp-content\/uploads\/2022\/01\/09_Breamo.jpg\" \/><\/div><div id=\"cmsmasters_heading_uokw65hj4o\" class=\"cmsmasters_heading_wrap cmsmasters_heading_align_center\">\n\t<h2 class=\"cmsmasters_heading\">Area recreativa de Breamo<\/h2>\n<\/div><div class=\"cmsmasters_text\">\n<p>Localizada al lado de la ermita rom\u00e1nica de San Miguel de Breamo es un lugar ideal para el descanso. Equipado con mesas para comer y amplias zonas de c\u00e9sped.<\/p>\n<\/div>\n<\/div><\/div>\n<div id=\"cmsmasters_column_gl5n24z2pf\" class=\"cmsmasters_column one_third\">\n<div class=\"cmsmasters_column_inner\"><\/div><\/div>\n<div id=\"cmsmasters_column_cpc5jnuk0g\" class=\"cmsmasters_column one_third\">\n<div class=\"cmsmasters_column_inner\"><\/div><\/div>\n<\/div>\n<\/div>\n<\/div>\n<\/div>\n<\/div>\n\n","protected":false},"excerpt":{"rendered":"","protected":false},"author":3,"featured_media":0,"parent":14361,"menu_order":0,"comment_status":"closed","ping_status":"closed","template":"","meta":{"inline_featured_image":false,"footnotes":""},"class_list":["post-15324","page","type-page","status-publish","hentry"],"yoast_head":"<!-- This site is optimized with the Yoast SEO plugin v26.2 - https:\/\/yoast.com\/wordpress\/plugins\/seo\/ -->\n<title>Parques y jardines | Concello de Pontedeume<\/title>\n<meta name=\"description\" content=\"Parques y recursos naturales en el Ayuntamiento de Pontedeume\" \/>\n<meta name=\"robots\" content=\"index, follow, max-snippet:-1, max-image-preview:large, max-video-preview:-1\" \/>\n<link rel=\"canonical\" href=\"https:\/\/www.pontedeume.gal\/es\/descubre-pontedeume\/parques\/\" \/>\n<meta property=\"og:locale\" content=\"es_ES\" \/>\n<meta property=\"og:type\" content=\"article\" \/>\n<meta property=\"og:title\" content=\"Parques y jardines | Concello de Pontedeume\" \/>\n<meta property=\"og:description\" content=\"Parques y recursos naturales en el Ayuntamiento de Pontedeume\" \/>\n<meta property=\"og:url\" content=\"https:\/\/www.pontedeume.gal\/es\/descubre-pontedeume\/parques\/\" \/>\n<meta property=\"og:site_name\" content=\"Concello de Pontedeume\" \/>\n<meta property=\"article:publisher\" content=\"https:\/\/www.facebook.com\/concellodepontedeume\/\" \/>\n<meta property=\"article:modified_time\" content=\"2022-01-18T11:51:23+00:00\" \/>\n<meta property=\"og:image\" content=\"https:\/\/www.pontedeume.gal\/wp-content\/uploads\/2021\/12\/logotipo.png\" \/>\n\t<meta property=\"og:image:width\" content=\"673\" \/>\n\t<meta property=\"og:image:height\" content=\"200\" \/>\n\t<meta property=\"og:image:type\" content=\"image\/png\" \/>\n<meta name=\"twitter:label1\" content=\"Tiempo de lectura\" \/>\n\t<meta name=\"twitter:data1\" content=\"9 minutos\" \/>\n<script type=\"application\/ld+json\" class=\"yoast-schema-graph\">{\"@context\":\"https:\/\/schema.org\",\"@graph\":[{\"@type\":\"WebPage\",\"@id\":\"https:\/\/www.pontedeume.gal\/es\/descubre-pontedeume\/parques\/\",\"url\":\"https:\/\/www.pontedeume.gal\/es\/descubre-pontedeume\/parques\/\",\"name\":\"Parques y jardines | Concello de Pontedeume\",\"isPartOf\":{\"@id\":\"https:\/\/www.pontedeume.gal\/es\/#website\"},\"datePublished\":\"2017-10-10T10:36:39+00:00\",\"dateModified\":\"2022-01-18T11:51:23+00:00\",\"description\":\"Parques y recursos naturales en el Ayuntamiento de Pontedeume\",\"breadcrumb\":{\"@id\":\"https:\/\/www.pontedeume.gal\/es\/descubre-pontedeume\/parques\/#breadcrumb\"},\"inLanguage\":\"es\",\"potentialAction\":[{\"@type\":\"ReadAction\",\"target\":[\"https:\/\/www.pontedeume.gal\/es\/descubre-pontedeume\/parques\/\"]}]},{\"@type\":\"BreadcrumbList\",\"@id\":\"https:\/\/www.pontedeume.gal\/es\/descubre-pontedeume\/parques\/#breadcrumb\",\"itemListElement\":[{\"@type\":\"ListItem\",\"position\":1,\"name\":\"Home\",\"item\":\"https:\/\/www.pontedeume.gal\/es\/\"},{\"@type\":\"ListItem\",\"position\":2,\"name\":\"Descubre Pontedeume\",\"item\":\"https:\/\/www.pontedeume.gal\/es\/descubre-pontedeume\/\"},{\"@type\":\"ListItem\",\"position\":3,\"name\":\"Parques y jardines\"}]},{\"@type\":\"WebSite\",\"@id\":\"https:\/\/www.pontedeume.gal\/es\/#website\",\"url\":\"https:\/\/www.pontedeume.gal\/es\/\",\"name\":\"Concello de Pontedeume\",\"description\":\"P\u00e1xina oficial do Concello de Pontedeume\",\"publisher\":{\"@id\":\"https:\/\/www.pontedeume.gal\/es\/#organization\"},\"potentialAction\":[{\"@type\":\"SearchAction\",\"target\":{\"@type\":\"EntryPoint\",\"urlTemplate\":\"https:\/\/www.pontedeume.gal\/es\/?s={search_term_string}\"},\"query-input\":{\"@type\":\"PropertyValueSpecification\",\"valueRequired\":true,\"valueName\":\"search_term_string\"}}],\"inLanguage\":\"es\"},{\"@type\":\"Organization\",\"@id\":\"https:\/\/www.pontedeume.gal\/es\/#organization\",\"name\":\"Concello de Pontedeume\",\"url\":\"https:\/\/www.pontedeume.gal\/es\/\",\"logo\":{\"@type\":\"ImageObject\",\"inLanguage\":\"es\",\"@id\":\"https:\/\/www.pontedeume.gal\/es\/#\/schema\/logo\/image\/\",\"url\":\"https:\/\/www.pontedeume.gal\/wp-content\/uploads\/2021\/12\/logotipo.png\",\"contentUrl\":\"https:\/\/www.pontedeume.gal\/wp-content\/uploads\/2021\/12\/logotipo.png\",\"width\":673,\"height\":200,\"caption\":\"Concello de Pontedeume\"},\"image\":{\"@id\":\"https:\/\/www.pontedeume.gal\/es\/#\/schema\/logo\/image\/\"},\"sameAs\":[\"https:\/\/www.facebook.com\/concellodepontedeume\/\"]}]}<\/script>\n<!-- \/ Yoast SEO plugin. -->","yoast_head_json":{"title":"Parques y jardines | Concello de Pontedeume","description":"Parques y recursos naturales en el Ayuntamiento de Pontedeume","robots":{"index":"index","follow":"follow","max-snippet":"max-snippet:-1","max-image-preview":"max-image-preview:large","max-video-preview":"max-video-preview:-1"},"canonical":"https:\/\/www.pontedeume.gal\/es\/descubre-pontedeume\/parques\/","og_locale":"es_ES","og_type":"article","og_title":"Parques y jardines | Concello de Pontedeume","og_description":"Parques y recursos naturales en el Ayuntamiento de Pontedeume","og_url":"https:\/\/www.pontedeume.gal\/es\/descubre-pontedeume\/parques\/","og_site_name":"Concello de Pontedeume","article_publisher":"https:\/\/www.facebook.com\/concellodepontedeume\/","article_modified_time":"2022-01-18T11:51:23+00:00","og_image":[{"width":673,"height":200,"url":"https:\/\/www.pontedeume.gal\/wp-content\/uploads\/2021\/12\/logotipo.png","type":"image\/png"}],"twitter_misc":{"Tiempo de lectura":"9 minutos"},"schema":{"@context":"https:\/\/schema.org","@graph":[{"@type":"WebPage","@id":"https:\/\/www.pontedeume.gal\/es\/descubre-pontedeume\/parques\/","url":"https:\/\/www.pontedeume.gal\/es\/descubre-pontedeume\/parques\/","name":"Parques y jardines | Concello de Pontedeume","isPartOf":{"@id":"https:\/\/www.pontedeume.gal\/es\/#website"},"datePublished":"2017-10-10T10:36:39+00:00","dateModified":"2022-01-18T11:51:23+00:00","description":"Parques y recursos naturales en el Ayuntamiento de Pontedeume","breadcrumb":{"@id":"https:\/\/www.pontedeume.gal\/es\/descubre-pontedeume\/parques\/#breadcrumb"},"inLanguage":"es","potentialAction":[{"@type":"ReadAction","target":["https:\/\/www.pontedeume.gal\/es\/descubre-pontedeume\/parques\/"]}]},{"@type":"BreadcrumbList","@id":"https:\/\/www.pontedeume.gal\/es\/descubre-pontedeume\/parques\/#breadcrumb","itemListElement":[{"@type":"ListItem","position":1,"name":"Home","item":"https:\/\/www.pontedeume.gal\/es\/"},{"@type":"ListItem","position":2,"name":"Descubre Pontedeume","item":"https:\/\/www.pontedeume.gal\/es\/descubre-pontedeume\/"},{"@type":"ListItem","position":3,"name":"Parques y jardines"}]},{"@type":"WebSite","@id":"https:\/\/www.pontedeume.gal\/es\/#website","url":"https:\/\/www.pontedeume.gal\/es\/","name":"Concello de Pontedeume","description":"P\u00e1xina oficial do Concello de Pontedeume","publisher":{"@id":"https:\/\/www.pontedeume.gal\/es\/#organization"},"potentialAction":[{"@type":"SearchAction","target":{"@type":"EntryPoint","urlTemplate":"https:\/\/www.pontedeume.gal\/es\/?s={search_term_string}"},"query-input":{"@type":"PropertyValueSpecification","valueRequired":true,"valueName":"search_term_string"}}],"inLanguage":"es"},{"@type":"Organization","@id":"https:\/\/www.pontedeume.gal\/es\/#organization","name":"Concello de Pontedeume","url":"https:\/\/www.pontedeume.gal\/es\/","logo":{"@type":"ImageObject","inLanguage":"es","@id":"https:\/\/www.pontedeume.gal\/es\/#\/schema\/logo\/image\/","url":"https:\/\/www.pontedeume.gal\/wp-content\/uploads\/2021\/12\/logotipo.png","contentUrl":"https:\/\/www.pontedeume.gal\/wp-content\/uploads\/2021\/12\/logotipo.png","width":673,"height":200,"caption":"Concello de Pontedeume"},"image":{"@id":"https:\/\/www.pontedeume.gal\/es\/#\/schema\/logo\/image\/"},"sameAs":["https:\/\/www.facebook.com\/concellodepontedeume\/"]}]}},"_links":{"self":[{"href":"https:\/\/www.pontedeume.gal\/es\/wp-json\/wp\/v2\/pages\/15324","targetHints":{"allow":["GET"]}}],"collection":[{"href":"https:\/\/www.pontedeume.gal\/es\/wp-json\/wp\/v2\/pages"}],"about":[{"href":"https:\/\/www.pontedeume.gal\/es\/wp-json\/wp\/v2\/types\/page"}],"author":[{"embeddable":true,"href":"https:\/\/www.pontedeume.gal\/es\/wp-json\/wp\/v2\/users\/3"}],"replies":[{"embeddable":true,"href":"https:\/\/www.pontedeume.gal\/es\/wp-json\/wp\/v2\/comments?post=15324"}],"version-history":[{"count":0,"href":"https:\/\/www.pontedeume.gal\/es\/wp-json\/wp\/v2\/pages\/15324\/revisions"}],"up":[{"embeddable":true,"href":"https:\/\/www.pontedeume.gal\/es\/wp-json\/wp\/v2\/pages\/14361"}],"wp:attachment":[{"href":"https:\/\/www.pontedeume.gal\/es\/wp-json\/wp\/v2\/media?parent=15324"}],"curies":[{"name":"wp","href":"https:\/\/api.w.org\/{rel}","templated":true}]}}