{"id":15321,"date":"2017-10-10T10:36:15","date_gmt":"2017-10-10T10:36:15","guid":{"rendered":"https:\/\/www.pontedeume.gal\/?page_id=15321"},"modified":"2022-02-24T12:19:46","modified_gmt":"2022-02-24T11:19:46","slug":"fiestas-y-tradiciones","status":"publish","type":"page","link":"https:\/\/www.pontedeume.gal\/es\/descubre-pontedeume\/fiestas-y-tradiciones\/","title":{"rendered":"Fiestas y tradiciones"},"content":{"rendered":"<div id=\"cmsmasters_row_ca8190f646\" class=\"cmsmasters_row cmsmasters_color_scheme_default cmsmasters_row_top_default cmsmasters_row_bot_default cmsmasters_row_boxed\">\n<div class=\"cmsmasters_row_outer_parent\">\n<div class=\"cmsmasters_row_outer\">\n<div class=\"cmsmasters_row_inner\">\n<div class=\"cmsmasters_row_margin\">\n<div id=\"cmsmasters_column_\" class=\"cmsmasters_column one_first\">\n<div class=\"cmsmasters_column_inner\"><div id=\"cmsmasters_fb_e11345052a\" class=\"cmsmasters_featured_block\">\n<div class=\"featured_block_inner\">\n<div class=\"featured_block_text\">\n<h2 class=\"edgtf-st-title\"><span style=\"color: #ffffff;\">Fiestas<\/span><\/h2>\n<p><span style=\"color: #ffffff;\">El municipio de Pontedeume cuenta con numerosas y variadas festividades y celebraciones, tanto de car\u00e1cter religioso como laico. Algunas de ellas, como las fiestas parroquiales, se vienen celebrando desde hace siglos; otras, desde hace poco tiempo, pero igualmente vividas, disfrutadas y consideradas ya como propias de la tradici\u00f3n eumesa.<\/span><\/p>\n<p><span style=\"color: #ffffff;\">El periodo festivo m\u00e1s destacado es, como en el resto de Galicia, el verano. Sin embargo, la tradici\u00f3n festiva eumesa se extiende a lo largo de todo el calendario, de tal manera que podemos encontrar fiestas, celebraciones y romer\u00edas por casi todo el a\u00f1o.<\/span><\/p>\n\n<\/div>\n<\/div>\n<\/div>\n<\/div><\/div>\n<\/div>\n<\/div>\n<\/div>\n<\/div>\n<\/div>\n<div id=\"cmsmasters_row_bcf99f75d0\" class=\"cmsmasters_row cmsmasters_color_scheme_default cmsmasters_row_top_default cmsmasters_row_bot_default cmsmasters_row_boxed\">\n<div class=\"cmsmasters_row_outer_parent\">\n<div class=\"cmsmasters_row_outer\">\n<div class=\"cmsmasters_row_inner\">\n<div class=\"cmsmasters_row_margin\">\n<div id=\"cmsmasters_column_3p5xf8rn3j\" class=\"cmsmasters_column one_first\">\n<div class=\"cmsmasters_column_inner\"><div id=\"cmsmasters_heading_8ztcm3y39\" class=\"cmsmasters_heading_wrap cmsmasters_heading_align_center\">\n\t<h1 class=\"cmsmasters_heading\">Fiestas patronales<\/h1>\n<\/div>\n<div id=\"cmsmasters_divider_394b9d15f5\" class=\"cmsmasters_divider cmsmasters_divider_width_long cmsmasters_divider_pos_center\"><\/div>\n<\/div><\/div>\n<\/div>\n<\/div>\n<div class=\"cmsmasters_row_inner\">\n<div class=\"cmsmasters_row_margin\">\n<div id=\"cmsmasters_column_\" class=\"cmsmasters_column one_first\">\n<div class=\"cmsmasters_column_inner\"><div class=\"cmsmasters_img  cmsmasters_image_n\"><img decoding=\"async\" src=\"https:\/\/www.pontedeume.gal\/wp-content\/uploads\/2017\/10\/momaros.jpg\" alt=\"momaros\" \/><\/div><div id=\"cmsmasters_heading_b1beb1c151\" class=\"cmsmasters_heading_wrap cmsmasters_heading_align_center\">\n\t<h2 class=\"cmsmasters_heading\">Fiestas de las Peras<\/h2>\n<\/div><div class=\"cmsmasters_text\">\n<p style=\"text-align: center;\">En honor a San Nicol\u00e1s de Tolentino y la Virgen de las Virtudes del 7 al 11 de septiembre.<\/p>\n<\/div>\n<div id=\"cmsmasters_heading_xpa9uh65g1\" class=\"cmsmasters_heading_wrap cmsmasters_heading_align_center\">\n\t<h2 class=\"cmsmasters_heading\"><a href=\"https:\/\/www.facebook.com\/asperas2021\" target=\"_blank\">Facebook<\/a><\/h2>\n<\/div>\n<\/div><\/div>\n<\/div>\n<\/div>\n<\/div>\n<\/div>\n<\/div>\n<div id=\"cmsmasters_row_wl8blrmwdg\" class=\"cmsmasters_row cmsmasters_color_scheme_default cmsmasters_row_top_default cmsmasters_row_bot_default cmsmasters_row_boxed\">\n<div class=\"cmsmasters_row_outer_parent\">\n<div class=\"cmsmasters_row_outer\">\n<div class=\"cmsmasters_row_inner\">\n<div class=\"cmsmasters_row_margin\">\n<div id=\"cmsmasters_column_ywti4otoyn\" class=\"cmsmasters_column one_first\">\n<div class=\"cmsmasters_column_inner\"><div id=\"cmsmasters_heading_vvaqx6fqvs\" class=\"cmsmasters_heading_wrap cmsmasters_heading_align_center\">\n\t<h1 class=\"cmsmasters_heading\">Otras fiestas en el casco urbano<\/h1>\n<\/div>\n<div id=\"cmsmasters_divider_x83j7b5exe\" class=\"cmsmasters_divider cmsmasters_divider_width_long cmsmasters_divider_pos_center\"><\/div>\n<\/div><\/div>\n<\/div>\n<\/div>\n<div class=\"cmsmasters_row_inner\">\n<div class=\"cmsmasters_row_margin\">\n<div id=\"cmsmasters_column_5ax06tj49u\" class=\"cmsmasters_column one_third\">\n<div class=\"cmsmasters_column_inner\"><div class=\"cmsmasters_img  cmsmasters_image_n\"><img decoding=\"async\" src=\"https:\/\/www.pontedeume.gal\/wp-content\/uploads\/2022\/02\/Fiestas-FestasDoCarmen.jpg\" \/><\/div><div id=\"cmsmasters_heading_s87nav61ut\" class=\"cmsmasters_heading_wrap cmsmasters_heading_align_center\">\n\t<h2 class=\"cmsmasters_heading\">Fiestas del Carmen<\/h2>\n<\/div><div class=\"cmsmasters_text\">\n<p>En honor a la Virgen del Carmen a mediados del mes de julio.<\/p>\n<\/div>\n<div class=\"custom_html wp-video-lightbox-link\">\n<p><a href=\"https:\/\/vimeo.com\/280160826?width=720&height=405\" rel=\"wp-video-lightbox\" title=\"\">Explora m\u00e1s<\/a> <\/p>\n<\/div>\n<\/div><\/div>\n<div id=\"cmsmasters_column_7itpq1178n\" class=\"cmsmasters_column one_third\">\n<div class=\"cmsmasters_column_inner\"><div class=\"cmsmasters_img  cmsmasters_image_n\"><img decoding=\"async\" src=\"https:\/\/www.pontedeume.gal\/wp-content\/uploads\/2022\/02\/Fiestas-FestasDosTaxistas.jpg\" \/><\/div><div id=\"cmsmasters_heading_e51udb1ka\" class=\"cmsmasters_heading_wrap cmsmasters_heading_align_center\">\n\t<h2 class=\"cmsmasters_heading\">Fiestas de los Taxistas<\/h2>\n<\/div><div class=\"cmsmasters_text\">\n<p>Celebrada el 10 de julio en honor a San Crist\u00f3bal.<\/p>\n<\/div>\n<\/div><\/div>\n<div id=\"cmsmasters_column_8d6ynwp51\" class=\"cmsmasters_column one_third\">\n<div class=\"cmsmasters_column_inner\"><div class=\"cmsmasters_img  cmsmasters_image_n\"><img decoding=\"async\" src=\"https:\/\/www.pontedeume.gal\/wp-content\/uploads\/2022\/02\/Fiestas-FeironMedievalDosAndrade.jpg\" \/><\/div><div id=\"cmsmasters_heading_ltzre1rccd\" class=\"cmsmasters_heading_wrap cmsmasters_heading_align_center\">\n\t<h2 class=\"cmsmasters_heading\">Feir\u00f3n Medieval de los Andrade<\/h2>\n<\/div><div class=\"cmsmasters_text\">\n<p>Se celebra el primer fin de semana de julio.<\/p>\n<\/div>\n<div class=\"custom_html wp-video-lightbox-link\">\n<p><a href=\"https:\/\/vimeo.com\/342752114?width=720&height=405\" rel=\"wp-video-lightbox\" title=\"\">Explora m\u00e1s<\/a> <\/p>\n<\/div>\n<\/div><\/div>\n<\/div>\n<\/div>\n<\/div>\n<\/div>\n<\/div>\n<div id=\"cmsmasters_row_5fq9h6a2h\" class=\"cmsmasters_row cmsmasters_color_scheme_default cmsmasters_row_top_default cmsmasters_row_bot_default cmsmasters_row_boxed\">\n<div class=\"cmsmasters_row_outer_parent\">\n<div class=\"cmsmasters_row_outer\">\n<div class=\"cmsmasters_row_inner\">\n<div class=\"cmsmasters_row_margin\">\n<div id=\"cmsmasters_column_uftx50kqox\" class=\"cmsmasters_column one_first\">\n<div class=\"cmsmasters_column_inner\"><div id=\"cmsmasters_heading_qdosvwcgtu\" class=\"cmsmasters_heading_wrap cmsmasters_heading_align_center\">\n\t<h1 class=\"cmsmasters_heading\">Fiestas en las parroquias<\/h1>\n<\/div>\n<div id=\"cmsmasters_divider_4k7pssi3v4\" class=\"cmsmasters_divider cmsmasters_divider_width_long cmsmasters_divider_pos_center\"><\/div>\n<\/div><\/div>\n<\/div>\n<\/div>\n<div class=\"cmsmasters_row_inner\">\n<div class=\"cmsmasters_row_margin\">\n<div id=\"cmsmasters_column_s2yyse8zjj\" class=\"cmsmasters_column one_third\">\n<div class=\"cmsmasters_column_inner\"><div class=\"cmsmasters_img  cmsmasters_image_n\"><img decoding=\"async\" src=\"https:\/\/www.pontedeume.gal\/wp-content\/uploads\/2022\/02\/Fiestas-Nogueirosa.jpg\" \/><\/div><div id=\"cmsmasters_heading_eoc1plov3\" class=\"cmsmasters_heading_wrap cmsmasters_heading_align_center\">\n\t<h2 class=\"cmsmasters_heading\">Nogueirosa<\/h2>\n<\/div><div class=\"cmsmasters_text\">\n<p>Iglesia de San Cosme.<br \/>\nFechas de celebraci\u00f3n: 26 y 27 de septiembre.<\/p>\n<\/div>\n<\/div><\/div>\n<div id=\"cmsmasters_column_79eim1rdkq\" class=\"cmsmasters_column one_third\">\n<div class=\"cmsmasters_column_inner\"><div class=\"cmsmasters_img  cmsmasters_image_n\"><img decoding=\"async\" src=\"https:\/\/www.pontedeume.gal\/wp-content\/uploads\/2022\/02\/Fiestas-Ombre.jpg\" \/><\/div><div id=\"cmsmasters_heading_5hwwsv82zp\" class=\"cmsmasters_heading_wrap cmsmasters_heading_align_center\">\n\t<h2 class=\"cmsmasters_heading\">Ombre<\/h2>\n<\/div><div class=\"cmsmasters_text\">\n<p>Iglesia de Santa Mar\u00eda.<br \/>\nFechas de celebraci\u00f3n 18 de diciembre.<\/p>\n<p>Otras celebraciones:<br \/>\nEsp\u00edritu Santo: Fiesta variable seg\u00fan el calendario.<\/p>\n<\/div>\n<\/div><\/div>\n<div id=\"cmsmasters_column_yb9qe8exu\" class=\"cmsmasters_column one_third\">\n<div class=\"cmsmasters_column_inner\"><div class=\"cmsmasters_img  cmsmasters_image_n\"><img decoding=\"async\" src=\"https:\/\/www.pontedeume.gal\/wp-content\/uploads\/2022\/02\/Fiestas-Vilar.jpg\" \/><\/div><div id=\"cmsmasters_heading_nt6y07sz4t\" class=\"cmsmasters_heading_wrap cmsmasters_heading_align_center\">\n\t<h2 class=\"cmsmasters_heading\">Vilar<\/h2>\n<\/div><div class=\"cmsmasters_text\">\n<p>Iglesia de San Pedro de Vilar.<br \/>\nFecha de celebraci\u00f3n: 29 de junio.<\/p>\n<p>Otras celebraciones:<br \/>\nSan Antonio: 13 de junio.<br \/>\nSanta Margarita: 20 de julio.<\/p>\n<\/div>\n<\/div><\/div>\n<\/div>\n<\/div>\n<\/div>\n<\/div>\n<\/div>\n<div id=\"cmsmasters_row_302tykc0zu\" class=\"cmsmasters_row cmsmasters_color_scheme_default cmsmasters_row_top_default cmsmasters_row_bot_default cmsmasters_row_boxed\">\n<div class=\"cmsmasters_row_outer_parent\">\n<div class=\"cmsmasters_row_outer\">\n<div class=\"cmsmasters_row_inner\">\n<div class=\"cmsmasters_row_margin\">\n<div id=\"cmsmasters_column_53rkc1s6jz\" class=\"cmsmasters_column one_third\">\n<div class=\"cmsmasters_column_inner\"><div class=\"cmsmasters_img  cmsmasters_image_n\"><img decoding=\"async\" src=\"https:\/\/www.pontedeume.gal\/wp-content\/uploads\/2022\/02\/Fiestas-Andrade.jpg\" \/><\/div><div id=\"cmsmasters_heading_6amvcl639l\" class=\"cmsmasters_heading_wrap cmsmasters_heading_align_center\">\n\t<h2 class=\"cmsmasters_heading\">Andrade<\/h2>\n<\/div><div class=\"cmsmasters_text\">\n<p>Iglesia de San Marti\u00f1o de Andrade.<br \/>\nFecha de celebraci\u00f3n: 11 de noviembre<\/p>\n<p>Otras celebraciones:<br \/>\nVirgen de la Leche: Segundo domingo de julio.<\/p>\n<\/div>\n<\/div><\/div>\n<div id=\"cmsmasters_column_jp6caznv68\" class=\"cmsmasters_column one_third\">\n<div class=\"cmsmasters_column_inner\"><div class=\"cmsmasters_img  cmsmasters_image_n\"><img decoding=\"async\" src=\"https:\/\/www.pontedeume.gal\/wp-content\/uploads\/2022\/02\/Fiestas-Centrona.jpg\" \/><\/div><div id=\"cmsmasters_heading_bzrazkynrg\" class=\"cmsmasters_heading_wrap cmsmasters_heading_align_center\">\n\t<h2 class=\"cmsmasters_heading\">Centro\u00f1a<\/h2>\n<\/div><div class=\"cmsmasters_text\">\n<p>Iglesia de Santa Mar\u00eda de Centro\u00f1a<br \/>\nFecha de celebraci\u00f3n: 15 de agosto<\/p>\n<p>Otras celebraciones:<\/p>\n<p>A Ascensi\u00f3n. Fiesta variable seg\u00fan el calendario.<\/p>\n<\/div>\n<\/div><\/div>\n<div id=\"cmsmasters_column_uyruo5kn2e\" class=\"cmsmasters_column one_third\">\n<div class=\"cmsmasters_column_inner\"><div class=\"cmsmasters_img  cmsmasters_image_n\"><img decoding=\"async\" src=\"https:\/\/www.pontedeume.gal\/wp-content\/uploads\/2022\/02\/Fiestas-Boedre.jpg\" \/><\/div><div id=\"cmsmasters_heading_lfvmhrj0y7\" class=\"cmsmasters_heading_wrap cmsmasters_heading_align_center\">\n\t<h2 class=\"cmsmasters_heading\">Boebre<\/h2>\n<\/div><div class=\"cmsmasters_text\">\n<p>Iglesia de Santiago de Boebre<br \/>\nFecha de celebraci\u00f3n: 25 de julio<\/p>\n<p>Otras celebraciones:<\/p>\n<p>A Virxe do Ramo. Domingo siguiente a Semana Santa.<\/p>\n<\/div>\n<\/div><\/div>\n<\/div>\n<\/div>\n<\/div>\n<\/div>\n<\/div>\n<div id=\"cmsmasters_row_9z7wtfng9q\" class=\"cmsmasters_row cmsmasters_color_scheme_default cmsmasters_row_top_default cmsmasters_row_bot_default cmsmasters_row_boxed\">\n<div class=\"cmsmasters_row_outer_parent\">\n<div class=\"cmsmasters_row_outer\">\n<div class=\"cmsmasters_row_inner\">\n<div class=\"cmsmasters_row_margin\">\n<div id=\"cmsmasters_column_c4ow5vi0za\" class=\"cmsmasters_column one_first\">\n<div class=\"cmsmasters_column_inner\"><div id=\"cmsmasters_heading_ewk8cx9dc4\" class=\"cmsmasters_heading_wrap cmsmasters_heading_align_center\">\n\t<h1 class=\"cmsmasters_heading\">Romer\u00edas<\/h1>\n<\/div>\n<div id=\"cmsmasters_divider_kzmtgl5bui\" class=\"cmsmasters_divider cmsmasters_divider_width_long cmsmasters_divider_pos_center\"><\/div>\n<\/div><\/div>\n<\/div>\n<\/div>\n<div class=\"cmsmasters_row_inner\">\n<div class=\"cmsmasters_row_margin\">\n<div id=\"cmsmasters_column_6qe7knm03l\" class=\"cmsmasters_column one_third\">\n<div class=\"cmsmasters_column_inner\"><div class=\"cmsmasters_img  cmsmasters_image_n\"><img decoding=\"async\" src=\"https:\/\/www.pontedeume.gal\/wp-content\/uploads\/2022\/02\/Fiestas-SanMiguelDeBreamo.jpg\" \/><\/div><div id=\"cmsmasters_heading_c9gh21t30s\" class=\"cmsmasters_heading_wrap cmsmasters_heading_align_center\">\n\t<h2 class=\"cmsmasters_heading\">San Miguel de Breamo<\/h2>\n<\/div><div class=\"cmsmasters_text\">\n<p>Los d\u00edas 8 de mayo y 29 de septiembre se celebra la tradicional romer\u00eda a San Miguel de Breamo.<br \/>\nLa primera se promovi\u00f3 por la Cofrad\u00eda de San Miguel que ya exist\u00eda en el a\u00f1o 1557 y en la que se celebraba una procesi\u00f3n desde la iglesia de Vilar.<\/p>\n<\/div>\n<div class=\"custom_html wp-video-lightbox-link\">\n<p><a href=\"https:\/\/vimeo.com\/314107605?width=720&height=405\" rel=\"wp-video-lightbox\" title=\"\">Explora m\u00e1s<\/a> <\/p>\n<\/div>\n<\/div><\/div>\n<div id=\"cmsmasters_column_h4358lxxps\" class=\"cmsmasters_column one_third\">\n<div class=\"cmsmasters_column_inner\"><div class=\"cmsmasters_img  cmsmasters_image_n\"><img decoding=\"async\" src=\"https:\/\/www.pontedeume.gal\/wp-content\/uploads\/2022\/02\/Fiestas-CasteloFolk.jpg\" \/><\/div><div id=\"cmsmasters_heading_5s7eesz39e\" class=\"cmsmasters_heading_wrap cmsmasters_heading_align_center\">\n\t<h2 class=\"cmsmasters_heading\">Castelo Folk<\/h2>\n<\/div><div class=\"cmsmasters_text\">\n<p>Festival organizado por la ACRM Xente de Aqu\u00ed e de Acol\u00e1 de Nogueirosa a los pies del Castillo de Andrade.<br \/>\nSe celebra el primer s\u00e1bado de junio.<\/p>\n<\/div>\n<div class=\"custom_html wp-video-lightbox-link\">\n<p><a href=\"https:\/\/vimeo.com\/328674811?width=720&height=405\" rel=\"wp-video-lightbox\" title=\"\">Explora m\u00e1s<\/a> <\/p>\n<\/div>\n<\/div><\/div>\n<div id=\"cmsmasters_column_kyiwif6tle\" class=\"cmsmasters_column one_third\">\n<div class=\"cmsmasters_column_inner\"><\/div><\/div>\n<\/div>\n<\/div>\n<\/div>\n<\/div>\n<\/div>\n<div id=\"cmsmasters_row_rj19zykrw\" class=\"cmsmasters_row cmsmasters_color_scheme_default cmsmasters_row_top_default cmsmasters_row_bot_default cmsmasters_row_boxed\">\n<div class=\"cmsmasters_row_outer_parent\">\n<div class=\"cmsmasters_row_outer\">\n<div class=\"cmsmasters_row_inner\">\n<div class=\"cmsmasters_row_margin\">\n<div id=\"cmsmasters_column_tnddelmx6\" class=\"cmsmasters_column one_first\">\n<div class=\"cmsmasters_column_inner\"><div id=\"cmsmasters_heading_6iswutvrp\" class=\"cmsmasters_heading_wrap cmsmasters_heading_align_center\">\n\t<h1 class=\"cmsmasters_heading\">Tradiciones<\/h1>\n<\/div>\n<div id=\"cmsmasters_divider_etkgwfn2zo\" class=\"cmsmasters_divider cmsmasters_divider_width_long cmsmasters_divider_pos_center\"><\/div>\n<\/div><\/div>\n<\/div>\n<\/div>\n<div class=\"cmsmasters_row_inner\">\n<div class=\"cmsmasters_row_margin\">\n<div id=\"cmsmasters_column_cuzd8eu1zl\" class=\"cmsmasters_column one_third\">\n<div class=\"cmsmasters_column_inner\"><div class=\"cmsmasters_img  cmsmasters_image_n\"><img decoding=\"async\" src=\"https:\/\/www.pontedeume.gal\/wp-content\/uploads\/2022\/02\/Fiestas-OPaso.jpg\" \/><\/div><div id=\"cmsmasters_heading_qsy88kv0g4\" class=\"cmsmasters_heading_wrap cmsmasters_heading_align_center\">\n\t<h2 class=\"cmsmasters_heading\">O Paso<\/h2>\n<\/div><div class=\"cmsmasters_text\">\n<p>En Semana Santa, alrededor de las cuatro de la madrugada de la noche del Jueves al Viernes Santo, las m\u00fasicas y m\u00fasicos de Pontedeume recorren la villa tocando \u00abO Paso\u00bb.<br \/>\nDiferentes fuentes apuntan que Xoan Bellas Freire (1818-1899) la convirti\u00f3 en uno de los s\u00edmbolos de la cultura eumesa.<\/p>\n<\/div>\n<div class=\"custom_html wp-video-lightbox-link\">\n<p><a href=\"https:\/\/vimeo.com\/328626598?width=720&height=405\" rel=\"wp-video-lightbox\" title=\"\">Explora m\u00e1s<\/a> <\/p>\n<\/div>\n<\/div><\/div>\n<div id=\"cmsmasters_column_htxgg8yx8p\" class=\"cmsmasters_column one_third\">\n<div class=\"cmsmasters_column_inner\"><\/div><\/div>\n<div id=\"cmsmasters_column_iisu7ni3mi\" class=\"cmsmasters_column one_third\">\n<div class=\"cmsmasters_column_inner\"><\/div><\/div>\n<\/div>\n<\/div>\n<\/div>\n<\/div>\n<\/div>\n\n","protected":false},"excerpt":{"rendered":"","protected":false},"author":3,"featured_media":0,"parent":14361,"menu_order":0,"comment_status":"closed","ping_status":"closed","template":"","meta":{"inline_featured_image":false,"footnotes":""},"class_list":["post-15321","page","type-page","status-publish","hentry"],"yoast_head":"<!-- This site is optimized with the Yoast SEO plugin v26.2 - https:\/\/yoast.com\/wordpress\/plugins\/seo\/ -->\n<title>Fiestas y tradiciones | Concello de Pontedeume<\/title>\n<meta name=\"description\" content=\"Fiestas, celebraciones y eventos en el Ayuntamiento de Pontedeume\" \/>\n<meta name=\"robots\" content=\"index, follow, max-snippet:-1, max-image-preview:large, max-video-preview:-1\" \/>\n<link rel=\"canonical\" href=\"https:\/\/www.pontedeume.gal\/es\/descubre-pontedeume\/fiestas-y-tradiciones\/\" \/>\n<meta property=\"og:locale\" content=\"es_ES\" \/>\n<meta property=\"og:type\" content=\"article\" \/>\n<meta property=\"og:title\" content=\"Fiestas y tradiciones | Concello de Pontedeume\" \/>\n<meta property=\"og:description\" content=\"Fiestas, celebraciones y eventos en el Ayuntamiento de Pontedeume\" \/>\n<meta property=\"og:url\" content=\"https:\/\/www.pontedeume.gal\/es\/descubre-pontedeume\/fiestas-y-tradiciones\/\" \/>\n<meta property=\"og:site_name\" content=\"Concello de Pontedeume\" \/>\n<meta property=\"article:publisher\" content=\"https:\/\/www.facebook.com\/concellodepontedeume\/\" \/>\n<meta property=\"article:modified_time\" content=\"2022-02-24T11:19:46+00:00\" \/>\n<meta property=\"og:image\" content=\"https:\/\/www.pontedeume.gal\/wp-content\/uploads\/2021\/12\/logotipo.png\" \/>\n\t<meta property=\"og:image:width\" content=\"673\" \/>\n\t<meta property=\"og:image:height\" content=\"200\" \/>\n\t<meta property=\"og:image:type\" content=\"image\/png\" \/>\n<meta name=\"twitter:label1\" content=\"Tiempo de lectura\" \/>\n\t<meta name=\"twitter:data1\" content=\"5 minutos\" \/>\n<script type=\"application\/ld+json\" class=\"yoast-schema-graph\">{\"@context\":\"https:\/\/schema.org\",\"@graph\":[{\"@type\":\"WebPage\",\"@id\":\"https:\/\/www.pontedeume.gal\/es\/descubre-pontedeume\/fiestas-y-tradiciones\/\",\"url\":\"https:\/\/www.pontedeume.gal\/es\/descubre-pontedeume\/fiestas-y-tradiciones\/\",\"name\":\"Fiestas y tradiciones | Concello de Pontedeume\",\"isPartOf\":{\"@id\":\"https:\/\/www.pontedeume.gal\/es\/#website\"},\"datePublished\":\"2017-10-10T10:36:15+00:00\",\"dateModified\":\"2022-02-24T11:19:46+00:00\",\"description\":\"Fiestas, celebraciones y eventos en el Ayuntamiento de Pontedeume\",\"breadcrumb\":{\"@id\":\"https:\/\/www.pontedeume.gal\/es\/descubre-pontedeume\/fiestas-y-tradiciones\/#breadcrumb\"},\"inLanguage\":\"es\",\"potentialAction\":[{\"@type\":\"ReadAction\",\"target\":[\"https:\/\/www.pontedeume.gal\/es\/descubre-pontedeume\/fiestas-y-tradiciones\/\"]}]},{\"@type\":\"BreadcrumbList\",\"@id\":\"https:\/\/www.pontedeume.gal\/es\/descubre-pontedeume\/fiestas-y-tradiciones\/#breadcrumb\",\"itemListElement\":[{\"@type\":\"ListItem\",\"position\":1,\"name\":\"Home\",\"item\":\"https:\/\/www.pontedeume.gal\/es\/\"},{\"@type\":\"ListItem\",\"position\":2,\"name\":\"Descubre Pontedeume\",\"item\":\"https:\/\/www.pontedeume.gal\/es\/descubre-pontedeume\/\"},{\"@type\":\"ListItem\",\"position\":3,\"name\":\"Fiestas y tradiciones\"}]},{\"@type\":\"WebSite\",\"@id\":\"https:\/\/www.pontedeume.gal\/es\/#website\",\"url\":\"https:\/\/www.pontedeume.gal\/es\/\",\"name\":\"Concello de Pontedeume\",\"description\":\"P\u00e1xina oficial do Concello de Pontedeume\",\"publisher\":{\"@id\":\"https:\/\/www.pontedeume.gal\/es\/#organization\"},\"potentialAction\":[{\"@type\":\"SearchAction\",\"target\":{\"@type\":\"EntryPoint\",\"urlTemplate\":\"https:\/\/www.pontedeume.gal\/es\/?s={search_term_string}\"},\"query-input\":{\"@type\":\"PropertyValueSpecification\",\"valueRequired\":true,\"valueName\":\"search_term_string\"}}],\"inLanguage\":\"es\"},{\"@type\":\"Organization\",\"@id\":\"https:\/\/www.pontedeume.gal\/es\/#organization\",\"name\":\"Concello de Pontedeume\",\"url\":\"https:\/\/www.pontedeume.gal\/es\/\",\"logo\":{\"@type\":\"ImageObject\",\"inLanguage\":\"es\",\"@id\":\"https:\/\/www.pontedeume.gal\/es\/#\/schema\/logo\/image\/\",\"url\":\"https:\/\/www.pontedeume.gal\/wp-content\/uploads\/2021\/12\/logotipo.png\",\"contentUrl\":\"https:\/\/www.pontedeume.gal\/wp-content\/uploads\/2021\/12\/logotipo.png\",\"width\":673,\"height\":200,\"caption\":\"Concello de Pontedeume\"},\"image\":{\"@id\":\"https:\/\/www.pontedeume.gal\/es\/#\/schema\/logo\/image\/\"},\"sameAs\":[\"https:\/\/www.facebook.com\/concellodepontedeume\/\"]}]}<\/script>\n<!-- \/ Yoast SEO plugin. -->","yoast_head_json":{"title":"Fiestas y tradiciones | Concello de Pontedeume","description":"Fiestas, celebraciones y eventos en el Ayuntamiento de Pontedeume","robots":{"index":"index","follow":"follow","max-snippet":"max-snippet:-1","max-image-preview":"max-image-preview:large","max-video-preview":"max-video-preview:-1"},"canonical":"https:\/\/www.pontedeume.gal\/es\/descubre-pontedeume\/fiestas-y-tradiciones\/","og_locale":"es_ES","og_type":"article","og_title":"Fiestas y tradiciones | Concello de Pontedeume","og_description":"Fiestas, celebraciones y eventos en el Ayuntamiento de Pontedeume","og_url":"https:\/\/www.pontedeume.gal\/es\/descubre-pontedeume\/fiestas-y-tradiciones\/","og_site_name":"Concello de Pontedeume","article_publisher":"https:\/\/www.facebook.com\/concellodepontedeume\/","article_modified_time":"2022-02-24T11:19:46+00:00","og_image":[{"width":673,"height":200,"url":"https:\/\/www.pontedeume.gal\/wp-content\/uploads\/2021\/12\/logotipo.png","type":"image\/png"}],"twitter_misc":{"Tiempo de lectura":"5 minutos"},"schema":{"@context":"https:\/\/schema.org","@graph":[{"@type":"WebPage","@id":"https:\/\/www.pontedeume.gal\/es\/descubre-pontedeume\/fiestas-y-tradiciones\/","url":"https:\/\/www.pontedeume.gal\/es\/descubre-pontedeume\/fiestas-y-tradiciones\/","name":"Fiestas y tradiciones | Concello de Pontedeume","isPartOf":{"@id":"https:\/\/www.pontedeume.gal\/es\/#website"},"datePublished":"2017-10-10T10:36:15+00:00","dateModified":"2022-02-24T11:19:46+00:00","description":"Fiestas, celebraciones y eventos en el Ayuntamiento de Pontedeume","breadcrumb":{"@id":"https:\/\/www.pontedeume.gal\/es\/descubre-pontedeume\/fiestas-y-tradiciones\/#breadcrumb"},"inLanguage":"es","potentialAction":[{"@type":"ReadAction","target":["https:\/\/www.pontedeume.gal\/es\/descubre-pontedeume\/fiestas-y-tradiciones\/"]}]},{"@type":"BreadcrumbList","@id":"https:\/\/www.pontedeume.gal\/es\/descubre-pontedeume\/fiestas-y-tradiciones\/#breadcrumb","itemListElement":[{"@type":"ListItem","position":1,"name":"Home","item":"https:\/\/www.pontedeume.gal\/es\/"},{"@type":"ListItem","position":2,"name":"Descubre Pontedeume","item":"https:\/\/www.pontedeume.gal\/es\/descubre-pontedeume\/"},{"@type":"ListItem","position":3,"name":"Fiestas y tradiciones"}]},{"@type":"WebSite","@id":"https:\/\/www.pontedeume.gal\/es\/#website","url":"https:\/\/www.pontedeume.gal\/es\/","name":"Concello de Pontedeume","description":"P\u00e1xina oficial do Concello de Pontedeume","publisher":{"@id":"https:\/\/www.pontedeume.gal\/es\/#organization"},"potentialAction":[{"@type":"SearchAction","target":{"@type":"EntryPoint","urlTemplate":"https:\/\/www.pontedeume.gal\/es\/?s={search_term_string}"},"query-input":{"@type":"PropertyValueSpecification","valueRequired":true,"valueName":"search_term_string"}}],"inLanguage":"es"},{"@type":"Organization","@id":"https:\/\/www.pontedeume.gal\/es\/#organization","name":"Concello de Pontedeume","url":"https:\/\/www.pontedeume.gal\/es\/","logo":{"@type":"ImageObject","inLanguage":"es","@id":"https:\/\/www.pontedeume.gal\/es\/#\/schema\/logo\/image\/","url":"https:\/\/www.pontedeume.gal\/wp-content\/uploads\/2021\/12\/logotipo.png","contentUrl":"https:\/\/www.pontedeume.gal\/wp-content\/uploads\/2021\/12\/logotipo.png","width":673,"height":200,"caption":"Concello de Pontedeume"},"image":{"@id":"https:\/\/www.pontedeume.gal\/es\/#\/schema\/logo\/image\/"},"sameAs":["https:\/\/www.facebook.com\/concellodepontedeume\/"]}]}},"_links":{"self":[{"href":"https:\/\/www.pontedeume.gal\/es\/wp-json\/wp\/v2\/pages\/15321","targetHints":{"allow":["GET"]}}],"collection":[{"href":"https:\/\/www.pontedeume.gal\/es\/wp-json\/wp\/v2\/pages"}],"about":[{"href":"https:\/\/www.pontedeume.gal\/es\/wp-json\/wp\/v2\/types\/page"}],"author":[{"embeddable":true,"href":"https:\/\/www.pontedeume.gal\/es\/wp-json\/wp\/v2\/users\/3"}],"replies":[{"embeddable":true,"href":"https:\/\/www.pontedeume.gal\/es\/wp-json\/wp\/v2\/comments?post=15321"}],"version-history":[{"count":2,"href":"https:\/\/www.pontedeume.gal\/es\/wp-json\/wp\/v2\/pages\/15321\/revisions"}],"predecessor-version":[{"id":20854,"href":"https:\/\/www.pontedeume.gal\/es\/wp-json\/wp\/v2\/pages\/15321\/revisions\/20854"}],"up":[{"embeddable":true,"href":"https:\/\/www.pontedeume.gal\/es\/wp-json\/wp\/v2\/pages\/14361"}],"wp:attachment":[{"href":"https:\/\/www.pontedeume.gal\/es\/wp-json\/wp\/v2\/media?parent=15321"}],"curies":[{"name":"wp","href":"https:\/\/api.w.org\/{rel}","templated":true}]}}