{"id":15316,"date":"2017-10-10T10:35:53","date_gmt":"2017-10-10T10:35:53","guid":{"rendered":"https:\/\/www.pontedeume.gal\/?page_id=15316"},"modified":"2022-02-25T10:05:14","modified_gmt":"2022-02-25T09:05:14","slug":"praias","status":"publish","type":"page","link":"https:\/\/www.pontedeume.gal\/es\/descubre-pontedeume\/praias\/","title":{"rendered":"Playas"},"content":{"rendered":"<div id=\"cmsmasters_row_ca8190f646\" class=\"cmsmasters_row cmsmasters_color_scheme_default cmsmasters_row_top_default cmsmasters_row_bot_default cmsmasters_row_boxed\">\n<div class=\"cmsmasters_row_outer_parent\">\n<div class=\"cmsmasters_row_outer\">\n<div class=\"cmsmasters_row_inner\">\n<div class=\"cmsmasters_row_margin\">\n<div id=\"cmsmasters_column_\" class=\"cmsmasters_column one_first\">\n<div class=\"cmsmasters_column_inner\"><div id=\"cmsmasters_fb_e11345052a\" class=\"cmsmasters_featured_block\">\n<div class=\"featured_block_inner\">\n<div class=\"featured_block_text\">\n<h2 class=\"edgtf-st-title\"><span style=\"color: #ffffff;\">Playas de Pontedeume<\/span><\/h2>\n<p><span style=\"color: #ffffff;\">Pontedeume es un municipio hermanado con el mar. Como tal, cuenta con diversos espacios en los que disfrutar del mar y de sus recursos. Algunos de estos espacios son las cinco playas que tiene su t\u00e9rmino municipal, adem\u00e1s de otras peque\u00f1as calas accesibles para quien prefiera una mayor tranquilidad.<\/span><\/p>\n<p><span style=\"color: #ffffff;\">Las playas de Pontedeume son de diverso tipo y tama\u00f1o. Equipadas con servicios e ideales para un turismo familiar pues son de aguas tranquilas las situadas en el fondo de la r\u00eda, y con oleaje de poca fuerza las que est\u00e1n en aguas m\u00e1s abiertas.<\/span><\/p>\n\n<\/div>\n<\/div>\n<\/div>\n<\/div><\/div>\n<\/div>\n<\/div>\n<\/div>\n<\/div>\n<\/div>\n<div id=\"cmsmasters_row_bcf99f75d0\" class=\"cmsmasters_row cmsmasters_color_scheme_default cmsmasters_row_top_default cmsmasters_row_bot_default cmsmasters_row_boxed\">\n<div class=\"cmsmasters_row_outer_parent\">\n<div class=\"cmsmasters_row_outer\">\n<div class=\"cmsmasters_row_inner\">\n<div class=\"cmsmasters_row_margin\">\n<div id=\"cmsmasters_column_\" class=\"cmsmasters_column one_first\">\n<div class=\"cmsmasters_column_inner\">\n<div id=\"cmsmasters_divider_394b9d15f5\" class=\"cmsmasters_divider cmsmasters_divider_width_long cmsmasters_divider_pos_center\"><\/div>\n<\/div><\/div>\n<\/div>\n<\/div>\n<div class=\"cmsmasters_row_inner\">\n<div class=\"cmsmasters_row_margin\">\n<div id=\"cmsmasters_column_\" class=\"cmsmasters_column one_third\">\n<div class=\"cmsmasters_column_inner\"><div class=\"cmsmasters_img  cmsmasters_image_n\"><img decoding=\"async\" src=\"https:\/\/www.pontedeume.gal\/wp-content\/uploads\/2017\/10\/sopazos.jpg\" alt=\"sopazos\" \/><\/div><div id=\"cmsmasters_heading_b1beb1c151\" class=\"cmsmasters_heading_wrap cmsmasters_heading_align_center\">\n\t<h2 class=\"cmsmasters_heading\">Sopazos<\/h2>\n<\/div><div class=\"cmsmasters_text\">\n<p>43\u00b0 24&#8242; 41.9&#8243; N &#8211; 8\u00b0 10&#8242; 29.1&#8243; W<br \/>\nPlaya situada dentro del per\u00edmetro del casco urbano, en las inmediaciones del muelle, bajo el puente del ferrocarril. Zona de fondeo de embarcaciones. Cuenta con duchas y aparcamiento en el muelle.<\/p>\n<\/div>\n<\/div><\/div>\n<div id=\"cmsmasters_column_\" class=\"cmsmasters_column one_third\">\n<div class=\"cmsmasters_column_inner\"><div class=\"cmsmasters_img  cmsmasters_image_n\"><img decoding=\"async\" src=\"https:\/\/www.pontedeume.gal\/wp-content\/uploads\/2017\/10\/centro\u00f1a.jpg\" alt=\"centro\u00f1a\" \/><\/div><div id=\"cmsmasters_heading_fb0207af7e\" class=\"cmsmasters_heading_wrap cmsmasters_heading_align_center\">\n\t<h2 class=\"cmsmasters_heading\">Centro\u00f1a<\/h2>\n<\/div><div class=\"cmsmasters_text\">\n<p>43\u00b0 24&#8242; 37.8&#8243; N &#8211; 8\u00b0 11&#8242; 40.8&#8243; W<br \/>\nSituada en Centro\u00f1a, aproximadamente a dos kil\u00f3metros de Pontedeume por la carretera de la costa con direcci\u00f3n a Mi\u00f1o. Cuenta con duchas y aparcamiento en la pista de acceso.<\/p>\n<\/div>\n<\/div><\/div>\n<div id=\"cmsmasters_column_\" class=\"cmsmasters_column one_third\">\n<div class=\"cmsmasters_column_inner\"><div class=\"cmsmasters_img  cmsmasters_image_n\"><img decoding=\"async\" src=\"https:\/\/www.pontedeume.gal\/wp-content\/uploads\/2017\/10\/ver.jpg\" alt=\"ver\" \/><\/div><div id=\"cmsmasters_heading_c8cc15e3a7\" class=\"cmsmasters_heading_wrap cmsmasters_heading_align_center\">\n\t<h2 class=\"cmsmasters_heading\">Ver<\/h2>\n<\/div><div class=\"cmsmasters_text\">\n<p>43\u00b0 23&#8242; 51.3&#8243; N &#8211; 8\u00b0 12&#8242; 41.5&#8243; W<br \/>\nPlaya de \u00e1mbito semiurbano con 150 metros rectil\u00edneos. Con camping pr\u00f3ximo. Cuenta con duchas, zona de aparcamiento en la zona de acceso y locales de hosteler\u00eda y otros servicios.<\/p>\n<\/div>\n<\/div><\/div>\n<\/div>\n<\/div>\n<\/div>\n<\/div>\n<\/div>\n<div id=\"cmsmasters_row_302tykc0zu\" class=\"cmsmasters_row cmsmasters_color_scheme_default cmsmasters_row_top_default cmsmasters_row_bot_default cmsmasters_row_boxed\">\n<div class=\"cmsmasters_row_outer_parent\">\n<div class=\"cmsmasters_row_outer\">\n<div class=\"cmsmasters_row_inner\">\n<div class=\"cmsmasters_row_margin\">\n<div id=\"cmsmasters_column_53rkc1s6jz\" class=\"cmsmasters_column one_third\">\n<div class=\"cmsmasters_column_inner\"><div class=\"cmsmasters_img  cmsmasters_image_n\"><img decoding=\"async\" src=\"https:\/\/www.pontedeume.gal\/wp-content\/uploads\/2017\/10\/insua-1.jpg\" alt=\"insua\" \/><\/div><div id=\"cmsmasters_heading_6amvcl639l\" class=\"cmsmasters_heading_wrap cmsmasters_heading_align_center\">\n\t<h2 class=\"cmsmasters_heading\">A Insua<\/h2>\n<\/div><div class=\"cmsmasters_text\">\n<p>43\u00b0 23&#8242; 07.8&#8243; N &#8211; 8\u00b0 13&#8242; 13.4&#8243; W<br \/>\nPlaya en \u00e1mbito rural, resguardada de los vientos con aguas tranquilas. Muy visitada por naturistas y nudistas. Cuenta con duchas y aparcamiento en la zona de acceso.<\/p>\n<\/div>\n<\/div><\/div>\n<div id=\"cmsmasters_column_jp6caznv68\" class=\"cmsmasters_column one_third\">\n<div class=\"cmsmasters_column_inner\"><div class=\"cmsmasters_img  cmsmasters_image_n\"><img decoding=\"async\" src=\"https:\/\/www.pontedeume.gal\/wp-content\/uploads\/2017\/10\/Praia-Andahio.jpg\" alt=\"Praia-Andahio\" \/><\/div><div id=\"cmsmasters_heading_lfvmhrj0y7\" class=\"cmsmasters_heading_wrap cmsmasters_heading_align_center\">\n\t<h2 class=\"cmsmasters_heading\">Andah\u00edo<\/h2>\n<\/div><div class=\"cmsmasters_text\">\n<p>43\u00ba 22&#8242; 30,990&#8243; N 8\u00ba 12&#8242; 54,359&#8243; W<br \/>\nPlaya ubicada en Boebre, l\u00edmite natural con el municipio de Mi\u00f1o. Tiene una extensi\u00f3n de 200 metros por 45 de ancho. Aguas tranquilas y oleaje moderado. Cuenta con duchas, aparcamiento en la zona de acceso, locales de hosteler\u00eda y servicios pr\u00f3ximos.<\/p>\n<\/div>\n<\/div><\/div>\n<div id=\"cmsmasters_column_uyruo5kn2e\" class=\"cmsmasters_column one_third\">\n<div class=\"cmsmasters_column_inner\"><\/div><\/div>\n<\/div>\n<\/div>\n<\/div>\n<\/div>\n<\/div>\n\n","protected":false},"excerpt":{"rendered":"","protected":false},"author":3,"featured_media":0,"parent":14361,"menu_order":0,"comment_status":"closed","ping_status":"closed","template":"","meta":{"inline_featured_image":false,"footnotes":""},"class_list":["post-15316","page","type-page","status-publish","hentry"],"yoast_head":"<!-- This site is optimized with the Yoast SEO plugin v26.2 - https:\/\/yoast.com\/wordpress\/plugins\/seo\/ -->\n<title>Playas | Concello de Pontedeume<\/title>\n<meta name=\"description\" content=\"Praias do Concello de Pontedeume\" \/>\n<meta name=\"robots\" content=\"index, follow, max-snippet:-1, max-image-preview:large, max-video-preview:-1\" \/>\n<link rel=\"canonical\" href=\"https:\/\/www.pontedeume.gal\/es\/descubre-pontedeume\/praias\/\" \/>\n<meta property=\"og:locale\" content=\"es_ES\" \/>\n<meta property=\"og:type\" content=\"article\" \/>\n<meta property=\"og:title\" content=\"Playas | Concello de Pontedeume\" \/>\n<meta property=\"og:description\" content=\"Praias do Concello de Pontedeume\" \/>\n<meta property=\"og:url\" content=\"https:\/\/www.pontedeume.gal\/es\/descubre-pontedeume\/praias\/\" \/>\n<meta property=\"og:site_name\" content=\"Concello de Pontedeume\" \/>\n<meta property=\"article:publisher\" content=\"https:\/\/www.facebook.com\/concellodepontedeume\/\" \/>\n<meta property=\"article:modified_time\" content=\"2022-02-25T09:05:14+00:00\" \/>\n<meta property=\"og:image\" content=\"https:\/\/www.pontedeume.gal\/wp-content\/uploads\/2021\/12\/logotipo.png\" \/>\n\t<meta property=\"og:image:width\" content=\"673\" \/>\n\t<meta property=\"og:image:height\" content=\"200\" \/>\n\t<meta property=\"og:image:type\" content=\"image\/png\" \/>\n<meta name=\"twitter:label1\" content=\"Tiempo de lectura\" \/>\n\t<meta name=\"twitter:data1\" content=\"4 minutos\" \/>\n<script type=\"application\/ld+json\" class=\"yoast-schema-graph\">{\"@context\":\"https:\/\/schema.org\",\"@graph\":[{\"@type\":\"WebPage\",\"@id\":\"https:\/\/www.pontedeume.gal\/es\/descubre-pontedeume\/praias\/\",\"url\":\"https:\/\/www.pontedeume.gal\/es\/descubre-pontedeume\/praias\/\",\"name\":\"Playas | Concello de Pontedeume\",\"isPartOf\":{\"@id\":\"https:\/\/www.pontedeume.gal\/es\/#website\"},\"datePublished\":\"2017-10-10T10:35:53+00:00\",\"dateModified\":\"2022-02-25T09:05:14+00:00\",\"description\":\"Praias do Concello de Pontedeume\",\"breadcrumb\":{\"@id\":\"https:\/\/www.pontedeume.gal\/es\/descubre-pontedeume\/praias\/#breadcrumb\"},\"inLanguage\":\"es\",\"potentialAction\":[{\"@type\":\"ReadAction\",\"target\":[\"https:\/\/www.pontedeume.gal\/es\/descubre-pontedeume\/praias\/\"]}]},{\"@type\":\"BreadcrumbList\",\"@id\":\"https:\/\/www.pontedeume.gal\/es\/descubre-pontedeume\/praias\/#breadcrumb\",\"itemListElement\":[{\"@type\":\"ListItem\",\"position\":1,\"name\":\"Home\",\"item\":\"https:\/\/www.pontedeume.gal\/es\/\"},{\"@type\":\"ListItem\",\"position\":2,\"name\":\"Descubre Pontedeume\",\"item\":\"https:\/\/www.pontedeume.gal\/es\/descubre-pontedeume\/\"},{\"@type\":\"ListItem\",\"position\":3,\"name\":\"Playas\"}]},{\"@type\":\"WebSite\",\"@id\":\"https:\/\/www.pontedeume.gal\/es\/#website\",\"url\":\"https:\/\/www.pontedeume.gal\/es\/\",\"name\":\"Concello de Pontedeume\",\"description\":\"P\u00e1xina oficial do Concello de Pontedeume\",\"publisher\":{\"@id\":\"https:\/\/www.pontedeume.gal\/es\/#organization\"},\"potentialAction\":[{\"@type\":\"SearchAction\",\"target\":{\"@type\":\"EntryPoint\",\"urlTemplate\":\"https:\/\/www.pontedeume.gal\/es\/?s={search_term_string}\"},\"query-input\":{\"@type\":\"PropertyValueSpecification\",\"valueRequired\":true,\"valueName\":\"search_term_string\"}}],\"inLanguage\":\"es\"},{\"@type\":\"Organization\",\"@id\":\"https:\/\/www.pontedeume.gal\/es\/#organization\",\"name\":\"Concello de Pontedeume\",\"url\":\"https:\/\/www.pontedeume.gal\/es\/\",\"logo\":{\"@type\":\"ImageObject\",\"inLanguage\":\"es\",\"@id\":\"https:\/\/www.pontedeume.gal\/es\/#\/schema\/logo\/image\/\",\"url\":\"https:\/\/www.pontedeume.gal\/wp-content\/uploads\/2021\/12\/logotipo.png\",\"contentUrl\":\"https:\/\/www.pontedeume.gal\/wp-content\/uploads\/2021\/12\/logotipo.png\",\"width\":673,\"height\":200,\"caption\":\"Concello de Pontedeume\"},\"image\":{\"@id\":\"https:\/\/www.pontedeume.gal\/es\/#\/schema\/logo\/image\/\"},\"sameAs\":[\"https:\/\/www.facebook.com\/concellodepontedeume\/\"]}]}<\/script>\n<!-- \/ Yoast SEO plugin. -->","yoast_head_json":{"title":"Playas | Concello de Pontedeume","description":"Praias do Concello de Pontedeume","robots":{"index":"index","follow":"follow","max-snippet":"max-snippet:-1","max-image-preview":"max-image-preview:large","max-video-preview":"max-video-preview:-1"},"canonical":"https:\/\/www.pontedeume.gal\/es\/descubre-pontedeume\/praias\/","og_locale":"es_ES","og_type":"article","og_title":"Playas | Concello de Pontedeume","og_description":"Praias do Concello de Pontedeume","og_url":"https:\/\/www.pontedeume.gal\/es\/descubre-pontedeume\/praias\/","og_site_name":"Concello de Pontedeume","article_publisher":"https:\/\/www.facebook.com\/concellodepontedeume\/","article_modified_time":"2022-02-25T09:05:14+00:00","og_image":[{"width":673,"height":200,"url":"https:\/\/www.pontedeume.gal\/wp-content\/uploads\/2021\/12\/logotipo.png","type":"image\/png"}],"twitter_misc":{"Tiempo de lectura":"4 minutos"},"schema":{"@context":"https:\/\/schema.org","@graph":[{"@type":"WebPage","@id":"https:\/\/www.pontedeume.gal\/es\/descubre-pontedeume\/praias\/","url":"https:\/\/www.pontedeume.gal\/es\/descubre-pontedeume\/praias\/","name":"Playas | Concello de Pontedeume","isPartOf":{"@id":"https:\/\/www.pontedeume.gal\/es\/#website"},"datePublished":"2017-10-10T10:35:53+00:00","dateModified":"2022-02-25T09:05:14+00:00","description":"Praias do Concello de Pontedeume","breadcrumb":{"@id":"https:\/\/www.pontedeume.gal\/es\/descubre-pontedeume\/praias\/#breadcrumb"},"inLanguage":"es","potentialAction":[{"@type":"ReadAction","target":["https:\/\/www.pontedeume.gal\/es\/descubre-pontedeume\/praias\/"]}]},{"@type":"BreadcrumbList","@id":"https:\/\/www.pontedeume.gal\/es\/descubre-pontedeume\/praias\/#breadcrumb","itemListElement":[{"@type":"ListItem","position":1,"name":"Home","item":"https:\/\/www.pontedeume.gal\/es\/"},{"@type":"ListItem","position":2,"name":"Descubre Pontedeume","item":"https:\/\/www.pontedeume.gal\/es\/descubre-pontedeume\/"},{"@type":"ListItem","position":3,"name":"Playas"}]},{"@type":"WebSite","@id":"https:\/\/www.pontedeume.gal\/es\/#website","url":"https:\/\/www.pontedeume.gal\/es\/","name":"Concello de Pontedeume","description":"P\u00e1xina oficial do Concello de Pontedeume","publisher":{"@id":"https:\/\/www.pontedeume.gal\/es\/#organization"},"potentialAction":[{"@type":"SearchAction","target":{"@type":"EntryPoint","urlTemplate":"https:\/\/www.pontedeume.gal\/es\/?s={search_term_string}"},"query-input":{"@type":"PropertyValueSpecification","valueRequired":true,"valueName":"search_term_string"}}],"inLanguage":"es"},{"@type":"Organization","@id":"https:\/\/www.pontedeume.gal\/es\/#organization","name":"Concello de Pontedeume","url":"https:\/\/www.pontedeume.gal\/es\/","logo":{"@type":"ImageObject","inLanguage":"es","@id":"https:\/\/www.pontedeume.gal\/es\/#\/schema\/logo\/image\/","url":"https:\/\/www.pontedeume.gal\/wp-content\/uploads\/2021\/12\/logotipo.png","contentUrl":"https:\/\/www.pontedeume.gal\/wp-content\/uploads\/2021\/12\/logotipo.png","width":673,"height":200,"caption":"Concello de Pontedeume"},"image":{"@id":"https:\/\/www.pontedeume.gal\/es\/#\/schema\/logo\/image\/"},"sameAs":["https:\/\/www.facebook.com\/concellodepontedeume\/"]}]}},"_links":{"self":[{"href":"https:\/\/www.pontedeume.gal\/es\/wp-json\/wp\/v2\/pages\/15316","targetHints":{"allow":["GET"]}}],"collection":[{"href":"https:\/\/www.pontedeume.gal\/es\/wp-json\/wp\/v2\/pages"}],"about":[{"href":"https:\/\/www.pontedeume.gal\/es\/wp-json\/wp\/v2\/types\/page"}],"author":[{"embeddable":true,"href":"https:\/\/www.pontedeume.gal\/es\/wp-json\/wp\/v2\/users\/3"}],"replies":[{"embeddable":true,"href":"https:\/\/www.pontedeume.gal\/es\/wp-json\/wp\/v2\/comments?post=15316"}],"version-history":[{"count":2,"href":"https:\/\/www.pontedeume.gal\/es\/wp-json\/wp\/v2\/pages\/15316\/revisions"}],"predecessor-version":[{"id":21056,"href":"https:\/\/www.pontedeume.gal\/es\/wp-json\/wp\/v2\/pages\/15316\/revisions\/21056"}],"up":[{"embeddable":true,"href":"https:\/\/www.pontedeume.gal\/es\/wp-json\/wp\/v2\/pages\/14361"}],"wp:attachment":[{"href":"https:\/\/www.pontedeume.gal\/es\/wp-json\/wp\/v2\/media?parent=15316"}],"curies":[{"name":"wp","href":"https:\/\/api.w.org\/{rel}","templated":true}]}}