{"id":14770,"date":"2017-10-05T15:37:39","date_gmt":"2017-10-05T15:37:39","guid":{"rendered":"https:\/\/www.pontedeume.gal\/?page_id=14770"},"modified":"2022-02-25T16:57:40","modified_gmt":"2022-02-25T15:57:40","slug":"historia","status":"publish","type":"page","link":"https:\/\/www.pontedeume.gal\/es\/descubre-pontedeume\/historia\/","title":{"rendered":"Historia"},"content":{"rendered":"<div id=\"cmsmasters_row_125736556d\" class=\"cmsmasters_row cmsmasters_color_scheme_default cmsmasters_row_top_default cmsmasters_row_bot_default cmsmasters_row_boxed\">\n<div class=\"cmsmasters_row_outer_parent\">\n<div class=\"cmsmasters_row_outer\">\n<div class=\"cmsmasters_row_inner\">\n<div class=\"cmsmasters_row_margin\">\n<div id=\"cmsmasters_column_\" class=\"cmsmasters_column one_first\">\n<div class=\"cmsmasters_column_inner\"><div id=\"cmsmasters_heading_a431b6c6e0\" class=\"cmsmasters_heading_wrap cmsmasters_heading_align_center\">\n\t<h2 class=\"cmsmasters_heading\">Historia de Pontedeume<\/h2>\n<\/div><div id=\"cmsmasters_heading_edb67079f2\" class=\"cmsmasters_heading_wrap cmsmasters_heading_align_center\">\n\t<h2 class=\"cmsmasters_heading\">Villa medieval<\/h2>\n<\/div><div class=\"cmsmasters_tabs tabs_mode_tab\">\n<ul class=\"cmsmasters_tabs_list\">\n<li id=\"cmsmasters_tabs_list_item_btqypl24x8\" class=\"cmsmasters_tabs_list_item\">\n<a href=\"#\">\n<span>Fundaci\u00f3n<\/span>\n<\/a>\n<\/li><li id=\"cmsmasters_tabs_list_item_aaowq8351x\" class=\"cmsmasters_tabs_list_item\">\n<a href=\"#\">\n<span>De 1850 a 1900<\/span>\n<\/a>\n<\/li><li id=\"cmsmasters_tabs_list_item_7xydba9o6\" class=\"cmsmasters_tabs_list_item\">\n<a href=\"#\">\n<span>De 1900 a 1950<\/span>\n<\/a>\n<\/li><li id=\"cmsmasters_tabs_list_item_jt3o12h6yy\" class=\"cmsmasters_tabs_list_item\">\n<a href=\"#\">\n<span>De 1950 a 2000<\/span>\n<\/a>\n<\/li><li id=\"cmsmasters_tabs_list_item_6ahibifa5\" class=\"cmsmasters_tabs_list_item current_tab\">\n<a href=\"#\">\n<span>Hoy<\/span>\n<\/a>\n<\/li><\/ul>\n<div class=\"cmsmasters_tabs_wrap\">\n<div id=\"cmsmasters_tab_btqypl24x8\" class=\"cmsmasters_tab\">\n<div class=\"cmsmasters_tab_inner\">\n<div><div id=\"cmsmasters_heading_hujzjkhte\" class=\"cmsmasters_heading_wrap cmsmasters_heading_align_center\">\n\t<h3 class=\"cmsmasters_heading\">Fundaci\u00f3n<\/h3>\n<\/div><div class=\"cmsmasters_text\">\n<\/div>\n<p>La historia de la comarca, entre los r\u00edos Belelle y Lambre, nos informa de que en estas tierras ya existen vestigios de organizaci\u00f3n social desde la \u00e9poca megal\u00edtica (a\u00f1os 4000-2000 a.C.), pues m\u00e1s de 118 \u201cm\u00e1moas\u201d se registran en el vecino Monfero. De la\u00a0<strong>cultura castrexa<\/strong>\u00a0(s. VIII a.C. hasta la romanizaci\u00f3n del siglo I d. C.) tambi\u00e9n quedaron huellas significativas en forma de piezas escult\u00f3ricas o de orfebrer\u00eda, como el Cuadrifaz de Pontedeume o los torques de Centro\u00f1a y de San Marti\u00f1o do Porto. Lo mismo ocurre con la romanizaci\u00f3n: la estela de S. Pedro de Grandal o las villas de Noville y Centro\u00f1a certifican la existencia de formas de vida y t\u00e9cnicas de explotaci\u00f3n agraria romanas. Con la aparici\u00f3n del Feudalismo (especialmente durante los siglos XI al XIII) comenz\u00f3 el protagonismo de los monasterios de Breamo, Caaveiro, Monfero y Montefaro, hasta el a\u00f1o 1270 con la\u00a0<strong>fundaci\u00f3n por Alfonso X\u00a0 \u201cEl Sabio\u201d de la villa y alfoz de Pontedeume<\/strong>, de se\u00f1or\u00edo real hasta 1371, pasando con posterioridad a la Casa de Andrade, condici\u00f3n que se mantuvo hasta la aparici\u00f3n, reflejada en la Constituci\u00f3n de 1837, de los nuevos ayuntamientos.<\/p>\n<p>Pontedeume se fund\u00f3 j<strong>unto a un puente de madera construida quiz\u00e1s en tiempo de la dominaci\u00f3n romana<\/strong>, puente de la que tom\u00f3 la villa el nombre. Razones econ\u00f3micas, de organizaci\u00f3n del territorio y de administraci\u00f3n eficaz justificaron la creaci\u00f3n de esta nueva y tard\u00eda puebla a la que se eximi\u00f3 de una serie de tributos, se concedi\u00f3 mercado cada mes, pesca libre y foro de Benavente, y en cuyo alfoz, extremadamente fragmentado, se integraron\u00a0<strong>una treintena de feligres\u00edas<\/strong>\u00a0situadas entre San Esteban de Perl\u00edo y el Divino Salvador de Coruxou; es dicir, todas aquellas tierras que en la comarca segu\u00edan perteneciendo a la jurisdicci\u00f3n real, notablemente inferior a la mon\u00e1stica por la presencia de los extensos\u00a0<strong>cotos de Caaveiro y Monfero<\/strong>\u00a0o los dominios de los cabildos de la catedral de Santiago y de Mondo\u00f1edo.<\/p>\n<p>En sus primeros cien a\u00f1os de existencia, la puebla se consolid\u00f3 como una\u00a0<strong>villa medieval<\/strong>, con catorce manzanas repartidas a ambos lados del Camino Real; la fuente de Chafar\u00eds, la plaza Mayor y una iglesia (que fue quiz\u00e1s la que actualmente es la capilla de la Vera Cruz, en la iglesia parroquial de Santiago). Todo esto rodeado de una muralla con tres puertas: la del Puente, la de la Villa y la de Porto, a las que posteriormente se unieron la del Postigo, en la confluencia de las calles Atahona y Picho, y las de la S\u00e1lga y Carnicer\u00eda, en la ribera del mar.<\/p>\n<p>En 1371 Enrique II le concedi\u00f3 a Fern\u00e1n P\u00e9rez de Andrade III la jurisdicci\u00f3n de Pontedeume y Ferrol, como pago por los servicios prestados en la guerra civil que lo enfrent\u00f3 con su hermano Pedro I. Titular del coto de Andrade y constructor del castillo en la pe\u00f1a Leboreira, Fern\u00e1n P\u00e9rez de Andrade III fue miembro de una de las familias de la nobleza comarcal que hab\u00eda tenido su origen a principios del siglo XII con Fortunio Berm\u00fadez y que creci\u00f3 ejerciendo el cargo de prestamero a la sombra de la nobleza condal, concentrando propiedades y encomendando a los\u00a0<strong>monasterios de Caaveiro y Monfero<\/strong>, donde se hicieron enterrar.<\/p>\n<p>Fern\u00e1n P\u00e9rez de Andrade III, apodado \u201cEl Bueno\u201d, fund\u00f3 el convento de Montefaro,\u00a0<strong>sustituy\u00f3 el puente de madera por otro de piedra<\/strong>, con la capilla y hospital del Esp\u00edritu Santo (que dej\u00f3 al cuidado de los frailes del citado convento), y posiblemente construy\u00f3 el palacio de los Andrade y ampli\u00f3 el recinto amurallado con la inclusi\u00f3n de la plaza del Conde. Muri\u00f3 en 1397 y fue enterrado en Betanzos. Este desapego hacia la villa no lo tuvo otro miembro destacado de la familia: Fernando de Andrade, I Conde de Andrade, general victorioso en las guerras de Italia. Fernando de Andrade reedific\u00f3 la capilla mayor de la iglesia de Santiago de Pontedeume en la que se hizo enterrar a su muerte, acaecida en 1541. Poco antes, en 1538, hab\u00eda fundado el\u00a0<strong>convento de San Agust\u00edn, actualmente Casa de la Cultura<\/strong>, que con los restos renacentistas del claustro y la fachada del siglo XVIII es uno de los monumentos m\u00e1s sobresalientes de la villa. Con el matrimonio de su hija Isabel y Fernando Ruiz de Castro, la casa de Andrade se uni\u00f3 a la de Lemos. Su mecenazgo, \u00faltimo de una familia que mantuvo el se\u00f1or\u00edo hasta la aparici\u00f3n de los ayuntamientos constitucionales (a\u00f1o 1835), se advierte en la Casa Consistorial y en el retablo mayor de la iglesia de Santiago.<\/p>\n<p>El crecimiento que tuvo la villa en la Edad Moderna, fruto de su actividad pesquera, industrial y artesanal, se vio frenado por la peste de finales del siglo XVI (por la que se construy\u00f3 la hoy desaparecida capilla de San Roque en la plaza del mismo nombre), y por los incendios de 1533 y 1607. Otro incendio, el de 1621, saldado sin graves consecuencias, seg\u00fan la tradici\u00f3n por la intercesi\u00f3n de San Nicol\u00e1s de Tolentino (venerado en el convento de los frailes agustinos), justific\u00f3 la conversi\u00f3n del Santo en co-patr\u00f3n de la villa. Junto a estas sombras hay que contraponer algunas luces: en 1580 Juan Beltr\u00e1n de Anido fund\u00f3 la\u00a0<strong>C\u00e1tedra de Latinidad<\/strong>\u00a0en la casa de su propiedad. Reconstruida en 1621 despu\u00e9s de sufrir el incendio general, ampliada en 1707 y reedificada en 1822, tras pasar por diversos usos hoy es la sede de la Biblioteca Municipal. Entre 1672 y 1680 el indiano Andr\u00e9s Copeiro y Parga reedific\u00f3 la iglesia de las Virtudes que hab\u00eda mandado construir a finales del siglo XIV Nu\u00f1o Freire de Andrade. Su retablo mayor de columnas salom\u00f3nicas y relicarios, realizado en el siglo XVIII, es obra destacada del Barroco. Y, sobre todo, destaca el mecenazgo del arzobispo de Santiago Don Bartolom\u00e9 Rajoy y Losada, fundador de las primeras escuelas permanentes, para cuya subsistencia asign\u00f3 las rentas de las lonjas que mand\u00f3 construir junto al puerto; y reedific\u00f3 entre 1756 y 1763 la<strong>\u00a0iglesia de Santiago<\/strong>, notable obra proyectada por Frey Manuel de los M\u00e1rtires y ejecutada por Alberto Ricoy. Entre su rico mobiliario destacan el Santiago Sedente de finales del siglo XIV; el Cristo de la Vera Cruz, del siglo XVI; el de las \u00c1nimas, probablemente obra del afamado escultor Jos\u00e9 Ferreiro; y el paso del Nazanero, de Jos\u00e9 Gambino. Obras a las que habr\u00eda que a\u00f1adir dos piezas de orfebrer\u00eda de gran valor: el Portapaz donado por Fernando de Andrade y la Custodia donada por el arzobispo Rajoy, reproducci\u00f3n del Altar Mayor de la Catedral de Lugo.<\/p>\n<\/div>\n<\/div>\n<\/div><div id=\"cmsmasters_tab_aaowq8351x\" class=\"cmsmasters_tab\">\n<div class=\"cmsmasters_tab_inner\">\n<div><div id=\"cmsmasters_heading_ouyrbaum2c\" class=\"cmsmasters_heading_wrap cmsmasters_heading_align_center\">\n\t<h3 class=\"cmsmasters_heading\">De 1850 a 1900<\/h3>\n<\/div><div class=\"cmsmasters_text\">\n<\/div>\n<p>El Pontedeume medieval, despu\u00e9s de desbordar la muralla en \u00e9poca Moderna, tuvo una gran expansi\u00f3n. El proceso comenz\u00f3 con la\u00a0<strong>desamortizaci\u00f3n del convento de San Agust\u00edn<\/strong>, cuya iglesia fue demolida para abrir en 1867 la\u00a0<strong>avenida de Rajoy<\/strong>, necesaria para una r\u00e1pida comunicaci\u00f3n con la carretera de A Coru\u00f1a. Esta carretera fue\u00a0<strong>construida en 1856<\/strong>, en un proyecto que incluy\u00f3 la sustituci\u00f3n del puente antiguo, obra que no se llev\u00f3 a cabo hasta 1863. <\/p>\n<\/div>\n<\/div>\n<\/div><div id=\"cmsmasters_tab_7xydba9o6\" class=\"cmsmasters_tab\">\n<div class=\"cmsmasters_tab_inner\">\n<div><div id=\"cmsmasters_heading_k1m9f6d93c\" class=\"cmsmasters_heading_wrap cmsmasters_heading_align_center\">\n\t<h3 class=\"cmsmasters_heading\">De 1900 a 1950<\/h3>\n<\/div><div class=\"cmsmasters_text\">\n<\/div>\n<p>Hacia el oeste, la necesidad de favorecer el acceso a<strong>\u00a0la estaci\u00f3n de ferrocarril<\/strong>\u00a0justific\u00f3 la expropiaci\u00f3n, en 1904, de la huerta y palacio del duque de Alba y la apertura en 1911 de la avenida de Lombardero, a la vez que se decidi\u00f3 dejar la parte norte como espacio no transferible: el\u00a0<strong>Jard\u00edn de Lombardero<\/strong>. En 1936 desapareci\u00f3 el resto del pazo ampli\u00e1ndose notablemente la plaza del Conde, donde, en 1952, se construy\u00f3 el mercado y desde 1977 se viene celebrando el\u00a0<strong>sabatino y popular Feir\u00f3n<\/strong>. <\/p>\n<\/div>\n<\/div>\n<\/div><div id=\"cmsmasters_tab_jt3o12h6yy\" class=\"cmsmasters_tab\">\n<div class=\"cmsmasters_tab_inner\">\n<div><div id=\"cmsmasters_heading_h6c2ov3bkw\" class=\"cmsmasters_heading_wrap cmsmasters_heading_align_center\">\n\t<h3 class=\"cmsmasters_heading\">De 1950 a 2000<\/h3>\n<\/div><div class=\"cmsmasters_text\">\n<\/div>\n<p>La expansi\u00f3n ganando terreno a la r\u00eda no fue menor:\u00a0<strong>el muelle<\/strong>, en principio un estrecho espacio al pie de la muralla, tuvo diversas ampliaciones, desde la favorecida en 1863 por el diputado Frutos Saavedra hasta la ampliaci\u00f3n de la d\u00e9cada de los sesenta del siglo XX. Hacia el este, la desecaci\u00f3n de las marismas comenz\u00f3 en las Gabarras, donde se construy\u00f3 entre 1947 y 1951 un tramo de la avenida Ricardo S\u00e1nchez y en 1954 el parque Alcalde Sarmiento. Este proceso termin\u00f3 con el actual paseo mar\u00edtimo (inaugurado en 1996). <\/p>\n<\/div>\n<\/div>\n<\/div><div id=\"cmsmasters_tab_6ahibifa5\" class=\"cmsmasters_tab active_tab\">\n<div class=\"cmsmasters_tab_inner\">\n<div><div id=\"cmsmasters_heading_tg0miup5sl\" class=\"cmsmasters_heading_wrap cmsmasters_heading_align_center\">\n\t<h3 class=\"cmsmasters_heading\">Hoy<\/h3>\n<\/div><div class=\"cmsmasters_text\">\n<\/div>\n<p>En la actualidad, la villa y Municipio de Pontedeume pasan por ser un punto de referencia hist\u00f3rico, cultural, tur\u00edstico y natural de su comarca y alrededores. Es una de las puertas de entrada del parque natural de las Fragas del Eume, donde nacen la carretera que lleva al monasterio de Caaveiro y una de las que va hasta el monasterio de Monfero, as\u00ed como a muchas de las rutas de senderismo de las Fragas. Al mismo tiempo, constituye uno de los pasos m\u00e1s destacados del Camino Ingl\u00e9s a Santiago, con su puente de piedra y casco hist\u00f3rico de origen medieval. A todo esto habr\u00eda que a\u00f1adir su enorme variedad cultural y de servicios, con numerosas alternativas tanto de ocio como de descanso: actividades deportivas y culturales, numerosas y variadas fiestas, playas y, por supuesto, numerosos locales de hosteler\u00eda, alojamiento y comercio, convirtiendo la villa de Pontedeume en un agradable lugar de residencia as\u00ed como tambi\u00e9n en un punto de referencia tur\u00edstica. <\/p>\n<\/div>\n<\/div>\n<\/div><\/div>\n<\/div>\n<\/div><\/div>\n<\/div>\n<\/div>\n<\/div>\n<\/div>\n<\/div>\n<div id=\"cmsmasters_row_dbewecuznt\" class=\"cmsmasters_row cmsmasters_color_scheme_default cmsmasters_row_top_default cmsmasters_row_bot_default cmsmasters_row_boxed\">\n<div class=\"cmsmasters_row_outer_parent\">\n<div class=\"cmsmasters_row_outer\">\n<div class=\"cmsmasters_row_inner\">\n<div class=\"cmsmasters_row_margin\">\n<div id=\"cmsmasters_column_a7jrrt5ll\" class=\"cmsmasters_column one_first\">\n<div class=\"cmsmasters_column_inner\"><div class=\"custom_html\">\n<iframe width=1280' height='580' src='https:\/\/evidens.ilux.es\/cloud\/instance\/embed\/59f04868612952038025388d\/select\/Pontedeume_FotografiaHistorica'><\/iframe>\n<\/div>\n<\/div><\/div>\n<\/div>\n<\/div>\n<\/div>\n<\/div>\n<\/div>\n<div id=\"cmsmasters_row_f75bb37659\" class=\"cmsmasters_row cmsmasters_color_scheme_default cmsmasters_row_top_default cmsmasters_row_bot_default cmsmasters_row_boxed\">\n<div class=\"cmsmasters_row_outer_parent\">\n<div class=\"cmsmasters_row_outer\">\n<div class=\"cmsmasters_row_inner\">\n<div class=\"cmsmasters_row_margin\">\n<div id=\"cmsmasters_column_\" class=\"cmsmasters_column one_first\">\n<div class=\"cmsmasters_column_inner\"><div id=\"cmsmasters_heading_f50ec741d1\" class=\"cmsmasters_heading_wrap cmsmasters_heading_align_center\">\n\t<h2 class=\"cmsmasters_heading\">Her\u00e1ldica<\/h2>\n<\/div>\n<div id=\"cmsmasters_divider_6hh3328wus\" class=\"cmsmasters_divider cmsmasters_divider_width_long cmsmasters_divider_pos_center\"><\/div>\n<\/div><\/div>\n<\/div>\n<\/div>\n<\/div>\n<\/div>\n<\/div>\n<div id=\"cmsmasters_row_333344c628\" class=\"cmsmasters_row cmsmasters_color_scheme_default cmsmasters_row_top_default cmsmasters_row_bot_default cmsmasters_row_boxed\">\n<div class=\"cmsmasters_row_outer_parent\">\n<div class=\"cmsmasters_row_outer\">\n<div class=\"cmsmasters_row_inner\">\n<div class=\"cmsmasters_row_margin\">\n<div id=\"cmsmasters_column_\" class=\"cmsmasters_column one_half\">\n<div class=\"cmsmasters_column_inner\"><div class=\"cmsmasters_text\">\n<p>El Ayuntamiento de Pontedeume consider\u00f3 conveniente adoptar unas armas o bras\u00f3n propio e el que, con simbolog\u00eda adecuada y conforme a las tradicionales pautas de presentaci\u00f3n de los emblemas her\u00e1ldicos, se represente y perpet\u00fae su propia peculiaridad.<\/p>\n<\/div>\n<\/div><\/div>\n<div id=\"cmsmasters_column_\" class=\"cmsmasters_column one_half\">\n<div class=\"cmsmasters_column_inner\"><div class=\"cmsmasters_text\">\n<p>Para eso, y de acuerdo con las facultades que le confieren las disposiciones legales vigentes, elev\u00f3 el informe hist\u00f3rico-her\u00e1ldico, con su correspondiente blasonamiento y representaci\u00f3n gr\u00e1fica, para su aprobaci\u00f3n definitiva.<\/p>\n<\/div>\n<\/div><\/div>\n<\/div>\n<\/div>\n<\/div>\n<\/div>\n<\/div>\n<div id=\"cmsmasters_row_ca8190f646\" class=\"cmsmasters_row cmsmasters_color_scheme_default cmsmasters_row_top_default cmsmasters_row_bot_default cmsmasters_row_boxed\">\n<div class=\"cmsmasters_row_outer_parent\">\n<div class=\"cmsmasters_row_outer\">\n<div class=\"cmsmasters_row_inner\">\n<div class=\"cmsmasters_row_margin\">\n<div id=\"cmsmasters_column_\" class=\"cmsmasters_column one_first\">\n<div class=\"cmsmasters_column_inner\"><div id=\"cmsmasters_fb_e11345052a\" class=\"cmsmasters_featured_block\">\n<div class=\"featured_block_inner\">\n<div class=\"featured_block_text\">\n<h4><span style=\"color: #ffffff;\">Escudo de Pontedeume<\/span><\/h4>\n<p style=\"color: #ffffff;\">El escudo her\u00e1ldico del Ayuntamiento de Pontedeume queda organizado del siguiente modo: De azur (azul), y sobre ondas de azur y plata (blanco), un puente de plata sumado, a la derecha, de un oso de oro (amarillo), pasante y contornado, y, a la izquierda, de un jabal\u00ed pasante, del mismo, y surmontado en el centro de una torre de plata. Al timbre, corona real cerrada.<\/p>\n\n<\/div>\n<\/div>\n<\/div>\n<\/div><\/div>\n<\/div>\n<\/div>\n<\/div>\n<\/div>\n<\/div>\n<div id=\"cmsmasters_row_eosiddpt3e\" class=\"cmsmasters_row cmsmasters_color_scheme_default cmsmasters_row_top_default cmsmasters_row_bot_default cmsmasters_row_boxed\">\n<div class=\"cmsmasters_row_outer_parent\">\n<div class=\"cmsmasters_row_outer\">\n<div class=\"cmsmasters_row_inner\">\n<div class=\"cmsmasters_row_margin\">\n<div id=\"cmsmasters_column_fso1wb1i1l\" class=\"cmsmasters_column one_first\">\n<div class=\"cmsmasters_column_inner\"><div id=\"cmsmasters_fb_rl2ararweg\" class=\"cmsmasters_featured_block\">\n<div class=\"featured_block_inner\">\n<div class=\"featured_block_text\">\n<h4><span style=\"color: #ffffff;\">Bandera de Pontedeume<\/span><\/h4>\n<p style=\"color: #ffffff;\">La bandera del Ayuntamiento de Pontedeume queda organizada del siguiente modo: sobre pa\u00f1o verde, la banda de amarillo.<\/p>\n\n<\/div>\n<\/div>\n<\/div>\n<\/div><\/div>\n<\/div>\n<\/div>\n<\/div>\n<\/div>\n<\/div>\n\n","protected":false},"excerpt":{"rendered":"","protected":false},"author":3,"featured_media":0,"parent":14361,"menu_order":0,"comment_status":"closed","ping_status":"closed","template":"","meta":{"inline_featured_image":false,"footnotes":""},"class_list":["post-14770","page","type-page","status-publish","hentry"],"yoast_head":"<!-- This site is optimized with the Yoast SEO plugin v26.2 - https:\/\/yoast.com\/wordpress\/plugins\/seo\/ -->\n<title>Historia | Concello de Pontedeume<\/title>\n<meta name=\"description\" content=\"Historia del Ayuntamiento de Pontedeume\" \/>\n<meta name=\"robots\" content=\"index, follow, max-snippet:-1, max-image-preview:large, max-video-preview:-1\" \/>\n<link rel=\"canonical\" href=\"https:\/\/www.pontedeume.gal\/es\/descubre-pontedeume\/historia\/\" \/>\n<meta property=\"og:locale\" content=\"es_ES\" \/>\n<meta property=\"og:type\" content=\"article\" \/>\n<meta property=\"og:title\" content=\"Historia | Concello de Pontedeume\" \/>\n<meta property=\"og:description\" content=\"Historia del Ayuntamiento de Pontedeume\" \/>\n<meta property=\"og:url\" content=\"https:\/\/www.pontedeume.gal\/es\/descubre-pontedeume\/historia\/\" \/>\n<meta property=\"og:site_name\" content=\"Concello de Pontedeume\" \/>\n<meta property=\"article:publisher\" content=\"https:\/\/www.facebook.com\/concellodepontedeume\/\" \/>\n<meta property=\"article:modified_time\" content=\"2022-02-25T15:57:40+00:00\" \/>\n<meta property=\"og:image\" content=\"https:\/\/www.pontedeume.gal\/wp-content\/uploads\/2021\/12\/logotipo.png\" \/>\n\t<meta property=\"og:image:width\" content=\"673\" \/>\n\t<meta property=\"og:image:height\" content=\"200\" \/>\n\t<meta property=\"og:image:type\" content=\"image\/png\" \/>\n<meta name=\"twitter:label1\" content=\"Tiempo de lectura\" \/>\n\t<meta name=\"twitter:data1\" content=\"13 minutos\" \/>\n<script type=\"application\/ld+json\" class=\"yoast-schema-graph\">{\"@context\":\"https:\/\/schema.org\",\"@graph\":[{\"@type\":\"WebPage\",\"@id\":\"https:\/\/www.pontedeume.gal\/es\/descubre-pontedeume\/historia\/\",\"url\":\"https:\/\/www.pontedeume.gal\/es\/descubre-pontedeume\/historia\/\",\"name\":\"Historia | Concello de Pontedeume\",\"isPartOf\":{\"@id\":\"https:\/\/www.pontedeume.gal\/es\/#website\"},\"datePublished\":\"2017-10-05T15:37:39+00:00\",\"dateModified\":\"2022-02-25T15:57:40+00:00\",\"description\":\"Historia del Ayuntamiento de Pontedeume\",\"breadcrumb\":{\"@id\":\"https:\/\/www.pontedeume.gal\/es\/descubre-pontedeume\/historia\/#breadcrumb\"},\"inLanguage\":\"es\",\"potentialAction\":[{\"@type\":\"ReadAction\",\"target\":[\"https:\/\/www.pontedeume.gal\/es\/descubre-pontedeume\/historia\/\"]}]},{\"@type\":\"BreadcrumbList\",\"@id\":\"https:\/\/www.pontedeume.gal\/es\/descubre-pontedeume\/historia\/#breadcrumb\",\"itemListElement\":[{\"@type\":\"ListItem\",\"position\":1,\"name\":\"Home\",\"item\":\"https:\/\/www.pontedeume.gal\/es\/\"},{\"@type\":\"ListItem\",\"position\":2,\"name\":\"Descubre Pontedeume\",\"item\":\"https:\/\/www.pontedeume.gal\/es\/descubre-pontedeume\/\"},{\"@type\":\"ListItem\",\"position\":3,\"name\":\"Historia\"}]},{\"@type\":\"WebSite\",\"@id\":\"https:\/\/www.pontedeume.gal\/es\/#website\",\"url\":\"https:\/\/www.pontedeume.gal\/es\/\",\"name\":\"Concello de Pontedeume\",\"description\":\"P\u00e1xina oficial do Concello de Pontedeume\",\"publisher\":{\"@id\":\"https:\/\/www.pontedeume.gal\/es\/#organization\"},\"potentialAction\":[{\"@type\":\"SearchAction\",\"target\":{\"@type\":\"EntryPoint\",\"urlTemplate\":\"https:\/\/www.pontedeume.gal\/es\/?s={search_term_string}\"},\"query-input\":{\"@type\":\"PropertyValueSpecification\",\"valueRequired\":true,\"valueName\":\"search_term_string\"}}],\"inLanguage\":\"es\"},{\"@type\":\"Organization\",\"@id\":\"https:\/\/www.pontedeume.gal\/es\/#organization\",\"name\":\"Concello de Pontedeume\",\"url\":\"https:\/\/www.pontedeume.gal\/es\/\",\"logo\":{\"@type\":\"ImageObject\",\"inLanguage\":\"es\",\"@id\":\"https:\/\/www.pontedeume.gal\/es\/#\/schema\/logo\/image\/\",\"url\":\"https:\/\/www.pontedeume.gal\/wp-content\/uploads\/2021\/12\/logotipo.png\",\"contentUrl\":\"https:\/\/www.pontedeume.gal\/wp-content\/uploads\/2021\/12\/logotipo.png\",\"width\":673,\"height\":200,\"caption\":\"Concello de Pontedeume\"},\"image\":{\"@id\":\"https:\/\/www.pontedeume.gal\/es\/#\/schema\/logo\/image\/\"},\"sameAs\":[\"https:\/\/www.facebook.com\/concellodepontedeume\/\"]}]}<\/script>\n<!-- \/ Yoast SEO plugin. -->","yoast_head_json":{"title":"Historia | Concello de Pontedeume","description":"Historia del Ayuntamiento de Pontedeume","robots":{"index":"index","follow":"follow","max-snippet":"max-snippet:-1","max-image-preview":"max-image-preview:large","max-video-preview":"max-video-preview:-1"},"canonical":"https:\/\/www.pontedeume.gal\/es\/descubre-pontedeume\/historia\/","og_locale":"es_ES","og_type":"article","og_title":"Historia | Concello de Pontedeume","og_description":"Historia del Ayuntamiento de Pontedeume","og_url":"https:\/\/www.pontedeume.gal\/es\/descubre-pontedeume\/historia\/","og_site_name":"Concello de Pontedeume","article_publisher":"https:\/\/www.facebook.com\/concellodepontedeume\/","article_modified_time":"2022-02-25T15:57:40+00:00","og_image":[{"width":673,"height":200,"url":"https:\/\/www.pontedeume.gal\/wp-content\/uploads\/2021\/12\/logotipo.png","type":"image\/png"}],"twitter_misc":{"Tiempo de lectura":"13 minutos"},"schema":{"@context":"https:\/\/schema.org","@graph":[{"@type":"WebPage","@id":"https:\/\/www.pontedeume.gal\/es\/descubre-pontedeume\/historia\/","url":"https:\/\/www.pontedeume.gal\/es\/descubre-pontedeume\/historia\/","name":"Historia | Concello de Pontedeume","isPartOf":{"@id":"https:\/\/www.pontedeume.gal\/es\/#website"},"datePublished":"2017-10-05T15:37:39+00:00","dateModified":"2022-02-25T15:57:40+00:00","description":"Historia del Ayuntamiento de Pontedeume","breadcrumb":{"@id":"https:\/\/www.pontedeume.gal\/es\/descubre-pontedeume\/historia\/#breadcrumb"},"inLanguage":"es","potentialAction":[{"@type":"ReadAction","target":["https:\/\/www.pontedeume.gal\/es\/descubre-pontedeume\/historia\/"]}]},{"@type":"BreadcrumbList","@id":"https:\/\/www.pontedeume.gal\/es\/descubre-pontedeume\/historia\/#breadcrumb","itemListElement":[{"@type":"ListItem","position":1,"name":"Home","item":"https:\/\/www.pontedeume.gal\/es\/"},{"@type":"ListItem","position":2,"name":"Descubre Pontedeume","item":"https:\/\/www.pontedeume.gal\/es\/descubre-pontedeume\/"},{"@type":"ListItem","position":3,"name":"Historia"}]},{"@type":"WebSite","@id":"https:\/\/www.pontedeume.gal\/es\/#website","url":"https:\/\/www.pontedeume.gal\/es\/","name":"Concello de Pontedeume","description":"P\u00e1xina oficial do Concello de Pontedeume","publisher":{"@id":"https:\/\/www.pontedeume.gal\/es\/#organization"},"potentialAction":[{"@type":"SearchAction","target":{"@type":"EntryPoint","urlTemplate":"https:\/\/www.pontedeume.gal\/es\/?s={search_term_string}"},"query-input":{"@type":"PropertyValueSpecification","valueRequired":true,"valueName":"search_term_string"}}],"inLanguage":"es"},{"@type":"Organization","@id":"https:\/\/www.pontedeume.gal\/es\/#organization","name":"Concello de Pontedeume","url":"https:\/\/www.pontedeume.gal\/es\/","logo":{"@type":"ImageObject","inLanguage":"es","@id":"https:\/\/www.pontedeume.gal\/es\/#\/schema\/logo\/image\/","url":"https:\/\/www.pontedeume.gal\/wp-content\/uploads\/2021\/12\/logotipo.png","contentUrl":"https:\/\/www.pontedeume.gal\/wp-content\/uploads\/2021\/12\/logotipo.png","width":673,"height":200,"caption":"Concello de Pontedeume"},"image":{"@id":"https:\/\/www.pontedeume.gal\/es\/#\/schema\/logo\/image\/"},"sameAs":["https:\/\/www.facebook.com\/concellodepontedeume\/"]}]}},"_links":{"self":[{"href":"https:\/\/www.pontedeume.gal\/es\/wp-json\/wp\/v2\/pages\/14770","targetHints":{"allow":["GET"]}}],"collection":[{"href":"https:\/\/www.pontedeume.gal\/es\/wp-json\/wp\/v2\/pages"}],"about":[{"href":"https:\/\/www.pontedeume.gal\/es\/wp-json\/wp\/v2\/types\/page"}],"author":[{"embeddable":true,"href":"https:\/\/www.pontedeume.gal\/es\/wp-json\/wp\/v2\/users\/3"}],"replies":[{"embeddable":true,"href":"https:\/\/www.pontedeume.gal\/es\/wp-json\/wp\/v2\/comments?post=14770"}],"version-history":[{"count":1,"href":"https:\/\/www.pontedeume.gal\/es\/wp-json\/wp\/v2\/pages\/14770\/revisions"}],"predecessor-version":[{"id":21074,"href":"https:\/\/www.pontedeume.gal\/es\/wp-json\/wp\/v2\/pages\/14770\/revisions\/21074"}],"up":[{"embeddable":true,"href":"https:\/\/www.pontedeume.gal\/es\/wp-json\/wp\/v2\/pages\/14361"}],"wp:attachment":[{"href":"https:\/\/www.pontedeume.gal\/es\/wp-json\/wp\/v2\/media?parent=14770"}],"curies":[{"name":"wp","href":"https:\/\/api.w.org\/{rel}","templated":true}]}}